{"id":225677,"date":"2026-03-05T11:45:55","date_gmt":"2026-03-05T10:45:55","guid":{"rendered":"https:\/\/saintchaumond.es\/?page_id=225677"},"modified":"2026-03-05T17:01:59","modified_gmt":"2026-03-05T16:01:59","slug":"nueva-sede","status":"publish","type":"page","link":"https:\/\/saintchaumond.es\/es\/nueva-sede\/","title":{"rendered":"Nueva sede"},"content":{"rendered":"<p>[et_pb_section fb_built=\u00bb1&#8243; fullwidth=\u00bbon\u00bb _builder_version=\u00bb4.19.5&#8243; background_color=\u00bb#000000&#8243; custom_padding=\u00bb|||\u00bb locked=\u00bboff\u00bb global_colors_info=\u00bb{}\u00bb][et_pb_fullwidth_header title=\u00bbNueva sede\u00bb text_orientation=\u00bbcenter\u00bb background_overlay_color=\u00bbrgba(30,29,28,0.27)\u00bb _builder_version=\u00bb4.27.5&#8243; title_font=\u00bbPrompt|200|||||||\u00bb title_text_color=\u00bb#ffffff\u00bb title_font_size=\u00bb90px\u00bb title_line_height=\u00bb1.2em\u00bb subhead_font=\u00bbPrompt|300|||||||\u00bb subhead_text_color=\u00bb#ffffff\u00bb subhead_font_size=\u00bb27px\u00bb subhead_line_height=\u00bb1.7em\u00bb background_color=\u00bb#7ABDE9&#8243; background_enable_image=\u00bboff\u00bb background_position=\u00bbtop_center\u00bb background_vertical_offset=\u00bb43%\u00bb background_repeat=\u00bbrepeat\u00bb background_layout=\u00bblight\u00bb custom_margin=\u00bb|||\u00bb custom_padding=\u00bb||||true|false\u00bb custom_padding_tablet=\u00bb||||true|false\u00bb custom_padding_phone=\u00bb||||true|false\u00bb custom_padding_last_edited=\u00bbon|tablet\u00bb animation_style=\u00bbfade\u00bb animation_direction=\u00bbbottom\u00bb animation_duration=\u00bb800ms\u00bb title_font_size_tablet=\u00bb63px\u00bb title_font_size_phone=\u00bb49px\u00bb title_font_size_last_edited=\u00bbon|phone\u00bb global_colors_info=\u00bb{}\u00bb button_one_text_size__hover_enabled=\u00bboff\u00bb button_two_text_size__hover_enabled=\u00bboff\u00bb button_one_text_color__hover_enabled=\u00bboff\u00bb button_two_text_color__hover_enabled=\u00bboff\u00bb button_one_border_width__hover_enabled=\u00bboff\u00bb button_two_border_width__hover_enabled=\u00bboff\u00bb button_one_border_color__hover_enabled=\u00bboff\u00bb button_two_border_color__hover_enabled=\u00bboff\u00bb button_one_border_radius__hover_enabled=\u00bboff\u00bb button_two_border_radius__hover_enabled=\u00bboff\u00bb button_one_letter_spacing__hover_enabled=\u00bboff\u00bb button_two_letter_spacing__hover_enabled=\u00bboff\u00bb button_one_bg_color__hover_enabled=\u00bboff\u00bb button_two_bg_color__hover_enabled=\u00bboff\u00bb][\/et_pb_fullwidth_header][\/et_pb_section][et_pb_section fb_built=\u00bb1&#8243; _builder_version=\u00bb4.27.5&#8243; _module_preset=\u00bbdefault\u00bb global_colors_info=\u00bb{}\u00bb][et_pb_row _builder_version=\u00bb4.27.5&#8243; _module_preset=\u00bbdefault\u00bb global_colors_info=\u00bb{}\u00bb][et_pb_column type=\u00bb4_4&#8243; _builder_version=\u00bb4.27.5&#8243; _module_preset=\u00bbdefault\u00bb global_colors_info=\u00bb{}\u00bb][et_pb_image src=\u00bbhttps:\/\/saintchaumond.es\/wp-content\/uploads\/2026\/03\/E14-2-1.png\u00bb title_text=\u00bbE14-2&#8243; _builder_version=\u00bb4.27.5&#8243; _module_preset=\u00bbdefault\u00bb global_colors_info=\u00bb{}\u00bb][\/et_pb_image][et_pb_text _builder_version=\u00bb4.27.5&#8243; _module_preset=\u00bbdefault\u00bb global_colors_info=\u00bb{}\u00bb]<\/p>\n<p><strong><span class=\"notion-enable-hover\" data-token-index=\"0\">Madrid, 19 de diciembre de 2025<\/span><\/strong><\/p>\n<p>Con el objetivo de ampliar y mejorar su proyecto educativo, la Uni\u00f3n-Chr\u00e9tienne de Saint Chaumond ha formalizado la adquisici\u00f3n de la finca conocida como\u00a0<span class=\"notion-enable-hover\" data-token-index=\"2\">Piscina Stella<\/span>, situada en la calle Arturo Soria 231.<\/p>\n<p>La propiedad cuenta con una superficie aproximada de 8.000 m\u00b2, en la que se encuentra un edificio emblem\u00e1tico de unos 4.000 m\u00b2, f\u00e1cilmente visible desde la zona norte de la M-30, rodeado de amplios y frondosos jardines.<\/p>\n<p>La operaci\u00f3n se ha llevado a cabo con la intermediaci\u00f3n de la agencia Top Real Estate, cumpliendo estrictamente con toda la normativa urban\u00edstica, art\u00edstica y medioambiental aplicable tanto al edificio como a sus jardines. El proyecto contempla la adaptaci\u00f3n del edificio existente para uso educativo, conservando su hist\u00f3rica fachada, as\u00ed como la construcci\u00f3n de nuevas edificaciones escolares y de las correspondientes instalaciones deportivas. El plazo previsto para la ejecuci\u00f3n de las obras es de, al menos, dos a\u00f1os.<\/p>\n<p>Una vez finalizado el desarrollo, el actual complejo de Piscina Stella se convertir\u00e1 en un nuevo centro educativo en el que la ense\u00f1anza se impartir\u00e1 de forma diferenciada a ni\u00f1os y ni\u00f1as, en coherencia con el modelo educativo del colegio.<\/p>\n<ul>\n<li>Las ni\u00f1as cursar\u00e1n en este nuevo centro las etapas de infantil y primaria, para trasladarse posteriormente a la sede de Rodr\u00edguez Mar\u00edn.<\/li>\n<li>Los ni\u00f1os realizar\u00e1n su escolaridad en el nuevo colegio, salvo los dos \u00faltimos a\u00f1os, que tambi\u00e9n se desarrollar\u00e1n en la sede de Rodr\u00edguez Mar\u00edn.<\/li>\n<\/ul>\n<p>Cuando el nuevo campus est\u00e9 plenamente operativo, los actuales centros de Alfonso XIII (Sainte C\u00e9cile) y de Comandante Franco (Saint Vincent) dejar\u00e1n de ser utilizados por el colegio.<\/p>\n<p>Este proyecto permitir\u00e1 al colegio disponer de excelentes instalaciones deportivas y de amplias zonas exteriores especialmente acondicionadas para los alumnos, favoreciendo su bienestar, su desarrollo integral y su actividad educativa en un entorno seguro, moderno y plenamente adaptado a las necesidades actuales de la comunidad educativa.<\/p>\n<p>Somos conscientes de que este ambicioso desarrollo puede suponer cambios para algunas familias, pero se ha concebido pensando en el inter\u00e9s general de los alumnos y de sus padres, que en su gran mayor\u00eda se ver\u00e1n ampliamente beneficiados.<\/p>\n<p>A lo largo del proceso se ir\u00e1 facilitando informaci\u00f3n adicional, en particular sobre las fechas previstas de apertura del nuevo centro.<\/p>\n<p>[\/et_pb_text][\/et_pb_column][\/et_pb_row][et_pb_row column_structure=\u00bb1_3,1_3,1_3&#8243; use_custom_gutter=\u00bbon\u00bb gutter_width=\u00bb2&#8243; _builder_version=\u00bb4.27.5&#8243; _module_preset=\u00bbdefault\u00bb global_colors_info=\u00bb{}\u00bb][et_pb_column type=\u00bb1_3&#8243; _builder_version=\u00bb4.27.5&#8243; _module_preset=\u00bbdefault\u00bb global_colors_info=\u00bb{}\u00bb][et_pb_image src=\u00bbhttps:\/\/saintchaumond.es\/wp-content\/uploads\/2026\/03\/E14-2.jpg\u00bb title_text=\u00bbE14-2&#8243; _builder_version=\u00bb4.27.5&#8243; _module_preset=\u00bbdefault\u00bb hover_enabled=\u00bb0&#8243; global_colors_info=\u00bb{}\u00bb show_in_lightbox=\u00bbon\u00bb sticky_enabled=\u00bb0&#8243;][\/et_pb_image][\/et_pb_column][et_pb_column type=\u00bb1_3&#8243; _builder_version=\u00bb4.27.5&#8243; _module_preset=\u00bbdefault\u00bb global_colors_info=\u00bb{}\u00bb][et_pb_image src=\u00bbhttps:\/\/saintchaumond.es\/wp-content\/uploads\/2026\/03\/EM4.jpg\u00bb title_text=\u00bbEM4&#8243; _builder_version=\u00bb4.27.5&#8243; _module_preset=\u00bbdefault\u00bb global_colors_info=\u00bb{}\u00bb show_in_lightbox=\u00bbon\u00bb][\/et_pb_image][\/et_pb_column][et_pb_column type=\u00bb1_3&#8243; _builder_version=\u00bb4.27.5&#8243; _module_preset=\u00bbdefault\u00bb global_colors_info=\u00bb{}\u00bb][et_pb_image src=\u00bbhttps:\/\/saintchaumond.es\/wp-content\/uploads\/2026\/03\/E1.jpg\u00bb title_text=\u00bbE1&#8243; _builder_version=\u00bb4.27.5&#8243; _module_preset=\u00bbdefault\u00bb global_colors_info=\u00bb{}\u00bb show_in_lightbox=\u00bbon\u00bb][\/et_pb_image][\/et_pb_column][\/et_pb_row][et_pb_row column_structure=\u00bb1_3,1_3,1_3&#8243; use_custom_gutter=\u00bbon\u00bb gutter_width=\u00bb2&#8243; _builder_version=\u00bb4.27.5&#8243; _module_preset=\u00bbdefault\u00bb global_colors_info=\u00bb{}\u00bb][et_pb_column type=\u00bb1_3&#8243; _builder_version=\u00bb4.27.5&#8243; _module_preset=\u00bbdefault\u00bb global_colors_info=\u00bb{}\u00bb][et_pb_image src=\u00bbhttps:\/\/saintchaumond.es\/wp-content\/uploads\/2026\/03\/E10.jpg\u00bb title_text=\u00bbE10&#8243; _builder_version=\u00bb4.27.5&#8243; _module_preset=\u00bbdefault\u00bb global_colors_info=\u00bb{}\u00bb show_in_lightbox=\u00bbon\u00bb][\/et_pb_image][\/et_pb_column][et_pb_column type=\u00bb1_3&#8243; _builder_version=\u00bb4.27.5&#8243; _module_preset=\u00bbdefault\u00bb global_colors_info=\u00bb{}\u00bb][et_pb_image src=\u00bbhttps:\/\/saintchaumond.es\/wp-content\/uploads\/2026\/03\/E9.jpg\u00bb title_text=\u00bbE9&#8243; _builder_version=\u00bb4.27.5&#8243; _module_preset=\u00bbdefault\u00bb global_colors_info=\u00bb{}\u00bb show_in_lightbox=\u00bbon\u00bb][\/et_pb_image][\/et_pb_column][et_pb_column type=\u00bb1_3&#8243; _builder_version=\u00bb4.27.5&#8243; _module_preset=\u00bbdefault\u00bb global_colors_info=\u00bb{}\u00bb][et_pb_image src=\u00bbhttps:\/\/saintchaumond.es\/wp-content\/uploads\/2026\/03\/E8.jpg\u00bb title_text=\u00bbE8&#8243; _builder_version=\u00bb4.27.5&#8243; _module_preset=\u00bbdefault\u00bb global_colors_info=\u00bb{}\u00bb show_in_lightbox=\u00bbon\u00bb][\/et_pb_image][\/et_pb_column][\/et_pb_row][et_pb_row column_structure=\u00bb1_3,1_3,1_3&#8243; use_custom_gutter=\u00bbon\u00bb gutter_width=\u00bb2&#8243; _builder_version=\u00bb4.27.5&#8243; _module_preset=\u00bbdefault\u00bb global_colors_info=\u00bb{}\u00bb][et_pb_column type=\u00bb1_3&#8243; _builder_version=\u00bb4.27.5&#8243; _module_preset=\u00bbdefault\u00bb global_colors_info=\u00bb{}\u00bb][et_pb_image src=\u00bbhttps:\/\/saintchaumond.es\/wp-content\/uploads\/2026\/03\/E7.jpg\u00bb title_text=\u00bbE7&#8243; _builder_version=\u00bb4.27.5&#8243; _module_preset=\u00bbdefault\u00bb global_colors_info=\u00bb{}\u00bb show_in_lightbox=\u00bbon\u00bb][\/et_pb_image][\/et_pb_column][et_pb_column type=\u00bb1_3&#8243; _builder_version=\u00bb4.27.5&#8243; _module_preset=\u00bbdefault\u00bb global_colors_info=\u00bb{}\u00bb][et_pb_image src=\u00bbhttps:\/\/saintchaumond.es\/wp-content\/uploads\/2026\/03\/E6.jpg\u00bb title_text=\u00bbE6&#8243; _builder_version=\u00bb4.27.5&#8243; _module_preset=\u00bbdefault\u00bb global_colors_info=\u00bb{}\u00bb show_in_lightbox=\u00bbon\u00bb][\/et_pb_image][\/et_pb_column][et_pb_column type=\u00bb1_3&#8243; _builder_version=\u00bb4.27.5&#8243; _module_preset=\u00bbdefault\u00bb global_colors_info=\u00bb{}\u00bb][et_pb_image src=\u00bbhttps:\/\/saintchaumond.es\/wp-content\/uploads\/2026\/03\/E4.jpg\u00bb title_text=\u00bbE4&#8243; _builder_version=\u00bb4.27.5&#8243; _module_preset=\u00bbdefault\u00bb global_colors_info=\u00bb{}\u00bb show_in_lightbox=\u00bbon\u00bb][\/et_pb_image][\/et_pb_column][\/et_pb_row][et_pb_row column_structure=\u00bb1_3,1_3,1_3&#8243; use_custom_gutter=\u00bbon\u00bb gutter_width=\u00bb2&#8243; _builder_version=\u00bb4.27.5&#8243; _module_preset=\u00bbdefault\u00bb global_colors_info=\u00bb{}\u00bb][et_pb_column type=\u00bb1_3&#8243; _builder_version=\u00bb4.27.5&#8243; _module_preset=\u00bbdefault\u00bb global_colors_info=\u00bb{}\u00bb][et_pb_image src=\u00bbhttps:\/\/saintchaumond.es\/wp-content\/uploads\/2026\/03\/E19.jpg\u00bb title_text=\u00bbE19&#8243; _builder_version=\u00bb4.27.5&#8243; _module_preset=\u00bbdefault\u00bb global_colors_info=\u00bb{}\u00bb show_in_lightbox=\u00bbon\u00bb][\/et_pb_image][\/et_pb_column][et_pb_column type=\u00bb1_3&#8243; _builder_version=\u00bb4.27.5&#8243; _module_preset=\u00bbdefault\u00bb global_colors_info=\u00bb{}\u00bb][et_pb_image src=\u00bbhttps:\/\/saintchaumond.es\/wp-content\/uploads\/2026\/03\/E17.jpg\u00bb title_text=\u00bbE17&#8243; _builder_version=\u00bb4.27.5&#8243; _module_preset=\u00bbdefault\u00bb global_colors_info=\u00bb{}\u00bb show_in_lightbox=\u00bbon\u00bb][\/et_pb_image][\/et_pb_column][et_pb_column type=\u00bb1_3&#8243; _builder_version=\u00bb4.27.5&#8243; _module_preset=\u00bbdefault\u00bb global_colors_info=\u00bb{}\u00bb][et_pb_image src=\u00bbhttps:\/\/saintchaumond.es\/wp-content\/uploads\/2026\/03\/E13.jpg\u00bb title_text=\u00bbE13&#8243; _builder_version=\u00bb4.27.5&#8243; _module_preset=\u00bbdefault\u00bb global_colors_info=\u00bb{}\u00bb show_in_lightbox=\u00bbon\u00bb][\/et_pb_image][\/et_pb_column][\/et_pb_row][\/et_pb_section]<\/p>\n","protected":false},"excerpt":{"rendered":"<p>Madrid, 19 de diciembre de 2025 Con el objetivo de ampliar y mejorar su proyecto educativo, la Uni\u00f3n-Chr\u00e9tienne de Saint Chaumond ha formalizado la adquisici\u00f3n de la finca conocida como\u00a0Piscina Stella, situada en la calle Arturo Soria 231. La propiedad cuenta con una superficie aproximada de 8.000 m\u00b2, en la que se encuentra un edificio [&hellip;]<\/p>\n","protected":false},"author":9,"featured_media":0,"parent":0,"menu_order":0,"comment_status":"closed","ping_status":"closed","template":"","meta":{"_et_pb_use_builder":"on","_et_pb_old_content":"","_et_gb_content_width":"","footnotes":""},"class_list":["post-225677","page","type-page","status-publish","hentry"],"yoast_head":"<!-- This site is optimized with the Yoast SEO plugin v27.3 - https:\/\/yoast.com\/product\/yoast-seo-wordpress\/ -->\n<title>Nueva sede - Saint Chaumond<\/title>\n<meta name=\"robots\" content=\"index, follow, max-snippet:-1, max-image-preview:large, max-video-preview:-1\" \/>\n<link rel=\"canonical\" href=\"https:\/\/saintchaumond.es\/es\/nueva-sede\/\" \/>\n<meta property=\"og:locale\" content=\"es_ES\" \/>\n<meta property=\"og:type\" content=\"article\" \/>\n<meta property=\"og:title\" content=\"Nueva sede - Saint Chaumond\" \/>\n<meta property=\"og:description\" content=\"Madrid, 19 de diciembre de 2025 Con el objetivo de ampliar y mejorar su proyecto educativo, la Uni\u00f3n-Chr\u00e9tienne de Saint Chaumond ha formalizado la adquisici\u00f3n de la finca conocida como\u00a0Piscina Stella, situada en la calle Arturo Soria 231. La propiedad cuenta con una superficie aproximada de 8.000 m\u00b2, en la que se encuentra un edificio [&hellip;]\" \/>\n<meta property=\"og:url\" content=\"https:\/\/saintchaumond.es\/es\/nueva-sede\/\" \/>\n<meta property=\"og:site_name\" content=\"Saint Chaumond\" \/>\n<meta property=\"article:modified_time\" content=\"2026-03-05T16:01:59+00:00\" \/>\n<meta name=\"twitter:card\" content=\"summary_large_image\" \/>\n<meta name=\"twitter:label1\" content=\"Tiempo de lectura\" \/>\n\t<meta name=\"twitter:data1\" content=\"5 minutos\" \/>\n<script type=\"application\/ld+json\" class=\"yoast-schema-graph\">{\"@context\":\"https:\\\/\\\/schema.org\",\"@graph\":[{\"@type\":\"WebPage\",\"@id\":\"https:\\\/\\\/saintchaumond.es\\\/es\\\/nueva-sede\\\/\",\"url\":\"https:\\\/\\\/saintchaumond.es\\\/es\\\/nueva-sede\\\/\",\"name\":\"Nueva sede - Saint Chaumond\",\"isPartOf\":{\"@id\":\"https:\\\/\\\/saintchaumond.es\\\/es\\\/#website\"},\"datePublished\":\"2026-03-05T10:45:55+00:00\",\"dateModified\":\"2026-03-05T16:01:59+00:00\",\"breadcrumb\":{\"@id\":\"https:\\\/\\\/saintchaumond.es\\\/es\\\/nueva-sede\\\/#breadcrumb\"},\"inLanguage\":\"es\",\"potentialAction\":[{\"@type\":\"ReadAction\",\"target\":[\"https:\\\/\\\/saintchaumond.es\\\/es\\\/nueva-sede\\\/\"]}]},{\"@type\":\"BreadcrumbList\",\"@id\":\"https:\\\/\\\/saintchaumond.es\\\/es\\\/nueva-sede\\\/#breadcrumb\",\"itemListElement\":[{\"@type\":\"ListItem\",\"position\":1,\"name\":\"Portada\",\"item\":\"https:\\\/\\\/saintchaumond.es\\\/\"},{\"@type\":\"ListItem\",\"position\":2,\"name\":\"Nueva sede\"}]},{\"@type\":\"WebSite\",\"@id\":\"https:\\\/\\\/saintchaumond.es\\\/es\\\/#website\",\"url\":\"https:\\\/\\\/saintchaumond.es\\\/es\\\/\",\"name\":\"Saint Chaumond\",\"description\":\"Union-Chr\u00e9tienne de Saint Chaumond\",\"publisher\":{\"@id\":\"https:\\\/\\\/saintchaumond.es\\\/es\\\/#organization\"},\"potentialAction\":[{\"@type\":\"SearchAction\",\"target\":{\"@type\":\"EntryPoint\",\"urlTemplate\":\"https:\\\/\\\/saintchaumond.es\\\/es\\\/?s={search_term_string}\"},\"query-input\":{\"@type\":\"PropertyValueSpecification\",\"valueRequired\":true,\"valueName\":\"search_term_string\"}}],\"inLanguage\":\"es\"},{\"@type\":\"Organization\",\"@id\":\"https:\\\/\\\/saintchaumond.es\\\/es\\\/#organization\",\"name\":\"Saint Chaumond\",\"url\":\"https:\\\/\\\/saintchaumond.es\\\/es\\\/\",\"logo\":{\"@type\":\"ImageObject\",\"inLanguage\":\"es\",\"@id\":\"https:\\\/\\\/saintchaumond.es\\\/es\\\/#\\\/schema\\\/logo\\\/image\\\/\",\"url\":\"https:\\\/\\\/saintchaumond.es\\\/wp-content\\\/uploads\\\/2023\\\/01\\\/UXSC2022_Circular_Color.png\",\"contentUrl\":\"https:\\\/\\\/saintchaumond.es\\\/wp-content\\\/uploads\\\/2023\\\/01\\\/UXSC2022_Circular_Color.png\",\"width\":1157,\"height\":1172,\"caption\":\"Saint Chaumond\"},\"image\":{\"@id\":\"https:\\\/\\\/saintchaumond.es\\\/es\\\/#\\\/schema\\\/logo\\\/image\\\/\"}}]}<\/script>\n<!-- \/ Yoast SEO plugin. -->","yoast_head_json":{"title":"Nueva sede - Saint Chaumond","robots":{"index":"index","follow":"follow","max-snippet":"max-snippet:-1","max-image-preview":"max-image-preview:large","max-video-preview":"max-video-preview:-1"},"canonical":"https:\/\/saintchaumond.es\/es\/nueva-sede\/","og_locale":"es_ES","og_type":"article","og_title":"Nueva sede - Saint Chaumond","og_description":"Madrid, 19 de diciembre de 2025 Con el objetivo de ampliar y mejorar su proyecto educativo, la Uni\u00f3n-Chr\u00e9tienne de Saint Chaumond ha formalizado la adquisici\u00f3n de la finca conocida como\u00a0Piscina Stella, situada en la calle Arturo Soria 231. La propiedad cuenta con una superficie aproximada de 8.000 m\u00b2, en la que se encuentra un edificio [&hellip;]","og_url":"https:\/\/saintchaumond.es\/es\/nueva-sede\/","og_site_name":"Saint Chaumond","article_modified_time":"2026-03-05T16:01:59+00:00","twitter_card":"summary_large_image","twitter_misc":{"Tiempo de lectura":"5 minutos"},"schema":{"@context":"https:\/\/schema.org","@graph":[{"@type":"WebPage","@id":"https:\/\/saintchaumond.es\/es\/nueva-sede\/","url":"https:\/\/saintchaumond.es\/es\/nueva-sede\/","name":"Nueva sede - Saint Chaumond","isPartOf":{"@id":"https:\/\/saintchaumond.es\/es\/#website"},"datePublished":"2026-03-05T10:45:55+00:00","dateModified":"2026-03-05T16:01:59+00:00","breadcrumb":{"@id":"https:\/\/saintchaumond.es\/es\/nueva-sede\/#breadcrumb"},"inLanguage":"es","potentialAction":[{"@type":"ReadAction","target":["https:\/\/saintchaumond.es\/es\/nueva-sede\/"]}]},{"@type":"BreadcrumbList","@id":"https:\/\/saintchaumond.es\/es\/nueva-sede\/#breadcrumb","itemListElement":[{"@type":"ListItem","position":1,"name":"Portada","item":"https:\/\/saintchaumond.es\/"},{"@type":"ListItem","position":2,"name":"Nueva sede"}]},{"@type":"WebSite","@id":"https:\/\/saintchaumond.es\/es\/#website","url":"https:\/\/saintchaumond.es\/es\/","name":"Saint Chaumond","description":"Union-Chr\u00e9tienne de Saint Chaumond","publisher":{"@id":"https:\/\/saintchaumond.es\/es\/#organization"},"potentialAction":[{"@type":"SearchAction","target":{"@type":"EntryPoint","urlTemplate":"https:\/\/saintchaumond.es\/es\/?s={search_term_string}"},"query-input":{"@type":"PropertyValueSpecification","valueRequired":true,"valueName":"search_term_string"}}],"inLanguage":"es"},{"@type":"Organization","@id":"https:\/\/saintchaumond.es\/es\/#organization","name":"Saint Chaumond","url":"https:\/\/saintchaumond.es\/es\/","logo":{"@type":"ImageObject","inLanguage":"es","@id":"https:\/\/saintchaumond.es\/es\/#\/schema\/logo\/image\/","url":"https:\/\/saintchaumond.es\/wp-content\/uploads\/2023\/01\/UXSC2022_Circular_Color.png","contentUrl":"https:\/\/saintchaumond.es\/wp-content\/uploads\/2023\/01\/UXSC2022_Circular_Color.png","width":1157,"height":1172,"caption":"Saint Chaumond"},"image":{"@id":"https:\/\/saintchaumond.es\/es\/#\/schema\/logo\/image\/"}}]}},"_links":{"self":[{"href":"https:\/\/saintchaumond.es\/es\/wp-json\/wp\/v2\/pages\/225677","targetHints":{"allow":["GET"]}}],"collection":[{"href":"https:\/\/saintchaumond.es\/es\/wp-json\/wp\/v2\/pages"}],"about":[{"href":"https:\/\/saintchaumond.es\/es\/wp-json\/wp\/v2\/types\/page"}],"author":[{"embeddable":true,"href":"https:\/\/saintchaumond.es\/es\/wp-json\/wp\/v2\/users\/9"}],"replies":[{"embeddable":true,"href":"https:\/\/saintchaumond.es\/es\/wp-json\/wp\/v2\/comments?post=225677"}],"version-history":[{"count":8,"href":"https:\/\/saintchaumond.es\/es\/wp-json\/wp\/v2\/pages\/225677\/revisions"}],"predecessor-version":[{"id":225769,"href":"https:\/\/saintchaumond.es\/es\/wp-json\/wp\/v2\/pages\/225677\/revisions\/225769"}],"wp:attachment":[{"href":"https:\/\/saintchaumond.es\/es\/wp-json\/wp\/v2\/media?parent=225677"}],"curies":[{"name":"wp","href":"https:\/\/api.w.org\/{rel}","templated":true}]}}