{"id":221348,"date":"2023-02-03T15:34:13","date_gmt":"2023-02-03T14:34:13","guid":{"rendered":"https:\/\/saintchaumond.es\/?page_id=221348"},"modified":"2026-01-26T13:41:28","modified_gmt":"2026-01-26T12:41:28","slug":"primaria","status":"publish","type":"page","link":"https:\/\/saintchaumond.es\/es\/primaria\/","title":{"rendered":"Primaria"},"content":{"rendered":"<p>[et_pb_section fb_built=\u00bb1&#8243; fullwidth=\u00bbon\u00bb _builder_version=\u00bb4.19.5&#8243; background_color=\u00bb#000000&#8243; custom_padding=\u00bb|||\u00bb locked=\u00bboff\u00bb global_colors_info=\u00bb{}\u00bb][et_pb_fullwidth_header title=\u00bbPrimaria\u00bb text_orientation=\u00bbcenter\u00bb background_overlay_color=\u00bbrgba(30,29,28,0.45)\u00bb _builder_version=\u00bb4.19.5&#8243; title_font=\u00bbPrompt|200|||||||\u00bb title_text_color=\u00bb#ffffff\u00bb title_font_size=\u00bb82px\u00bb title_line_height=\u00bb1.2em\u00bb subhead_font=\u00bbPrompt|300|||||||\u00bb subhead_text_color=\u00bb#ffffff\u00bb subhead_font_size=\u00bb27px\u00bb subhead_line_height=\u00bb1.7em\u00bb background_color=\u00bbrgba(255, 255, 255, 0)\u00bb background_image=\u00bbhttps:\/\/saintchaumond.es\/wp-content\/uploads\/2023\/02\/UXSC_OCT22_Clase_Primaria_06.jpg\u00bb background_position=\u00bbtop_center\u00bb background_vertical_offset=\u00bb34%\u00bb background_repeat=\u00bbrepeat\u00bb background_layout=\u00bblight\u00bb height_tablet=\u00bb770px\u00bb height_phone=\u00bb770px\u00bb height_last_edited=\u00bboff|desktop\u00bb custom_margin=\u00bb||||false|false\u00bb custom_padding=\u00bb200px||200px||true|false\u00bb animation_style=\u00bbfade\u00bb animation_direction=\u00bbbottom\u00bb animation_duration=\u00bb800ms\u00bb title_font_size_tablet=\u00bb64px\u00bb title_font_size_phone=\u00bb45px\u00bb title_font_size_last_edited=\u00bbon|desktop\u00bb global_colors_info=\u00bb{}\u00bb button_one_text_size__hover_enabled=\u00bboff\u00bb button_two_text_size__hover_enabled=\u00bboff\u00bb button_one_text_color__hover_enabled=\u00bboff\u00bb button_two_text_color__hover_enabled=\u00bboff\u00bb button_one_border_width__hover_enabled=\u00bboff\u00bb button_two_border_width__hover_enabled=\u00bboff\u00bb button_one_border_color__hover_enabled=\u00bboff\u00bb button_two_border_color__hover_enabled=\u00bboff\u00bb button_one_border_radius__hover_enabled=\u00bboff\u00bb button_two_border_radius__hover_enabled=\u00bboff\u00bb button_one_letter_spacing__hover_enabled=\u00bboff\u00bb button_two_letter_spacing__hover_enabled=\u00bboff\u00bb button_one_bg_color__hover_enabled=\u00bboff\u00bb button_two_bg_color__hover_enabled=\u00bboff\u00bb][\/et_pb_fullwidth_header][\/et_pb_section][et_pb_section fb_built=\u00bb1&#8243; _builder_version=\u00bb4.19.4&#8243; background_size=\u00bbinitial\u00bb background_position=\u00bbtop_left\u00bb background_repeat=\u00bbrepeat\u00bb custom_padding=\u00bb|||\u00bb locked=\u00bboff\u00bb global_colors_info=\u00bb{}\u00bb][et_pb_row column_structure=\u00bb1_2,1_2&#8243; _builder_version=\u00bb4.19.5&#8243; _module_preset=\u00bbdefault\u00bb custom_margin=\u00bb||0px||false|false\u00bb custom_padding=\u00bb||0px||false|false\u00bb global_colors_info=\u00bb{}\u00bb][et_pb_column type=\u00bb1_2&#8243; _builder_version=\u00bb4.19.4&#8243; _module_preset=\u00bbdefault\u00bb global_colors_info=\u00bb{}\u00bb][et_pb_image src=\u00bbhttps:\/\/saintchaumond.es\/wp-content\/uploads\/2023\/02\/UXSC_OCT22_Clase_Primaria_14.jpg\u00bb title_text=\u00bbUXSC_OCT22_Clase_Primaria_14&#8243; _builder_version=\u00bb4.19.5&#8243; _module_preset=\u00bbdefault\u00bb global_colors_info=\u00bb{}\u00bb][\/et_pb_image][\/et_pb_column][et_pb_column type=\u00bb1_2&#8243; _builder_version=\u00bb4.19.4&#8243; _module_preset=\u00bbdefault\u00bb global_colors_info=\u00bb{}\u00bb][et_pb_text _builder_version=\u00bb4.19.5&#8243; background_size=\u00bbinitial\u00bb background_position=\u00bbtop_left\u00bb background_repeat=\u00bbrepeat\u00bb animation_direction=\u00bbtop\u00bb locked=\u00bboff\u00bb global_colors_info=\u00bb{}\u00bb]<\/p>\n<p style=\"text-align: left;\">La educaci\u00f3n primaria se estructura en torno a dos ciclos: cycle 2 y cycle 3.<\/p>\n<p style=\"text-align: left;\">Cycle 2 se compone de CP, CE1 y CE2: es el ciclo de aprendizajes fundamentales.<\/p>\n<p style=\"text-align: left;\">Cycle 3 est\u00e1 formado por CM1, CM2 y 6\u00e8me: es el ciclo de consolidaci\u00f3n de conocimientos.<\/p>\n<p>[\/et_pb_text][et_pb_button button_url=\u00bbhttps:\/\/saintchaumond.es\/wp-content\/uploads\/2023\/01\/Equivalencias_web.pdf\u00bb url_new_window=\u00bbon\u00bb button_text=\u00bbEquivalencias con el sistema espa\u00f1ol\u00bb button_alignment=\u00bbleft\u00bb _builder_version=\u00bb4.19.5&#8243; _module_preset=\u00bbdefault\u00bb custom_button=\u00bbon\u00bb button_text_size=\u00bb16px\u00bb button_text_color=\u00bb#0E3858&#8243; button_border_radius=\u00bb0px\u00bb button_letter_spacing=\u00bb2px\u00bb button_font=\u00bbPrompt|||on|||||\u00bb button_use_icon=\u00bboff\u00bb custom_margin=\u00bb10px||||false|false\u00bb custom_padding=\u00bb8px|15px|8px|15px\u00bb locked=\u00bboff\u00bb global_colors_info=\u00bb{}\u00bb button_text_color__hover=\u00bb#ffffff\u00bb button_text_color__hover_enabled=\u00bbon|desktop\u00bb button_border_radius__hover=\u00bb0px\u00bb button_border_radius__hover_enabled=\u00bbon\u00bb button_letter_spacing__hover=\u00bb2px\u00bb button_letter_spacing__hover_enabled=\u00bbon|desktop\u00bb button_bg_color__hover=\u00bb#0D3857&#8243; button_bg_color__hover_enabled=\u00bbon|hover\u00bb button_border_color__hover=\u00bb#085da3&#8243; button_border_color__hover_enabled=\u00bbon\u00bb][\/et_pb_button][\/et_pb_column][\/et_pb_row][et_pb_row _builder_version=\u00bb4.19.5&#8243; _module_preset=\u00bbdefault\u00bb locked=\u00bboff\u00bb global_colors_info=\u00bb{}\u00bb][et_pb_column type=\u00bb4_4&#8243; _builder_version=\u00bb4.19.3&#8243; _module_preset=\u00bbdefault\u00bb global_colors_info=\u00bb{}\u00bb][et_pb_text _builder_version=\u00bb4.19.5&#8243; header_font=\u00bbPrompt|200|||||||\u00bb header_text_color=\u00bb#0E3858&#8243; header_font_size=\u00bb35px\u00bb header_line_height=\u00bb1.3em\u00bb background_size=\u00bbinitial\u00bb background_position=\u00bbtop_left\u00bb background_repeat=\u00bbrepeat\u00bb custom_margin=\u00bb||||false|false\u00bb custom_padding=\u00bb|||\u00bb animation_direction=\u00bbtop\u00bb locked=\u00bboff\u00bb global_colors_info=\u00bb{}\u00bb]<\/p>\n<h1 style=\"text-align: left;\">Acompa\u00f1amos a cada alumno<\/h1>\n<p>[\/et_pb_text][et_pb_divider color=\u00bb#e4a22a\u00bb divider_position=\u00bbcenter\u00bb divider_weight=\u00bb3px\u00bb disabled_on=\u00bboff|off|off%22&#8243; _builder_version=\u00bb4.19.4&#8243; max_width=\u00bb150px\u00bb height=\u00bbfalse\u00bb custom_margin=\u00bb-16px||||false|false\u00bb animation_style=\u00bbslide\u00bb animation_direction=\u00bbtop\u00bb animation_delay=\u00bb100ms\u00bb animation_intensity_slide=\u00bb10%\u00bb locked=\u00bboff\u00bb global_colors_info=\u00bb{}\u00bb][\/et_pb_divider][et_pb_text _builder_version=\u00bb4.19.5&#8243; background_size=\u00bbinitial\u00bb background_position=\u00bbtop_left\u00bb background_repeat=\u00bbrepeat\u00bb animation_direction=\u00bbtop\u00bb locked=\u00bboff\u00bb global_colors_info=\u00bb{}\u00bb]<\/p>\n<p style=\"text-align: left;\">La lengua francesa est\u00e1 en el centro del aprendizaje. Los alumnos aprenden a dominar el franc\u00e9s, especialmente a trav\u00e9s de la lectura. Cada uno a su ritmo, ya que la ense\u00f1anza personalizada es el eje central de la metodolog\u00eda utilizada en Saint Chaumond. Una particularidad de esta personalizaci\u00f3n es la puesta en marcha de dispositivos espec\u00edficos para acompa\u00f1ar a los ni\u00f1os con dificultades (PAP-PPRE).<\/p>\n<p style=\"text-align: left;\">El proyecto religioso de nuestro colegio busca formar personas cristianas libres, realizadas y que crezcan en el amor a Cristo. A lo largo de esta etapa, los alumnos reciben una ense\u00f1anza religiosa seria y de calidad. Tambi\u00e9n reciben los sacramentos de la Penitencia y la Comuni\u00f3n.<\/p>\n<p style=\"text-align: left;\">Desde el punto de vista pedag\u00f3gico, estructuramos el aprendizaje ayudando a los ni\u00f1os a adquirir conocimientos y destrezas.<\/p>\n<p>[\/et_pb_text][et_pb_text _builder_version=\u00bb4.19.5&#8243; text_font=\u00bbPrompt||||||||\u00bb text_text_color=\u00bb#0d3857&#8243; header_font=\u00bbPrompt|300|||||||\u00bb header_text_color=\u00bb#0d3857&#8243; header_font_size=\u00bb22px\u00bb header_line_height=\u00bb1.4em\u00bb max_width=\u00bb500px\u00bb module_alignment=\u00bbcenter\u00bb locked=\u00bboff\u00bb inline_fonts=\u00bbSnell Roundhand BlackScript\u00bb global_colors_info=\u00bb{}\u00bb]<\/p>\n<blockquote>\n<h1 style=\"text-align: left;\"><i>El objetivo es formar personas humanas y religiosas, respetuosas con los dem\u00e1s, generosas y que tengan gusto por el trabajo bien hecho, fruto del esfuerzo y la perseverancia.<\/i><\/h1>\n<\/blockquote>\n<p>[\/et_pb_text][et_pb_text _builder_version=\u00bb4.19.5&#8243; background_size=\u00bbinitial\u00bb background_position=\u00bbtop_left\u00bb background_repeat=\u00bbrepeat\u00bb animation_direction=\u00bbtop\u00bb locked=\u00bboff\u00bb global_colors_info=\u00bb{}\u00bb]<\/p>\n<p style=\"text-align: left;\">Seguimos los <a href=\"https:\/\/www.education.gouv.fr\/bo\/15\/Special11\/MENE1526483A.htm\" target=\"_blank\" rel=\"noopener\">programas de la Educaci\u00f3n Nacional francesa<\/a> y acompa\u00f1amos a nuestros alumnos en la construcci\u00f3n de un esp\u00edritu cr\u00edtico. Aprenden a argumentar y a expresarse oralmente. Tambi\u00e9n desarrollan su mente cient\u00edfica, toman conciencia del mundo art\u00edstico y practican deportes desde el primer curso donde la nataci\u00f3n es una asignatura obligatoria.<\/p>\n<p style=\"text-align: left;\">La evaluaci\u00f3n positiva refuerza el aprendizaje. Los ni\u00f1os aprenden en un entorno afectuoso. Su crecimiento es sereno.<\/p>\n<p>[\/et_pb_text][\/et_pb_column][\/et_pb_row][et_pb_row _builder_version=\u00bb4.19.5&#8243; _module_preset=\u00bbdefault\u00bb custom_margin=\u00bb||0px||false|false\u00bb custom_padding=\u00bb||0px||false|false\u00bb global_colors_info=\u00bb{}\u00bb][et_pb_column type=\u00bb4_4&#8243; _builder_version=\u00bb4.19.4&#8243; _module_preset=\u00bbdefault\u00bb global_colors_info=\u00bb{}\u00bb][et_pb_image src=\u00bbhttps:\/\/saintchaumond.es\/wp-content\/uploads\/2023\/01\/UXSC_OCT22_Clase_Infantil_36.jpg\u00bb title_text=\u00bbUXSC_OCT22_Clase_Infantil_36&#8243; _builder_version=\u00bb4.19.5&#8243; _module_preset=\u00bbdefault\u00bb global_colors_info=\u00bb{}\u00bb][\/et_pb_image][\/et_pb_column][\/et_pb_row][et_pb_row column_structure=\u00bb1_2,1_2&#8243; _builder_version=\u00bb4.19.5&#8243; _module_preset=\u00bbdefault\u00bb custom_margin=\u00bb||0px||false|false\u00bb custom_padding=\u00bb||0px||false|false\u00bb global_colors_info=\u00bb{}\u00bb][et_pb_column type=\u00bb1_2&#8243; _builder_version=\u00bb4.19.4&#8243; _module_preset=\u00bbdefault\u00bb global_colors_info=\u00bb{}\u00bb][et_pb_image src=\u00bbhttps:\/\/saintchaumond.es\/wp-content\/uploads\/2023\/02\/UXSC_OCT22_Clase_Primaria_04.jpg\u00bb title_text=\u00bbUXSC_OCT22_Clase_Primaria_04&#8243; _builder_version=\u00bb4.19.5&#8243; _module_preset=\u00bbdefault\u00bb global_colors_info=\u00bb{}\u00bb][\/et_pb_image][\/et_pb_column][et_pb_column type=\u00bb1_2&#8243; _builder_version=\u00bb4.19.4&#8243; _module_preset=\u00bbdefault\u00bb global_colors_info=\u00bb{}\u00bb][et_pb_image src=\u00bbhttps:\/\/saintchaumond.es\/wp-content\/uploads\/2023\/01\/UXSC_OCT22_Primaria_24.jpg\u00bb title_text=\u00bbUXSC_OCT22_Primaria_24&#8243; _builder_version=\u00bb4.19.5&#8243; _module_preset=\u00bbdefault\u00bb global_colors_info=\u00bb{}\u00bb][\/et_pb_image][\/et_pb_column][\/et_pb_row][\/et_pb_section]<\/p>\n","protected":false},"excerpt":{"rendered":"<p>La educaci\u00f3n primaria se estructura en torno a dos ciclos: cycle 2 y cycle 3. Cycle 2 se compone de CP, CE1 y CE2: es el ciclo de aprendizajes fundamentales. Cycle 3 est\u00e1 formado por CM1, CM2 y 6\u00e8me: es el ciclo de consolidaci\u00f3n de conocimientos.Acompa\u00f1amos a cada alumnoLa lengua francesa est\u00e1 en el centro [&hellip;]<\/p>\n","protected":false},"author":1,"featured_media":0,"parent":0,"menu_order":0,"comment_status":"closed","ping_status":"closed","template":"","meta":{"_et_pb_use_builder":"on","_et_pb_old_content":"","_et_gb_content_width":"","footnotes":""},"class_list":["post-221348","page","type-page","status-publish","hentry"],"yoast_head":"<!-- This site is optimized with the Yoast SEO plugin v27.3 - https:\/\/yoast.com\/product\/yoast-seo-wordpress\/ -->\n<title>Primaria - Saint Chaumond<\/title>\n<meta name=\"robots\" content=\"index, follow, max-snippet:-1, max-image-preview:large, max-video-preview:-1\" \/>\n<link rel=\"canonical\" href=\"https:\/\/saintchaumond.es\/es\/primaria\/\" \/>\n<meta property=\"og:locale\" content=\"es_ES\" \/>\n<meta property=\"og:type\" content=\"article\" \/>\n<meta property=\"og:title\" content=\"Primaria - Saint Chaumond\" \/>\n<meta property=\"og:description\" content=\"La educaci\u00f3n primaria se estructura en torno a dos ciclos: cycle 2 y cycle 3. Cycle 2 se compone de CP, CE1 y CE2: es el ciclo de aprendizajes fundamentales. Cycle 3 est\u00e1 formado por CM1, CM2 y 6\u00e8me: es el ciclo de consolidaci\u00f3n de conocimientos.Acompa\u00f1amos a cada alumnoLa lengua francesa est\u00e1 en el centro [&hellip;]\" \/>\n<meta property=\"og:url\" content=\"https:\/\/saintchaumond.es\/es\/primaria\/\" \/>\n<meta property=\"og:site_name\" content=\"Saint Chaumond\" \/>\n<meta property=\"article:modified_time\" content=\"2026-01-26T12:41:28+00:00\" \/>\n<meta name=\"twitter:card\" content=\"summary_large_image\" \/>\n<meta name=\"twitter:label1\" content=\"Tiempo de lectura\" \/>\n\t<meta name=\"twitter:data1\" content=\"6 minutos\" \/>\n<script type=\"application\/ld+json\" class=\"yoast-schema-graph\">{\"@context\":\"https:\\\/\\\/schema.org\",\"@graph\":[{\"@type\":\"WebPage\",\"@id\":\"https:\\\/\\\/saintchaumond.es\\\/es\\\/primaria\\\/\",\"url\":\"https:\\\/\\\/saintchaumond.es\\\/es\\\/primaria\\\/\",\"name\":\"Primaria - Saint Chaumond\",\"isPartOf\":{\"@id\":\"https:\\\/\\\/saintchaumond.es\\\/es\\\/#website\"},\"datePublished\":\"2023-02-03T14:34:13+00:00\",\"dateModified\":\"2026-01-26T12:41:28+00:00\",\"breadcrumb\":{\"@id\":\"https:\\\/\\\/saintchaumond.es\\\/es\\\/primaria\\\/#breadcrumb\"},\"inLanguage\":\"es\",\"potentialAction\":[{\"@type\":\"ReadAction\",\"target\":[\"https:\\\/\\\/saintchaumond.es\\\/es\\\/primaria\\\/\"]}]},{\"@type\":\"BreadcrumbList\",\"@id\":\"https:\\\/\\\/saintchaumond.es\\\/es\\\/primaria\\\/#breadcrumb\",\"itemListElement\":[{\"@type\":\"ListItem\",\"position\":1,\"name\":\"Portada\",\"item\":\"https:\\\/\\\/saintchaumond.es\\\/\"},{\"@type\":\"ListItem\",\"position\":2,\"name\":\"Primaria\"}]},{\"@type\":\"WebSite\",\"@id\":\"https:\\\/\\\/saintchaumond.es\\\/es\\\/#website\",\"url\":\"https:\\\/\\\/saintchaumond.es\\\/es\\\/\",\"name\":\"Saint Chaumond\",\"description\":\"Union-Chr\u00e9tienne de Saint Chaumond\",\"publisher\":{\"@id\":\"https:\\\/\\\/saintchaumond.es\\\/es\\\/#organization\"},\"potentialAction\":[{\"@type\":\"SearchAction\",\"target\":{\"@type\":\"EntryPoint\",\"urlTemplate\":\"https:\\\/\\\/saintchaumond.es\\\/es\\\/?s={search_term_string}\"},\"query-input\":{\"@type\":\"PropertyValueSpecification\",\"valueRequired\":true,\"valueName\":\"search_term_string\"}}],\"inLanguage\":\"es\"},{\"@type\":\"Organization\",\"@id\":\"https:\\\/\\\/saintchaumond.es\\\/es\\\/#organization\",\"name\":\"Saint Chaumond\",\"url\":\"https:\\\/\\\/saintchaumond.es\\\/es\\\/\",\"logo\":{\"@type\":\"ImageObject\",\"inLanguage\":\"es\",\"@id\":\"https:\\\/\\\/saintchaumond.es\\\/es\\\/#\\\/schema\\\/logo\\\/image\\\/\",\"url\":\"https:\\\/\\\/saintchaumond.es\\\/wp-content\\\/uploads\\\/2023\\\/01\\\/UXSC2022_Circular_Color.png\",\"contentUrl\":\"https:\\\/\\\/saintchaumond.es\\\/wp-content\\\/uploads\\\/2023\\\/01\\\/UXSC2022_Circular_Color.png\",\"width\":1157,\"height\":1172,\"caption\":\"Saint Chaumond\"},\"image\":{\"@id\":\"https:\\\/\\\/saintchaumond.es\\\/es\\\/#\\\/schema\\\/logo\\\/image\\\/\"}}]}<\/script>\n<!-- \/ Yoast SEO plugin. -->","yoast_head_json":{"title":"Primaria - Saint Chaumond","robots":{"index":"index","follow":"follow","max-snippet":"max-snippet:-1","max-image-preview":"max-image-preview:large","max-video-preview":"max-video-preview:-1"},"canonical":"https:\/\/saintchaumond.es\/es\/primaria\/","og_locale":"es_ES","og_type":"article","og_title":"Primaria - Saint Chaumond","og_description":"La educaci\u00f3n primaria se estructura en torno a dos ciclos: cycle 2 y cycle 3. Cycle 2 se compone de CP, CE1 y CE2: es el ciclo de aprendizajes fundamentales. Cycle 3 est\u00e1 formado por CM1, CM2 y 6\u00e8me: es el ciclo de consolidaci\u00f3n de conocimientos.Acompa\u00f1amos a cada alumnoLa lengua francesa est\u00e1 en el centro [&hellip;]","og_url":"https:\/\/saintchaumond.es\/es\/primaria\/","og_site_name":"Saint Chaumond","article_modified_time":"2026-01-26T12:41:28+00:00","twitter_card":"summary_large_image","twitter_misc":{"Tiempo de lectura":"6 minutos"},"schema":{"@context":"https:\/\/schema.org","@graph":[{"@type":"WebPage","@id":"https:\/\/saintchaumond.es\/es\/primaria\/","url":"https:\/\/saintchaumond.es\/es\/primaria\/","name":"Primaria - Saint Chaumond","isPartOf":{"@id":"https:\/\/saintchaumond.es\/es\/#website"},"datePublished":"2023-02-03T14:34:13+00:00","dateModified":"2026-01-26T12:41:28+00:00","breadcrumb":{"@id":"https:\/\/saintchaumond.es\/es\/primaria\/#breadcrumb"},"inLanguage":"es","potentialAction":[{"@type":"ReadAction","target":["https:\/\/saintchaumond.es\/es\/primaria\/"]}]},{"@type":"BreadcrumbList","@id":"https:\/\/saintchaumond.es\/es\/primaria\/#breadcrumb","itemListElement":[{"@type":"ListItem","position":1,"name":"Portada","item":"https:\/\/saintchaumond.es\/"},{"@type":"ListItem","position":2,"name":"Primaria"}]},{"@type":"WebSite","@id":"https:\/\/saintchaumond.es\/es\/#website","url":"https:\/\/saintchaumond.es\/es\/","name":"Saint Chaumond","description":"Union-Chr\u00e9tienne de Saint Chaumond","publisher":{"@id":"https:\/\/saintchaumond.es\/es\/#organization"},"potentialAction":[{"@type":"SearchAction","target":{"@type":"EntryPoint","urlTemplate":"https:\/\/saintchaumond.es\/es\/?s={search_term_string}"},"query-input":{"@type":"PropertyValueSpecification","valueRequired":true,"valueName":"search_term_string"}}],"inLanguage":"es"},{"@type":"Organization","@id":"https:\/\/saintchaumond.es\/es\/#organization","name":"Saint Chaumond","url":"https:\/\/saintchaumond.es\/es\/","logo":{"@type":"ImageObject","inLanguage":"es","@id":"https:\/\/saintchaumond.es\/es\/#\/schema\/logo\/image\/","url":"https:\/\/saintchaumond.es\/wp-content\/uploads\/2023\/01\/UXSC2022_Circular_Color.png","contentUrl":"https:\/\/saintchaumond.es\/wp-content\/uploads\/2023\/01\/UXSC2022_Circular_Color.png","width":1157,"height":1172,"caption":"Saint Chaumond"},"image":{"@id":"https:\/\/saintchaumond.es\/es\/#\/schema\/logo\/image\/"}}]}},"_links":{"self":[{"href":"https:\/\/saintchaumond.es\/es\/wp-json\/wp\/v2\/pages\/221348","targetHints":{"allow":["GET"]}}],"collection":[{"href":"https:\/\/saintchaumond.es\/es\/wp-json\/wp\/v2\/pages"}],"about":[{"href":"https:\/\/saintchaumond.es\/es\/wp-json\/wp\/v2\/types\/page"}],"author":[{"embeddable":true,"href":"https:\/\/saintchaumond.es\/es\/wp-json\/wp\/v2\/users\/1"}],"replies":[{"embeddable":true,"href":"https:\/\/saintchaumond.es\/es\/wp-json\/wp\/v2\/comments?post=221348"}],"version-history":[{"count":16,"href":"https:\/\/saintchaumond.es\/es\/wp-json\/wp\/v2\/pages\/221348\/revisions"}],"predecessor-version":[{"id":225615,"href":"https:\/\/saintchaumond.es\/es\/wp-json\/wp\/v2\/pages\/221348\/revisions\/225615"}],"wp:attachment":[{"href":"https:\/\/saintchaumond.es\/es\/wp-json\/wp\/v2\/media?parent=221348"}],"curies":[{"name":"wp","href":"https:\/\/api.w.org\/{rel}","templated":true}]}}