{"id":221152,"date":"2023-01-19T18:25:22","date_gmt":"2023-01-19T17:25:22","guid":{"rendered":"https:\/\/saintchaumond.es\/?page_id=221152"},"modified":"2026-02-02T09:10:29","modified_gmt":"2026-02-02T08:10:29","slug":"bachillerato","status":"publish","type":"page","link":"https:\/\/saintchaumond.es\/es\/bachillerato\/","title":{"rendered":"Bachillerato"},"content":{"rendered":"<p>[et_pb_section fb_built=\u00bb1&#8243; fullwidth=\u00bbon\u00bb _builder_version=\u00bb4.19.5&#8243; background_color=\u00bb#000000&#8243; custom_padding=\u00bb|||\u00bb locked=\u00bboff\u00bb global_colors_info=\u00bb{}\u00bb][et_pb_fullwidth_header title=\u00bbBachillerato\u00bb text_orientation=\u00bbcenter\u00bb background_overlay_color=\u00bbrgba(30,29,28,0.14)\u00bb _builder_version=\u00bb4.19.5&#8243; title_font=\u00bbPrompt|200|||||||\u00bb title_text_color=\u00bb#ffffff\u00bb title_font_size=\u00bb90px\u00bb title_line_height=\u00bb1.2em\u00bb subhead_font=\u00bbPrompt|300|||||||\u00bb subhead_text_color=\u00bb#ffffff\u00bb subhead_font_size=\u00bb27px\u00bb subhead_line_height=\u00bb1.7em\u00bb background_color=\u00bbrgba(255, 255, 255, 0)\u00bb background_image=\u00bbhttps:\/\/saintchaumond.es\/wp-content\/uploads\/2023\/01\/UXSC_OCT22_Clase_Mayores_07.jpg\u00bb background_position=\u00bbtop_center\u00bb background_vertical_offset=\u00bb31%\u00bb background_repeat=\u00bbrepeat\u00bb background_layout=\u00bblight\u00bb custom_margin=\u00bb|||\u00bb custom_padding=\u00bb200px||200px||true|false\u00bb animation_style=\u00bbfade\u00bb animation_direction=\u00bbbottom\u00bb animation_duration=\u00bb800ms\u00bb title_font_size_tablet=\u00bb75px\u00bb title_font_size_phone=\u00bb44px\u00bb title_font_size_last_edited=\u00bbon|phone\u00bb subhead_font_size_tablet=\u00bb27px\u00bb subhead_font_size_phone=\u00bb27px\u00bb subhead_font_size_last_edited=\u00bbon|tablet\u00bb global_colors_info=\u00bb{}\u00bb button_one_text_size__hover_enabled=\u00bboff\u00bb button_two_text_size__hover_enabled=\u00bboff\u00bb button_one_text_color__hover_enabled=\u00bboff\u00bb button_two_text_color__hover_enabled=\u00bboff\u00bb button_one_border_width__hover_enabled=\u00bboff\u00bb button_two_border_width__hover_enabled=\u00bboff\u00bb button_one_border_color__hover_enabled=\u00bboff\u00bb button_two_border_color__hover_enabled=\u00bboff\u00bb button_one_border_radius__hover_enabled=\u00bboff\u00bb button_two_border_radius__hover_enabled=\u00bboff\u00bb button_one_letter_spacing__hover_enabled=\u00bboff\u00bb button_two_letter_spacing__hover_enabled=\u00bboff\u00bb button_one_bg_color__hover_enabled=\u00bboff\u00bb button_two_bg_color__hover_enabled=\u00bboff\u00bb][\/et_pb_fullwidth_header][\/et_pb_section][et_pb_section fb_built=\u00bb1&#8243; _builder_version=\u00bb4.19.4&#8243; _module_preset=\u00bbdefault\u00bb global_colors_info=\u00bb{}\u00bb][et_pb_row column_structure=\u00bb2_3,1_3&#8243; _builder_version=\u00bb4.19.4&#8243; _module_preset=\u00bbdefault\u00bb custom_margin=\u00bb0px||||false|false\u00bb custom_padding=\u00bb0px||||false|false\u00bb locked=\u00bboff\u00bb global_colors_info=\u00bb{}\u00bb][et_pb_column type=\u00bb2_3&#8243; _builder_version=\u00bb4.19.4&#8243; _module_preset=\u00bbdefault\u00bb global_colors_info=\u00bb{}\u00bb][et_pb_image src=\u00bbhttps:\/\/saintchaumond.es\/wp-content\/uploads\/2023\/01\/UXSC_OCT22_Clase_Mayores_10.jpg\u00bb title_text=\u00bbUXSC_OCT22_Clase_Mayores_10&#8243; _builder_version=\u00bb4.19.5&#8243; _module_preset=\u00bbdefault\u00bb global_colors_info=\u00bb{}\u00bb][\/et_pb_image][\/et_pb_column][et_pb_column type=\u00bb1_3&#8243; _builder_version=\u00bb4.19.4&#8243; _module_preset=\u00bbdefault\u00bb global_colors_info=\u00bb{}\u00bb][et_pb_text _builder_version=\u00bb4.19.5&#8243; _module_preset=\u00bbdefault\u00bb background_size=\u00bbinitial\u00bb background_position=\u00bbtop_left\u00bb background_repeat=\u00bbrepeat\u00bb custom_padding=\u00bb|||\u00bb animation_direction=\u00bbtop\u00bb global_colors_info=\u00bb{}\u00bb]<\/p>\n<p>Seconde, Premi\u00e8re y Terminale son los a\u00f1os de Bachillerato, durante los cuales se consolidan los conocimientos y la metodolog\u00eda adquiridos en Secundaria, pero profundizando m\u00e1s en las nociones y en la metodolog\u00eda de la argumentaci\u00f3n.<\/p>\n<p>[\/et_pb_text][\/et_pb_column][\/et_pb_row][et_pb_row _builder_version=\u00bb4.19.5&#8243; _module_preset=\u00bbdefault\u00bb global_colors_info=\u00bb{}\u00bb][et_pb_column type=\u00bb4_4&#8243; _builder_version=\u00bb4.19.5&#8243; _module_preset=\u00bbdefault\u00bb global_colors_info=\u00bb{}\u00bb][et_pb_text _builder_version=\u00bb4.19.5&#8243; header_font=\u00bbPrompt|200|||||||\u00bb header_font_size=\u00bb35px\u00bb header_line_height=\u00bb1.3em\u00bb background_size=\u00bbinitial\u00bb background_position=\u00bbtop_left\u00bb background_repeat=\u00bbrepeat\u00bb custom_margin=\u00bb||||false|false\u00bb custom_padding=\u00bb|||\u00bb animation_direction=\u00bbtop\u00bb locked=\u00bboff\u00bb global_colors_info=\u00bb{}\u00bb]<\/p>\n<h1 style=\"text-align: left;\">Asignaturas de exploraci\u00f3n y especialidades<\/h1>\n<p>[\/et_pb_text][et_pb_divider color=\u00bb#e4a22a\u00bb divider_position=\u00bbcenter\u00bb divider_weight=\u00bb3px\u00bb disabled_on=\u00bboff|off|off%22&#8243; _builder_version=\u00bb4.19.4&#8243; max_width=\u00bb150px\u00bb height=\u00bbfalse\u00bb custom_margin=\u00bb-16px||||false|false\u00bb animation_style=\u00bbslide\u00bb animation_direction=\u00bbtop\u00bb animation_delay=\u00bb100ms\u00bb animation_intensity_slide=\u00bb10%\u00bb locked=\u00bboff\u00bb global_colors_info=\u00bb{}\u00bb][\/et_pb_divider][et_pb_text _builder_version=\u00bb4.19.5&#8243; _module_preset=\u00bbdefault\u00bb background_size=\u00bbinitial\u00bb background_position=\u00bbtop_left\u00bb background_repeat=\u00bbrepeat\u00bb custom_padding=\u00bb|||\u00bb animation_direction=\u00bbtop\u00bb global_colors_info=\u00bb{}\u00bb]<\/p>\n<p>En el a\u00f1o de Seconde (4\u00ba de ESO) se estudian tanto asignaturas troncales comunes como asignaturas llamadas \u00abde exploraci\u00f3n\u00bb. \u00c9stas permiten a\u00a0 los alumnos aprender un cuarto idioma (en nuestro caso el italiano), iniciarse en el estudio de una asignatura nueva \u2013Ciencias Econ\u00f3micas y Sociales\u2013 y reforzar si lo desean su conocimiento de Lengua y Cultura Cl\u00e1sicas mediante la asignatura optativa de Lat\u00edn.\u00a0 Tambi\u00e9n durante este a\u00f1o, los alumnos profundizan en su proyecto de orientaci\u00f3n.\u00a0 Nuestros alumnos realizan unas segundas Pr\u00e1cticas de Observaci\u00f3n en entorno laboral, de 4 d\u00edas de duraci\u00f3n, en el contexto del Itinerario de Orientaci\u00f3n Acad\u00e9mica.<\/p>\n<p>Al final de Seconde aquellos alumnos que opten por continuar sus estudios de Bachillerato general tendr\u00e1n que elegir 3 especialidades para Premi\u00e8re, de las cuales mantendr\u00e1n 2 en Terminale. Las asignaturas de especialidad propuestas por el colegio son las siguientes:<\/p>\n<ul>\n<li>Historia-geograf\u00eda, geopol\u00edtica y ciencias pol\u00edticas<\/li>\n<li>Humanidades, Literatura y Filosof\u00eda<\/li>\n<li>Lengua, Literatura y Cultura Extranjeras: Espa\u00f1ol<\/li>\n<li>Matem\u00e1ticas<\/li>\n<li>F\u00edsica y Qu\u00edmica<\/li>\n<li>Biolog\u00eda<\/li>\n<li>Ciencias Econ\u00f3micas y Sociales<\/li>\n<\/ul>\n<p>Podr\u00e1n tambi\u00e9n optar por mantener, o no, las optativas de Italiano y Lat\u00edn.<\/p>\n<p>[\/et_pb_text][\/et_pb_column][\/et_pb_row][et_pb_row _builder_version=\u00bb4.19.5&#8243; _module_preset=\u00bbdefault\u00bb global_colors_info=\u00bb{}\u00bb][et_pb_column type=\u00bb4_4&#8243; _builder_version=\u00bb4.19.5&#8243; _module_preset=\u00bbdefault\u00bb global_colors_info=\u00bb{}\u00bb][et_pb_image src=\u00bbhttps:\/\/saintchaumond.es\/wp-content\/uploads\/2023\/01\/UXSC_OCT22_Mayores_05.jpg\u00bb title_text=\u00bbUXSC_OCT22_Mayores_05&#8243; _builder_version=\u00bb4.19.5&#8243; _module_preset=\u00bbdefault\u00bb global_colors_info=\u00bb{}\u00bb][\/et_pb_image][\/et_pb_column][\/et_pb_row][et_pb_row _builder_version=\u00bb4.19.5&#8243; _module_preset=\u00bbdefault\u00bb background_color=\u00bb#0D3857&#8243; custom_margin=\u00bb-19px||||false|false\u00bb custom_margin_tablet=\u00bb-23px||||false|false\u00bb custom_margin_phone=\u00bb-21px||||false|false\u00bb custom_margin_last_edited=\u00bbon|desktop\u00bb custom_padding=\u00bb42px|55px|42px|55px|true|true\u00bb border_width_top=\u00bb9px\u00bb border_color_top=\u00bb#E4A22A\u00bb global_colors_info=\u00bb{}\u00bb][et_pb_column type=\u00bb4_4&#8243; _builder_version=\u00bb4.19.5&#8243; _module_preset=\u00bbdefault\u00bb global_colors_info=\u00bb{}\u00bb][et_pb_text _builder_version=\u00bb4.19.5&#8243; _module_preset=\u00bbdefault\u00bb text_text_color=\u00bb#FFFFFF\u00bb text_font_size=\u00bb26px\u00bb text_line_height=\u00bb1.5em\u00bb background_color=\u00bbRGBA(255,255,255,0)\u00bb background_size=\u00bbinitial\u00bb background_position=\u00bbtop_left\u00bb background_repeat=\u00bbrepeat\u00bb module_alignment=\u00bbright\u00bb custom_margin=\u00bb||||false|false\u00bb custom_padding=\u00bb||||false|true\u00bb animation_direction=\u00bbtop\u00bb text_font_size_tablet=\u00bb21px\u00bb text_font_size_phone=\u00bb21px\u00bb text_font_size_last_edited=\u00bbon|desktop\u00bb global_colors_info=\u00bb{}\u00bb]<\/p>\n<p>Una parte importante de la labor del colegio en esta etapa es ayudar a los alumnos a elegir sus estudios de grado superior<\/p>\n<p>[\/et_pb_text][et_pb_button button_url=\u00bbhttps:\/\/saintchaumond.es\/es\/bachillerato\/orientacion-universitaria\/\u00bb button_text=\u00bbOrientaci\u00f3n\u00bb button_alignment=\u00bbleft\u00bb _builder_version=\u00bb4.19.5&#8243; _module_preset=\u00bbdefault\u00bb custom_button=\u00bbon\u00bb button_text_color=\u00bb#FFFFFF\u00bb global_colors_info=\u00bb{}\u00bb][\/et_pb_button][\/et_pb_column][\/et_pb_row][et_pb_row column_structure=\u00bb1_2,1_2&#8243; _builder_version=\u00bb4.19.5&#8243; _module_preset=\u00bbdefault\u00bb global_colors_info=\u00bb{}\u00bb][et_pb_column type=\u00bb1_2&#8243; _builder_version=\u00bb4.19.5&#8243; _module_preset=\u00bbdefault\u00bb global_colors_info=\u00bb{}\u00bb][et_pb_text _builder_version=\u00bb4.19.5&#8243; _module_preset=\u00bbdefault\u00bb background_size=\u00bbinitial\u00bb background_position=\u00bbtop_left\u00bb background_repeat=\u00bbrepeat\u00bb custom_padding=\u00bb|||\u00bb animation_direction=\u00bbtop\u00bb global_colors_info=\u00bb{}\u00bb]<\/p>\n<p>Premi\u00e8re y Terminale (1\u00ba y 2\u00ba de Bachillerato)\u00a0 tienen como objetivos principales preparar a los alumnos para el examen final de Baccalaur\u00e9at \u2014\u201cel BAC\u201d\u2014 y proporcionarles todas las herramientas necesarias para que afronten los estudios superiores de su elecci\u00f3n con garant\u00edas de \u00e9xito. Desde la reforma del BAC de 2020, el 40% de la nota de BAC proviene de la evaluaci\u00f3n continua de las asignaturas troncales (Historia y Geograf\u00eda, Ciencias, primer y segundo idiomas y asignaturas optativas), y el 60% corresponde a los resultados obtenidos en los ex\u00e1menes finales: Franc\u00e9s oral y escrito al final del a\u00f1o de Premi\u00e8re, y Filosof\u00eda, las dos especialidades cursadas en Terminale y un examen oral \u2014llamado \u201cGrand Oral\u201d\u2014 am\u00e9n de tres ex\u00e1menes de Educaci\u00f3n F\u00edsica, en el a\u00f1o de Terminale. Al aprobar el BAC, los alumnos obtienen igualmente el T\u00edtulo de Bachiller espa\u00f1ol y la Credencial\/Acreditaci\u00f3n que les permiten el acceso tanto a las universidades espa\u00f1olas como a las francesas e internacionales.<\/p>\n<p>[\/et_pb_text][\/et_pb_column][et_pb_column type=\u00bb1_2&#8243; _builder_version=\u00bb4.19.5&#8243; _module_preset=\u00bbdefault\u00bb global_colors_info=\u00bb{}\u00bb][et_pb_text _builder_version=\u00bb4.19.5&#8243; text_font=\u00bbPrompt||||||||\u00bb text_text_color=\u00bb#0d3857&#8243; header_font=\u00bbPrompt|300|||||||\u00bb header_text_color=\u00bb#0d3857&#8243; header_font_size=\u00bb22px\u00bb header_line_height=\u00bb1.4em\u00bb max_width=\u00bb500px\u00bb module_alignment=\u00bbcenter\u00bb custom_margin=\u00bb-12px||||false|false\u00bb locked=\u00bboff\u00bb inline_fonts=\u00bbSnell Roundhand BlackScript\u00bb global_colors_info=\u00bb{}\u00bb]<\/p>\n<blockquote>\n<h1 style=\"text-align: left;\"><i>Premi\u00e8re y Terminale \u00a0tienen como objetivos principales preparar a los alumnos para el examen final de Baccalaur\u00e9at \u2014\u201cel BAC\u201d\u2014 y proporcionarles todas las herramientas necesarias para afrontar los estudios superiores que elijan con garant\u00edas de \u00e9xito<\/i><\/h1>\n<\/blockquote>\n<p>[\/et_pb_text][et_pb_image src=\u00bbhttps:\/\/saintchaumond.es\/wp-content\/uploads\/2023\/02\/techno_2023-1.jpg\u00bb title_text=\u00bbtechno_2023-1&#8243; _builder_version=\u00bb4.19.5&#8243; _module_preset=\u00bbdefault\u00bb global_colors_info=\u00bb{}\u00bb][\/et_pb_image][\/et_pb_column][\/et_pb_row][\/et_pb_section]<\/p>\n","protected":false},"excerpt":{"rendered":"<p>Seconde, Premi\u00e8re y Terminale son los a\u00f1os de Bachillerato, durante los cuales se consolidan los conocimientos y la metodolog\u00eda adquiridos en Secundaria, pero profundizando m\u00e1s en las nociones y en la metodolog\u00eda de la argumentaci\u00f3n.Asignaturas de exploraci\u00f3n y especialidadesEn el a\u00f1o de Seconde (4\u00ba de ESO) se estudian tanto asignaturas troncales comunes como asignaturas llamadas [&hellip;]<\/p>\n","protected":false},"author":1,"featured_media":0,"parent":0,"menu_order":0,"comment_status":"closed","ping_status":"closed","template":"","meta":{"_et_pb_use_builder":"on","_et_pb_old_content":"","_et_gb_content_width":"","footnotes":""},"class_list":["post-221152","page","type-page","status-publish","hentry"],"yoast_head":"<!-- This site is optimized with the Yoast SEO plugin v27.3 - https:\/\/yoast.com\/product\/yoast-seo-wordpress\/ -->\n<title>Bachillerato - Saint Chaumond<\/title>\n<meta name=\"robots\" content=\"index, follow, max-snippet:-1, max-image-preview:large, max-video-preview:-1\" \/>\n<link rel=\"canonical\" href=\"https:\/\/saintchaumond.es\/es\/bachillerato\/\" \/>\n<meta property=\"og:locale\" content=\"es_ES\" \/>\n<meta property=\"og:type\" content=\"article\" \/>\n<meta property=\"og:title\" content=\"Bachillerato - Saint Chaumond\" \/>\n<meta property=\"og:description\" content=\"Seconde, Premi\u00e8re y Terminale son los a\u00f1os de Bachillerato, durante los cuales se consolidan los conocimientos y la metodolog\u00eda adquiridos en Secundaria, pero profundizando m\u00e1s en las nociones y en la metodolog\u00eda de la argumentaci\u00f3n.Asignaturas de exploraci\u00f3n y especialidadesEn el a\u00f1o de Seconde (4\u00ba de ESO) se estudian tanto asignaturas troncales comunes como asignaturas llamadas [&hellip;]\" \/>\n<meta property=\"og:url\" content=\"https:\/\/saintchaumond.es\/es\/bachillerato\/\" \/>\n<meta property=\"og:site_name\" content=\"Saint Chaumond\" \/>\n<meta property=\"article:modified_time\" content=\"2026-02-02T08:10:29+00:00\" \/>\n<meta name=\"twitter:card\" content=\"summary_large_image\" \/>\n<meta name=\"twitter:label1\" content=\"Tiempo de lectura\" \/>\n\t<meta name=\"twitter:data1\" content=\"7 minutos\" \/>\n<script type=\"application\/ld+json\" class=\"yoast-schema-graph\">{\"@context\":\"https:\\\/\\\/schema.org\",\"@graph\":[{\"@type\":\"WebPage\",\"@id\":\"https:\\\/\\\/saintchaumond.es\\\/es\\\/bachillerato\\\/\",\"url\":\"https:\\\/\\\/saintchaumond.es\\\/es\\\/bachillerato\\\/\",\"name\":\"Bachillerato - Saint Chaumond\",\"isPartOf\":{\"@id\":\"https:\\\/\\\/saintchaumond.es\\\/es\\\/#website\"},\"datePublished\":\"2023-01-19T17:25:22+00:00\",\"dateModified\":\"2026-02-02T08:10:29+00:00\",\"breadcrumb\":{\"@id\":\"https:\\\/\\\/saintchaumond.es\\\/es\\\/bachillerato\\\/#breadcrumb\"},\"inLanguage\":\"es\",\"potentialAction\":[{\"@type\":\"ReadAction\",\"target\":[\"https:\\\/\\\/saintchaumond.es\\\/es\\\/bachillerato\\\/\"]}]},{\"@type\":\"BreadcrumbList\",\"@id\":\"https:\\\/\\\/saintchaumond.es\\\/es\\\/bachillerato\\\/#breadcrumb\",\"itemListElement\":[{\"@type\":\"ListItem\",\"position\":1,\"name\":\"Portada\",\"item\":\"https:\\\/\\\/saintchaumond.es\\\/\"},{\"@type\":\"ListItem\",\"position\":2,\"name\":\"Bachillerato\"}]},{\"@type\":\"WebSite\",\"@id\":\"https:\\\/\\\/saintchaumond.es\\\/es\\\/#website\",\"url\":\"https:\\\/\\\/saintchaumond.es\\\/es\\\/\",\"name\":\"Saint Chaumond\",\"description\":\"Union-Chr\u00e9tienne de Saint Chaumond\",\"publisher\":{\"@id\":\"https:\\\/\\\/saintchaumond.es\\\/es\\\/#organization\"},\"potentialAction\":[{\"@type\":\"SearchAction\",\"target\":{\"@type\":\"EntryPoint\",\"urlTemplate\":\"https:\\\/\\\/saintchaumond.es\\\/es\\\/?s={search_term_string}\"},\"query-input\":{\"@type\":\"PropertyValueSpecification\",\"valueRequired\":true,\"valueName\":\"search_term_string\"}}],\"inLanguage\":\"es\"},{\"@type\":\"Organization\",\"@id\":\"https:\\\/\\\/saintchaumond.es\\\/es\\\/#organization\",\"name\":\"Saint Chaumond\",\"url\":\"https:\\\/\\\/saintchaumond.es\\\/es\\\/\",\"logo\":{\"@type\":\"ImageObject\",\"inLanguage\":\"es\",\"@id\":\"https:\\\/\\\/saintchaumond.es\\\/es\\\/#\\\/schema\\\/logo\\\/image\\\/\",\"url\":\"https:\\\/\\\/saintchaumond.es\\\/wp-content\\\/uploads\\\/2023\\\/01\\\/UXSC2022_Circular_Color.png\",\"contentUrl\":\"https:\\\/\\\/saintchaumond.es\\\/wp-content\\\/uploads\\\/2023\\\/01\\\/UXSC2022_Circular_Color.png\",\"width\":1157,\"height\":1172,\"caption\":\"Saint Chaumond\"},\"image\":{\"@id\":\"https:\\\/\\\/saintchaumond.es\\\/es\\\/#\\\/schema\\\/logo\\\/image\\\/\"}}]}<\/script>\n<!-- \/ Yoast SEO plugin. -->","yoast_head_json":{"title":"Bachillerato - Saint Chaumond","robots":{"index":"index","follow":"follow","max-snippet":"max-snippet:-1","max-image-preview":"max-image-preview:large","max-video-preview":"max-video-preview:-1"},"canonical":"https:\/\/saintchaumond.es\/es\/bachillerato\/","og_locale":"es_ES","og_type":"article","og_title":"Bachillerato - Saint Chaumond","og_description":"Seconde, Premi\u00e8re y Terminale son los a\u00f1os de Bachillerato, durante los cuales se consolidan los conocimientos y la metodolog\u00eda adquiridos en Secundaria, pero profundizando m\u00e1s en las nociones y en la metodolog\u00eda de la argumentaci\u00f3n.Asignaturas de exploraci\u00f3n y especialidadesEn el a\u00f1o de Seconde (4\u00ba de ESO) se estudian tanto asignaturas troncales comunes como asignaturas llamadas [&hellip;]","og_url":"https:\/\/saintchaumond.es\/es\/bachillerato\/","og_site_name":"Saint Chaumond","article_modified_time":"2026-02-02T08:10:29+00:00","twitter_card":"summary_large_image","twitter_misc":{"Tiempo de lectura":"7 minutos"},"schema":{"@context":"https:\/\/schema.org","@graph":[{"@type":"WebPage","@id":"https:\/\/saintchaumond.es\/es\/bachillerato\/","url":"https:\/\/saintchaumond.es\/es\/bachillerato\/","name":"Bachillerato - Saint Chaumond","isPartOf":{"@id":"https:\/\/saintchaumond.es\/es\/#website"},"datePublished":"2023-01-19T17:25:22+00:00","dateModified":"2026-02-02T08:10:29+00:00","breadcrumb":{"@id":"https:\/\/saintchaumond.es\/es\/bachillerato\/#breadcrumb"},"inLanguage":"es","potentialAction":[{"@type":"ReadAction","target":["https:\/\/saintchaumond.es\/es\/bachillerato\/"]}]},{"@type":"BreadcrumbList","@id":"https:\/\/saintchaumond.es\/es\/bachillerato\/#breadcrumb","itemListElement":[{"@type":"ListItem","position":1,"name":"Portada","item":"https:\/\/saintchaumond.es\/"},{"@type":"ListItem","position":2,"name":"Bachillerato"}]},{"@type":"WebSite","@id":"https:\/\/saintchaumond.es\/es\/#website","url":"https:\/\/saintchaumond.es\/es\/","name":"Saint Chaumond","description":"Union-Chr\u00e9tienne de Saint Chaumond","publisher":{"@id":"https:\/\/saintchaumond.es\/es\/#organization"},"potentialAction":[{"@type":"SearchAction","target":{"@type":"EntryPoint","urlTemplate":"https:\/\/saintchaumond.es\/es\/?s={search_term_string}"},"query-input":{"@type":"PropertyValueSpecification","valueRequired":true,"valueName":"search_term_string"}}],"inLanguage":"es"},{"@type":"Organization","@id":"https:\/\/saintchaumond.es\/es\/#organization","name":"Saint Chaumond","url":"https:\/\/saintchaumond.es\/es\/","logo":{"@type":"ImageObject","inLanguage":"es","@id":"https:\/\/saintchaumond.es\/es\/#\/schema\/logo\/image\/","url":"https:\/\/saintchaumond.es\/wp-content\/uploads\/2023\/01\/UXSC2022_Circular_Color.png","contentUrl":"https:\/\/saintchaumond.es\/wp-content\/uploads\/2023\/01\/UXSC2022_Circular_Color.png","width":1157,"height":1172,"caption":"Saint Chaumond"},"image":{"@id":"https:\/\/saintchaumond.es\/es\/#\/schema\/logo\/image\/"}}]}},"_links":{"self":[{"href":"https:\/\/saintchaumond.es\/es\/wp-json\/wp\/v2\/pages\/221152","targetHints":{"allow":["GET"]}}],"collection":[{"href":"https:\/\/saintchaumond.es\/es\/wp-json\/wp\/v2\/pages"}],"about":[{"href":"https:\/\/saintchaumond.es\/es\/wp-json\/wp\/v2\/types\/page"}],"author":[{"embeddable":true,"href":"https:\/\/saintchaumond.es\/es\/wp-json\/wp\/v2\/users\/1"}],"replies":[{"embeddable":true,"href":"https:\/\/saintchaumond.es\/es\/wp-json\/wp\/v2\/comments?post=221152"}],"version-history":[{"count":19,"href":"https:\/\/saintchaumond.es\/es\/wp-json\/wp\/v2\/pages\/221152\/revisions"}],"predecessor-version":[{"id":225627,"href":"https:\/\/saintchaumond.es\/es\/wp-json\/wp\/v2\/pages\/221152\/revisions\/225627"}],"wp:attachment":[{"href":"https:\/\/saintchaumond.es\/es\/wp-json\/wp\/v2\/media?parent=221152"}],"curies":[{"name":"wp","href":"https:\/\/api.w.org\/{rel}","templated":true}]}}