{"id":221140,"date":"2023-01-19T18:04:30","date_gmt":"2023-01-19T17:04:30","guid":{"rendered":"https:\/\/saintchaumond.es\/?page_id=221140"},"modified":"2026-01-26T13:52:41","modified_gmt":"2026-01-26T12:52:41","slug":"secundaria","status":"publish","type":"page","link":"https:\/\/saintchaumond.es\/es\/secundaria\/","title":{"rendered":"Secundaria"},"content":{"rendered":"<p>[et_pb_section fb_built=\u00bb1&#8243; fullwidth=\u00bbon\u00bb _builder_version=\u00bb4.19.4&#8243; background_color=\u00bb#000000&#8243; custom_padding=\u00bb|||\u00bb locked=\u00bboff\u00bb global_colors_info=\u00bb{}\u00bb][et_pb_fullwidth_header title=\u00bbSecundaria\u00bb text_orientation=\u00bbcenter\u00bb background_overlay_color=\u00bbrgba(30,29,28,0.45)\u00bb _builder_version=\u00bb4.19.5&#8243; title_font=\u00bbPrompt|200|||||||\u00bb title_text_color=\u00bb#ffffff\u00bb title_font_size=\u00bb82px\u00bb title_line_height=\u00bb1.2em\u00bb subhead_font=\u00bbPrompt|300|||||||\u00bb subhead_text_align=\u00bbcenter\u00bb subhead_text_color=\u00bb#ffffff\u00bb subhead_font_size=\u00bb27px\u00bb subhead_line_height=\u00bb1.7em\u00bb background_color=\u00bbrgba(255, 255, 255, 0)\u00bb background_image=\u00bbhttps:\/\/saintchaumond.es\/wp-content\/uploads\/2023\/02\/Secundaria-scaled.jpg\u00bb background_position=\u00bbtop_center\u00bb background_vertical_offset=\u00bb28%\u00bb background_repeat=\u00bbrepeat\u00bb background_layout=\u00bblight\u00bb height_last_edited=\u00bboff|desktop\u00bb custom_margin=\u00bb|||\u00bb custom_margin_last_edited=\u00bboff|phone\u00bb custom_padding=\u00bb200px||200px||true|false\u00bb custom_padding_tablet=\u00bb201px||||false|false\u00bb custom_padding_phone=\u00bb144px||53px||false|false\u00bb custom_padding_last_edited=\u00bboff|phone\u00bb animation_style=\u00bbfade\u00bb animation_direction=\u00bbbottom\u00bb animation_duration=\u00bb800ms\u00bb title_text_align_last_edited=\u00bboff|phone\u00bb title_font_size_tablet=\u00bb62px\u00bb title_font_size_phone=\u00bb43px\u00bb title_font_size_last_edited=\u00bbon|desktop\u00bb global_colors_info=\u00bb{}\u00bb button_one_text_size__hover_enabled=\u00bboff\u00bb button_two_text_size__hover_enabled=\u00bboff\u00bb button_one_text_color__hover_enabled=\u00bboff\u00bb button_two_text_color__hover_enabled=\u00bboff\u00bb button_one_border_width__hover_enabled=\u00bboff\u00bb button_two_border_width__hover_enabled=\u00bboff\u00bb button_one_border_color__hover_enabled=\u00bboff\u00bb button_two_border_color__hover_enabled=\u00bboff\u00bb button_one_border_radius__hover_enabled=\u00bboff\u00bb button_two_border_radius__hover_enabled=\u00bboff\u00bb button_one_letter_spacing__hover_enabled=\u00bboff\u00bb button_two_letter_spacing__hover_enabled=\u00bboff\u00bb button_one_bg_color__hover_enabled=\u00bboff\u00bb button_two_bg_color__hover_enabled=\u00bboff\u00bb][\/et_pb_fullwidth_header][\/et_pb_section][et_pb_section fb_built=\u00bb1&#8243; _builder_version=\u00bb4.19.4&#8243; _module_preset=\u00bbdefault\u00bb global_colors_info=\u00bb{}\u00bb][et_pb_row column_structure=\u00bb3_5,2_5&#8243; _builder_version=\u00bb4.19.4&#8243; _module_preset=\u00bbdefault\u00bb global_colors_info=\u00bb{}\u00bb][et_pb_column type=\u00bb3_5&#8243; _builder_version=\u00bb4.19.4&#8243; _module_preset=\u00bbdefault\u00bb global_colors_info=\u00bb{}\u00bb][et_pb_text _builder_version=\u00bb4.19.4&#8243; _module_preset=\u00bbdefault\u00bb background_size=\u00bbinitial\u00bb background_position=\u00bbtop_left\u00bb background_repeat=\u00bbrepeat\u00bb custom_padding=\u00bb|||\u00bb animation_direction=\u00bbtop\u00bb global_colors_info=\u00bb{}\u00bb]<\/p>\n<p>El alumno est\u00e1 en el centro de su aprendizaje, adquiriendo no solamente conocimientos sino tambi\u00e9n competencias t\u00e9cnicas (saber hacer) y aptitudes sociales (saber estar).\u00a0 Con nuestra pedagog\u00eda favorecemos el desarrollo personal del alumno en el marco de un centro escolar multicultural, pluriling\u00fce y abierto al mundo.<\/p>\n<p>[\/et_pb_text][et_pb_image src=\u00bbhttps:\/\/saintchaumond.es\/wp-content\/uploads\/2023\/01\/UXSC_OCT22_Mayores_11.jpg\u00bb title_text=\u00bbUXSC_OCT22_Mayores_11&#8243; _builder_version=\u00bb4.19.4&#8243; _module_preset=\u00bbdefault\u00bb global_colors_info=\u00bb{}\u00bb][\/et_pb_image][et_pb_image src=\u00bbhttps:\/\/saintchaumond.es\/wp-content\/uploads\/2023\/01\/UXSC_OCT22_Deporte_08.jpg\u00bb title_text=\u00bbUXSC_OCT22_Deporte_08&#8243; _builder_version=\u00bb4.19.4&#8243; _module_preset=\u00bbdefault\u00bb global_colors_info=\u00bb{}\u00bb][\/et_pb_image][\/et_pb_column][et_pb_column type=\u00bb2_5&#8243; _builder_version=\u00bb4.19.4&#8243; _module_preset=\u00bbdefault\u00bb background_color=\u00bb#eaeaea\u00bb custom_padding=\u00bb30px|40px|30px|40px|false|false\u00bb global_colors_info=\u00bb{}\u00bb][et_pb_text _builder_version=\u00bb4.19.4&#8243; header_font=\u00bbPrompt|200|||||||\u00bb header_text_color=\u00bb#0E3858&#8243; header_font_size=\u00bb35px\u00bb header_line_height=\u00bb1.3em\u00bb background_size=\u00bbinitial\u00bb background_position=\u00bbtop_left\u00bb background_repeat=\u00bbrepeat\u00bb custom_margin=\u00bb||||false|false\u00bb custom_padding=\u00bb|||\u00bb animation_direction=\u00bbtop\u00bb locked=\u00bboff\u00bb global_colors_info=\u00bb{}\u00bb]<\/p>\n<h1 style=\"text-align: left;\">Las bases de nuestra pedagog\u00eda<\/h1>\n<p>[\/et_pb_text][et_pb_divider color=\u00bb#e4a22a\u00bb divider_position=\u00bbcenter\u00bb divider_weight=\u00bb3px\u00bb disabled_on=\u00bboff|off|off%22&#8243; _builder_version=\u00bb4.19.4&#8243; max_width=\u00bb150px\u00bb height=\u00bbfalse\u00bb custom_margin=\u00bb-16px||||false|false\u00bb animation_style=\u00bbslide\u00bb animation_direction=\u00bbtop\u00bb animation_delay=\u00bb100ms\u00bb animation_intensity_slide=\u00bb10%\u00bb locked=\u00bboff\u00bb global_colors_info=\u00bb{}\u00bb][\/et_pb_divider][et_pb_text _builder_version=\u00bb4.19.4&#8243; _module_preset=\u00bbdefault\u00bb text_text_color=\u00bb#0E3858&#8243; text_line_height=\u00bb1.3em\u00bb background_size=\u00bbinitial\u00bb background_position=\u00bbtop_left\u00bb background_repeat=\u00bbrepeat\u00bb custom_padding=\u00bb||22px||false|false\u00bb border_width_bottom=\u00bb1px\u00bb border_color_bottom=\u00bb#0E3858&#8243; global_colors_info=\u00bb{}\u00bb]<\/p>\n<p>La implicaci\u00f3n directa y activa del alumno en su proceso de aprendizaje<\/p>\n<p>[\/et_pb_text][et_pb_text _builder_version=\u00bb4.19.4&#8243; _module_preset=\u00bbdefault\u00bb text_text_color=\u00bb#0E3858&#8243; text_line_height=\u00bb1.3em\u00bb background_size=\u00bbinitial\u00bb background_position=\u00bbtop_left\u00bb background_repeat=\u00bbrepeat\u00bb custom_padding=\u00bb||22px||false|false\u00bb border_width_bottom=\u00bb1px\u00bb border_color_bottom=\u00bb#0E3858&#8243; global_colors_info=\u00bb{}\u00bb]<\/p>\n<p>El acompa\u00f1amiento del alumno hacia la autonom\u00eda<\/p>\n<p>[\/et_pb_text][et_pb_text _builder_version=\u00bb4.19.4&#8243; _module_preset=\u00bbdefault\u00bb text_text_color=\u00bb#0E3858&#8243; text_line_height=\u00bb1.3em\u00bb background_size=\u00bbinitial\u00bb background_position=\u00bbtop_left\u00bb background_repeat=\u00bbrepeat\u00bb custom_padding=\u00bb||22px||false|false\u00bb border_width_bottom=\u00bb1px\u00bb border_color_bottom=\u00bb#0E3858&#8243; global_colors_info=\u00bb{}\u00bb]<\/p>\n<p>El desarrollo del esp\u00edritu cr\u00edtico mediante la adquisici\u00f3n de t\u00e9cnicas y competencias de razonamiento y argumentaci\u00f3n<\/p>\n<p>[\/et_pb_text][et_pb_text _builder_version=\u00bb4.19.4&#8243; _module_preset=\u00bbdefault\u00bb text_text_color=\u00bb#0E3858&#8243; text_line_height=\u00bb1.3em\u00bb background_size=\u00bbinitial\u00bb background_position=\u00bbtop_left\u00bb background_repeat=\u00bbrepeat\u00bb custom_padding=\u00bb||22px||false|false\u00bb border_width_bottom=\u00bb1px\u00bb border_color_bottom=\u00bb#0E3858&#8243; global_colors_info=\u00bb{}\u00bb]<\/p>\n<p>Una evaluaci\u00f3n positiva, personalizada y continua a lo largo de todo el aprendizaje que tiene en cuenta, no solamente los conocimientos del alumno, sino tambi\u00e9n sus destrezas y sus esfuerzos<\/p>\n<p>[\/et_pb_text][et_pb_text _builder_version=\u00bb4.19.4&#8243; _module_preset=\u00bbdefault\u00bb text_text_color=\u00bb#0E3858&#8243; text_line_height=\u00bb1.3em\u00bb background_size=\u00bbinitial\u00bb background_position=\u00bbtop_left\u00bb background_repeat=\u00bbrepeat\u00bb custom_padding=\u00bb||22px||false|false\u00bb border_width_bottom=\u00bb1px\u00bb border_color_bottom=\u00bb#0E3858&#8243; global_colors_info=\u00bb{}\u00bb]<\/p>\n<p>La adquisici\u00f3n de t\u00e9cnicas y el dominio de herramientas inform\u00e1ticas, indispensables para los estudios superiores<\/p>\n<p>[\/et_pb_text][et_pb_text _builder_version=\u00bb4.19.4&#8243; _module_preset=\u00bbdefault\u00bb text_text_color=\u00bb#0E3858&#8243; text_line_height=\u00bb1.3em\u00bb background_size=\u00bbinitial\u00bb background_position=\u00bbtop_left\u00bb background_repeat=\u00bbrepeat\u00bb custom_padding=\u00bb||22px||false|false\u00bb border_width_bottom=\u00bb1px\u00bb border_color_bottom=\u00bb#0E3858&#8243; global_colors_info=\u00bb{}\u00bb]<\/p>\n<p>La aplicaci\u00f3n de una metodolog\u00eda de experimentaci\u00f3n e investigaci\u00f3n propia de la pr\u00e1ctica cient\u00edfica y tecnol\u00f3gica, en un laboratorio equipado con el material cient\u00edfico necesario<\/p>\n<p>[\/et_pb_text][et_pb_text _builder_version=\u00bb4.19.4&#8243; _module_preset=\u00bbdefault\u00bb text_text_color=\u00bb#0E3858&#8243; text_line_height=\u00bb1.3em\u00bb background_size=\u00bbinitial\u00bb background_position=\u00bbtop_left\u00bb background_repeat=\u00bbrepeat\u00bb custom_padding=\u00bb||22px||false|false\u00bb border_width_bottom=\u00bb1px\u00bb border_color_bottom=\u00bb#0E3858&#8243; global_colors_info=\u00bb{}\u00bb]<\/p>\n<p>El desarrollo de proyectos interdisciplinares, cuyo objetivo es construir y afianzar competencias y conocimientos mediante trabajos en equipo que fomenten la colaboraci\u00f3n y el respeto a los dem\u00e1s<\/p>\n<p>[\/et_pb_text][\/et_pb_column][\/et_pb_row][et_pb_row _builder_version=\u00bb4.19.4&#8243; _module_preset=\u00bbdefault\u00bb custom_margin=\u00bb0px||||false|false\u00bb custom_padding=\u00bb0px||||false|false\u00bb global_colors_info=\u00bb{}\u00bb][et_pb_column type=\u00bb4_4&#8243; _builder_version=\u00bb4.19.4&#8243; _module_preset=\u00bbdefault\u00bb global_colors_info=\u00bb{}\u00bb][et_pb_image src=\u00bbhttps:\/\/saintchaumond.es\/wp-content\/uploads\/2023\/01\/UXSC_OCT22_Clase_Mayores_16.jpg\u00bb title_text=\u00bbUXSC_OCT22_Clase_Mayores_16&#8243; _builder_version=\u00bb4.19.4&#8243; _module_preset=\u00bbdefault\u00bb global_colors_info=\u00bb{}\u00bb][\/et_pb_image][et_pb_button button_url=\u00bbhttps:\/\/saintchaumond.es\/wp-content\/uploads\/2023\/01\/Equivalencias_web.pdf\u00bb url_new_window=\u00bbon\u00bb button_text=\u00bbEquivalencias con el sistema espa\u00f1ol\u00bb button_alignment=\u00bbleft\u00bb _builder_version=\u00bb4.19.4&#8243; _module_preset=\u00bbdefault\u00bb custom_button=\u00bbon\u00bb button_text_size=\u00bb16px\u00bb button_text_color=\u00bb#0E3858&#8243; button_border_radius=\u00bb0px\u00bb button_letter_spacing=\u00bb2px\u00bb button_font=\u00bbPrompt|||on|||||\u00bb button_use_icon=\u00bboff\u00bb custom_padding=\u00bb8px|15px|8px|15px\u00bb global_colors_info=\u00bb{}\u00bb button_text_color__hover=\u00bb#ffffff\u00bb button_text_color__hover_enabled=\u00bbon|desktop\u00bb button_border_radius__hover=\u00bb0px\u00bb button_border_radius__hover_enabled=\u00bbon\u00bb button_letter_spacing__hover=\u00bb2px\u00bb button_letter_spacing__hover_enabled=\u00bbon|desktop\u00bb button_bg_color__hover=\u00bb#0D3857&#8243; button_bg_color__hover_enabled=\u00bbon|hover\u00bb button_border_color__hover=\u00bb#085da3&#8243; button_border_color__hover_enabled=\u00bbon\u00bb][\/et_pb_button][et_pb_text _builder_version=\u00bb4.19.4&#8243; header_font=\u00bbPrompt|200|||||||\u00bb header_text_color=\u00bb#0E3858&#8243; header_font_size=\u00bb35px\u00bb header_line_height=\u00bb1.3em\u00bb background_size=\u00bbinitial\u00bb background_position=\u00bbtop_left\u00bb background_repeat=\u00bbrepeat\u00bb custom_margin=\u00bb||||false|false\u00bb custom_padding=\u00bb|||\u00bb animation_direction=\u00bbtop\u00bb locked=\u00bboff\u00bb global_colors_info=\u00bb{}\u00bb]<\/p>\n<h1 style=\"text-align: left;\">De 6\u00e8me a 3\u00e8me<\/h1>\n<p>[\/et_pb_text][et_pb_divider color=\u00bb#e4a22a\u00bb divider_position=\u00bbcenter\u00bb divider_weight=\u00bb3px\u00bb disabled_on=\u00bboff|off|off%22&#8243; _builder_version=\u00bb4.19.4&#8243; max_width=\u00bb150px\u00bb height=\u00bbfalse\u00bb custom_margin=\u00bb-16px||||false|false\u00bb animation_style=\u00bbslide\u00bb animation_direction=\u00bbtop\u00bb animation_delay=\u00bb100ms\u00bb animation_intensity_slide=\u00bb10%\u00bb locked=\u00bboff\u00bb global_colors_info=\u00bb{}\u00bb][\/et_pb_divider][et_pb_text _builder_version=\u00bb4.19.4&#8243; _module_preset=\u00bbdefault\u00bb background_size=\u00bbinitial\u00bb background_position=\u00bbtop_left\u00bb background_repeat=\u00bbrepeat\u00bb custom_padding=\u00bb|||\u00bb animation_direction=\u00bbtop\u00bb global_colors_info=\u00bb{}\u00bb]<\/p>\n<p>En 6\u00e8me, los alumnos siguen un proceso de adaptaci\u00f3n a la organizaci\u00f3n y al ritmo de Secundaria y consolidan lo aprendido en los dos primeros a\u00f1os del llamado \u00abCiclo 3\u00bb del sistema franc\u00e9s (que comprende C.M.1 \u2013 4\u00ba de Primaria, C.M.2 \u2013 5\u00ba de Primaria y 6\u00e8me \u2013 6\u00ba de Primaria).\u00a0<\/p>\n<p>5\u00e8me, 4\u00e8me y 3\u00e8me (1\u00ba, 2\u00ba y 3\u00ba de ESO) forman el llamado \u00abCiclo 4 \u00bb, el ciclo central de\u00a0 profundizaci\u00f3n en los conocimientos.\u00a0 En estos a\u00f1os, los alumnos desarrollan competencias en todas las disciplinas y en los cuatro Itinerarios Transversales :\u00a0 Educaci\u00f3n Art\u00edstica y Cultural, Educaci\u00f3n C\u00edvica, Educaci\u00f3n a la salud y Orientaci\u00f3n profesional. A lo largo de este ciclo central los alumnos afianzan el conocimiento de los tres idiomas (franc\u00e9s, espa\u00f1ol e ingl\u00e9s) y se inician en el aprendizaje del lat\u00edn.<\/p>\n<p>[\/et_pb_text][\/et_pb_column][\/et_pb_row][et_pb_row column_structure=\u00bb1_2,1_2&#8243; _builder_version=\u00bb4.19.4&#8243; _module_preset=\u00bbdefault\u00bb global_colors_info=\u00bb{}\u00bb][et_pb_column type=\u00bb1_2&#8243; _builder_version=\u00bb4.19.4&#8243; _module_preset=\u00bbdefault\u00bb global_colors_info=\u00bb{}\u00bb][et_pb_image src=\u00bbhttps:\/\/saintchaumond.es\/wp-content\/uploads\/2023\/01\/UXSC_OCT22_Mayores_06.jpg\u00bb title_text=\u00bbUXSC_OCT22_Mayores_06&#8243; _builder_version=\u00bb4.19.4&#8243; _module_preset=\u00bbdefault\u00bb global_colors_info=\u00bb{}\u00bb][\/et_pb_image][\/et_pb_column][et_pb_column type=\u00bb1_2&#8243; _builder_version=\u00bb4.19.4&#8243; _module_preset=\u00bbdefault\u00bb global_colors_info=\u00bb{}\u00bb][et_pb_text _builder_version=\u00bb4.19.4&#8243; _module_preset=\u00bbdefault\u00bb background_size=\u00bbinitial\u00bb background_position=\u00bbtop_left\u00bb background_repeat=\u00bbrepeat\u00bb custom_padding=\u00bb|||\u00bb animation_direction=\u00bbtop\u00bb global_colors_info=\u00bb{}\u00bb]<\/p>\n<p>En el contexto de nuestro Proyecto de Orientaci\u00f3n, los alumnos de 3\u00ba de E.S.O. realizan unas Pr\u00e1cticas de Observaci\u00f3n del \u00e1mbito laboral en empresas. Estas pr\u00e1cticas duran 3 d\u00edas y permiten a los alumnos familiarizarse con el mundo laboral.\u00a0 3\u00ba de E.S.O. es tambi\u00e9n un a\u00f1o fundamental en la Orientaci\u00f3n Acad\u00e9mica de los alumnos hacia los estudios de Bachillerato.<\/p>\n<p>A final de curso los alumnos pasan un examen oficial, el \u201cDipl\u00f4me National du Brevet\u201d (DNB).\u00a0 Se eval\u00faa sobre 800 puntos. De \u00e9stos, 400 corresponden a la evaluaci\u00f3n continua de las competencias que los alumnos deben haber adquirido al final de 3\u00e8me; 300 puntos, a la evaluaci\u00f3n de los ex\u00e1menes finales escritos (Franc\u00e9s, Matem\u00e1ticas, Historia y Geograf\u00eda y Ciencias); y 100 puntos a un examen oral en el que los alumnos exponen un proyecto ante un tribunal.\u00a0 La obtenci\u00f3n de este diploma marca el final de la etapa escolar de Secundaria.<\/p>\n<p>[\/et_pb_text][\/et_pb_column][\/et_pb_row][\/et_pb_section]<\/p>\n","protected":false},"excerpt":{"rendered":"<p>El alumno est\u00e1 en el centro de su aprendizaje, adquiriendo no solamente conocimientos sino tambi\u00e9n competencias t\u00e9cnicas (saber hacer) y aptitudes sociales (saber estar).\u00a0 Con nuestra pedagog\u00eda favorecemos el desarrollo personal del alumno en el marco de un centro escolar multicultural, pluriling\u00fce y abierto al mundo.Las bases de nuestra pedagog\u00edaLa implicaci\u00f3n directa y activa del [&hellip;]<\/p>\n","protected":false},"author":1,"featured_media":0,"parent":0,"menu_order":0,"comment_status":"closed","ping_status":"closed","template":"","meta":{"_et_pb_use_builder":"on","_et_pb_old_content":"","_et_gb_content_width":"","footnotes":""},"class_list":["post-221140","page","type-page","status-publish","hentry"],"yoast_head":"<!-- This site is optimized with the Yoast SEO plugin v27.3 - https:\/\/yoast.com\/product\/yoast-seo-wordpress\/ -->\n<title>Secundaria - Saint Chaumond<\/title>\n<meta name=\"robots\" content=\"index, follow, max-snippet:-1, max-image-preview:large, max-video-preview:-1\" \/>\n<link rel=\"canonical\" href=\"https:\/\/saintchaumond.es\/es\/secundaria\/\" \/>\n<meta property=\"og:locale\" content=\"es_ES\" \/>\n<meta property=\"og:type\" content=\"article\" \/>\n<meta property=\"og:title\" content=\"Secundaria - Saint Chaumond\" \/>\n<meta property=\"og:description\" content=\"El alumno est\u00e1 en el centro de su aprendizaje, adquiriendo no solamente conocimientos sino tambi\u00e9n competencias t\u00e9cnicas (saber hacer) y aptitudes sociales (saber estar).\u00a0 Con nuestra pedagog\u00eda favorecemos el desarrollo personal del alumno en el marco de un centro escolar multicultural, pluriling\u00fce y abierto al mundo.Las bases de nuestra pedagog\u00edaLa implicaci\u00f3n directa y activa del [&hellip;]\" \/>\n<meta property=\"og:url\" content=\"https:\/\/saintchaumond.es\/es\/secundaria\/\" \/>\n<meta property=\"og:site_name\" content=\"Saint Chaumond\" \/>\n<meta property=\"article:modified_time\" content=\"2026-01-26T12:52:41+00:00\" \/>\n<meta name=\"twitter:card\" content=\"summary_large_image\" \/>\n<meta name=\"twitter:label1\" content=\"Tiempo de lectura\" \/>\n\t<meta name=\"twitter:data1\" content=\"9 minutos\" \/>\n<script type=\"application\/ld+json\" class=\"yoast-schema-graph\">{\"@context\":\"https:\\\/\\\/schema.org\",\"@graph\":[{\"@type\":\"WebPage\",\"@id\":\"https:\\\/\\\/saintchaumond.es\\\/es\\\/secundaria\\\/\",\"url\":\"https:\\\/\\\/saintchaumond.es\\\/es\\\/secundaria\\\/\",\"name\":\"Secundaria - Saint Chaumond\",\"isPartOf\":{\"@id\":\"https:\\\/\\\/saintchaumond.es\\\/es\\\/#website\"},\"datePublished\":\"2023-01-19T17:04:30+00:00\",\"dateModified\":\"2026-01-26T12:52:41+00:00\",\"breadcrumb\":{\"@id\":\"https:\\\/\\\/saintchaumond.es\\\/es\\\/secundaria\\\/#breadcrumb\"},\"inLanguage\":\"es\",\"potentialAction\":[{\"@type\":\"ReadAction\",\"target\":[\"https:\\\/\\\/saintchaumond.es\\\/es\\\/secundaria\\\/\"]}]},{\"@type\":\"BreadcrumbList\",\"@id\":\"https:\\\/\\\/saintchaumond.es\\\/es\\\/secundaria\\\/#breadcrumb\",\"itemListElement\":[{\"@type\":\"ListItem\",\"position\":1,\"name\":\"Portada\",\"item\":\"https:\\\/\\\/saintchaumond.es\\\/\"},{\"@type\":\"ListItem\",\"position\":2,\"name\":\"Secundaria\"}]},{\"@type\":\"WebSite\",\"@id\":\"https:\\\/\\\/saintchaumond.es\\\/es\\\/#website\",\"url\":\"https:\\\/\\\/saintchaumond.es\\\/es\\\/\",\"name\":\"Saint Chaumond\",\"description\":\"Union-Chr\u00e9tienne de Saint Chaumond\",\"publisher\":{\"@id\":\"https:\\\/\\\/saintchaumond.es\\\/es\\\/#organization\"},\"potentialAction\":[{\"@type\":\"SearchAction\",\"target\":{\"@type\":\"EntryPoint\",\"urlTemplate\":\"https:\\\/\\\/saintchaumond.es\\\/es\\\/?s={search_term_string}\"},\"query-input\":{\"@type\":\"PropertyValueSpecification\",\"valueRequired\":true,\"valueName\":\"search_term_string\"}}],\"inLanguage\":\"es\"},{\"@type\":\"Organization\",\"@id\":\"https:\\\/\\\/saintchaumond.es\\\/es\\\/#organization\",\"name\":\"Saint Chaumond\",\"url\":\"https:\\\/\\\/saintchaumond.es\\\/es\\\/\",\"logo\":{\"@type\":\"ImageObject\",\"inLanguage\":\"es\",\"@id\":\"https:\\\/\\\/saintchaumond.es\\\/es\\\/#\\\/schema\\\/logo\\\/image\\\/\",\"url\":\"https:\\\/\\\/saintchaumond.es\\\/wp-content\\\/uploads\\\/2023\\\/01\\\/UXSC2022_Circular_Color.png\",\"contentUrl\":\"https:\\\/\\\/saintchaumond.es\\\/wp-content\\\/uploads\\\/2023\\\/01\\\/UXSC2022_Circular_Color.png\",\"width\":1157,\"height\":1172,\"caption\":\"Saint Chaumond\"},\"image\":{\"@id\":\"https:\\\/\\\/saintchaumond.es\\\/es\\\/#\\\/schema\\\/logo\\\/image\\\/\"}}]}<\/script>\n<!-- \/ Yoast SEO plugin. -->","yoast_head_json":{"title":"Secundaria - Saint Chaumond","robots":{"index":"index","follow":"follow","max-snippet":"max-snippet:-1","max-image-preview":"max-image-preview:large","max-video-preview":"max-video-preview:-1"},"canonical":"https:\/\/saintchaumond.es\/es\/secundaria\/","og_locale":"es_ES","og_type":"article","og_title":"Secundaria - Saint Chaumond","og_description":"El alumno est\u00e1 en el centro de su aprendizaje, adquiriendo no solamente conocimientos sino tambi\u00e9n competencias t\u00e9cnicas (saber hacer) y aptitudes sociales (saber estar).\u00a0 Con nuestra pedagog\u00eda favorecemos el desarrollo personal del alumno en el marco de un centro escolar multicultural, pluriling\u00fce y abierto al mundo.Las bases de nuestra pedagog\u00edaLa implicaci\u00f3n directa y activa del [&hellip;]","og_url":"https:\/\/saintchaumond.es\/es\/secundaria\/","og_site_name":"Saint Chaumond","article_modified_time":"2026-01-26T12:52:41+00:00","twitter_card":"summary_large_image","twitter_misc":{"Tiempo de lectura":"9 minutos"},"schema":{"@context":"https:\/\/schema.org","@graph":[{"@type":"WebPage","@id":"https:\/\/saintchaumond.es\/es\/secundaria\/","url":"https:\/\/saintchaumond.es\/es\/secundaria\/","name":"Secundaria - Saint Chaumond","isPartOf":{"@id":"https:\/\/saintchaumond.es\/es\/#website"},"datePublished":"2023-01-19T17:04:30+00:00","dateModified":"2026-01-26T12:52:41+00:00","breadcrumb":{"@id":"https:\/\/saintchaumond.es\/es\/secundaria\/#breadcrumb"},"inLanguage":"es","potentialAction":[{"@type":"ReadAction","target":["https:\/\/saintchaumond.es\/es\/secundaria\/"]}]},{"@type":"BreadcrumbList","@id":"https:\/\/saintchaumond.es\/es\/secundaria\/#breadcrumb","itemListElement":[{"@type":"ListItem","position":1,"name":"Portada","item":"https:\/\/saintchaumond.es\/"},{"@type":"ListItem","position":2,"name":"Secundaria"}]},{"@type":"WebSite","@id":"https:\/\/saintchaumond.es\/es\/#website","url":"https:\/\/saintchaumond.es\/es\/","name":"Saint Chaumond","description":"Union-Chr\u00e9tienne de Saint Chaumond","publisher":{"@id":"https:\/\/saintchaumond.es\/es\/#organization"},"potentialAction":[{"@type":"SearchAction","target":{"@type":"EntryPoint","urlTemplate":"https:\/\/saintchaumond.es\/es\/?s={search_term_string}"},"query-input":{"@type":"PropertyValueSpecification","valueRequired":true,"valueName":"search_term_string"}}],"inLanguage":"es"},{"@type":"Organization","@id":"https:\/\/saintchaumond.es\/es\/#organization","name":"Saint Chaumond","url":"https:\/\/saintchaumond.es\/es\/","logo":{"@type":"ImageObject","inLanguage":"es","@id":"https:\/\/saintchaumond.es\/es\/#\/schema\/logo\/image\/","url":"https:\/\/saintchaumond.es\/wp-content\/uploads\/2023\/01\/UXSC2022_Circular_Color.png","contentUrl":"https:\/\/saintchaumond.es\/wp-content\/uploads\/2023\/01\/UXSC2022_Circular_Color.png","width":1157,"height":1172,"caption":"Saint Chaumond"},"image":{"@id":"https:\/\/saintchaumond.es\/es\/#\/schema\/logo\/image\/"}}]}},"_links":{"self":[{"href":"https:\/\/saintchaumond.es\/es\/wp-json\/wp\/v2\/pages\/221140","targetHints":{"allow":["GET"]}}],"collection":[{"href":"https:\/\/saintchaumond.es\/es\/wp-json\/wp\/v2\/pages"}],"about":[{"href":"https:\/\/saintchaumond.es\/es\/wp-json\/wp\/v2\/types\/page"}],"author":[{"embeddable":true,"href":"https:\/\/saintchaumond.es\/es\/wp-json\/wp\/v2\/users\/1"}],"replies":[{"embeddable":true,"href":"https:\/\/saintchaumond.es\/es\/wp-json\/wp\/v2\/comments?post=221140"}],"version-history":[{"count":12,"href":"https:\/\/saintchaumond.es\/es\/wp-json\/wp\/v2\/pages\/221140\/revisions"}],"predecessor-version":[{"id":225617,"href":"https:\/\/saintchaumond.es\/es\/wp-json\/wp\/v2\/pages\/221140\/revisions\/225617"}],"wp:attachment":[{"href":"https:\/\/saintchaumond.es\/es\/wp-json\/wp\/v2\/media?parent=221140"}],"curies":[{"name":"wp","href":"https:\/\/api.w.org\/{rel}","templated":true}]}}