{"id":207912,"date":"2019-07-31T14:34:34","date_gmt":"2019-07-31T12:34:34","guid":{"rendered":"https:\/\/saintchaumond.es\/tienda\/"},"modified":"2025-06-20T11:04:01","modified_gmt":"2025-06-20T09:04:01","slug":"tienda","status":"publish","type":"page","link":"https:\/\/saintchaumond.es\/es\/tienda\/","title":{"rendered":"Tienda"},"content":{"rendered":"<p>[et_pb_section fb_built=\u00bb1&#8243; fullwidth=\u00bbon\u00bb _builder_version=\u00bb4.19.5&#8243; background_color=\u00bb#000000&#8243; custom_padding=\u00bb|||\u00bb locked=\u00bboff\u00bb global_colors_info=\u00bb{}\u00bb][et_pb_fullwidth_header title=\u00bbTienda UXSC\u00bb text_orientation=\u00bbcenter\u00bb background_overlay_color=\u00bbrgba(30,29,28,0.08)\u00bb _builder_version=\u00bb4.20.0&#8243; title_font=\u00bbPrompt|200|||||||\u00bb title_text_color=\u00bb#ffffff\u00bb title_font_size=\u00bb90px\u00bb title_line_height=\u00bb1.2em\u00bb subhead_font=\u00bbPrompt|300|||||||\u00bb subhead_text_color=\u00bb#ffffff\u00bb subhead_font_size=\u00bb27px\u00bb subhead_line_height=\u00bb1.7em\u00bb background_color=\u00bbrgba(255, 255, 255, 0)\u00bb background_image=\u00bbhttps:\/\/saintchaumond.es\/wp-content\/uploads\/2023\/02\/UXSC_OCT22_Primaria_16.jpg\u00bb background_position=\u00bbbottom_center\u00bb background_vertical_offset=\u00bb35%\u00bb background_repeat=\u00bbrepeat\u00bb background_layout=\u00bblight\u00bb height_tablet=\u00bb\u00bb height_phone=\u00bb\u00bb height_last_edited=\u00bbon|desktop\u00bb custom_margin=\u00bb|||\u00bb custom_padding=\u00bb200px||200px||true|false\u00bb custom_padding_tablet=\u00bb||||false|false\u00bb custom_padding_phone=\u00bb||||false|false\u00bb custom_padding_last_edited=\u00bbon|tablet\u00bb animation_style=\u00bbfade\u00bb animation_direction=\u00bbbottom\u00bb animation_duration=\u00bb800ms\u00bb title_font_size_tablet=\u00bb55px\u00bb title_font_size_phone=\u00bb47px\u00bb title_font_size_last_edited=\u00bbon|phone\u00bb subhead_font_size_tablet=\u00bb27px\u00bb subhead_font_size_phone=\u00bb27px\u00bb subhead_font_size_last_edited=\u00bbon|desktop\u00bb background_last_edited=\u00bbon|phone\u00bb background_image_tablet=\u00bbhttps:\/\/saintchaumond.es\/wp-content\/uploads\/2023\/02\/UXSC_OCT22_Primaria_16-e1677013453922.jpg\u00bb background_enable_image_tablet=\u00bbon\u00bb background_vertical_offset_tablet=\u00bb52%\u00bb global_colors_info=\u00bb{}\u00bb button_one_text_size__hover_enabled=\u00bboff\u00bb button_two_text_size__hover_enabled=\u00bboff\u00bb button_one_text_color__hover_enabled=\u00bboff\u00bb button_two_text_color__hover_enabled=\u00bboff\u00bb button_one_border_width__hover_enabled=\u00bboff\u00bb button_two_border_width__hover_enabled=\u00bboff\u00bb button_one_border_color__hover_enabled=\u00bboff\u00bb button_two_border_color__hover_enabled=\u00bboff\u00bb button_one_border_radius__hover_enabled=\u00bboff\u00bb button_two_border_radius__hover_enabled=\u00bboff\u00bb button_one_letter_spacing__hover_enabled=\u00bboff\u00bb button_two_letter_spacing__hover_enabled=\u00bboff\u00bb button_one_bg_color__hover_enabled=\u00bboff\u00bb button_two_bg_color__hover_enabled=\u00bboff\u00bb][\/et_pb_fullwidth_header][\/et_pb_section][et_pb_section fb_built=\u00bb1&#8243; _builder_version=\u00bb4.19.5&#8243; _module_preset=\u00bbdefault\u00bb global_colors_info=\u00bb{}\u00bb][et_pb_row column_structure=\u00bb1_3,1_3,1_3&#8243; _builder_version=\u00bb4.27.4&#8243; _module_preset=\u00bbdefault\u00bb global_colors_info=\u00bb{}\u00bb][et_pb_column type=\u00bb1_3&#8243; _builder_version=\u00bb4.27.4&#8243; _module_preset=\u00bbdefault\u00bb global_colors_info=\u00bb{}\u00bb][et_pb_button button_url=\u00bb#productos\u00bb button_text=\u00bbProductos\u00bb button_alignment=\u00bbcenter\u00bb _builder_version=\u00bb4.27.4&#8243; _module_preset=\u00bbdefault\u00bb global_colors_info=\u00bb{}\u00bb][\/et_pb_button][\/et_pb_column][et_pb_column type=\u00bb1_3&#8243; _builder_version=\u00bb4.27.4&#8243; _module_preset=\u00bbdefault\u00bb global_colors_info=\u00bb{}\u00bb][et_pb_button button_url=\u00bb#libros\u00bb button_text=\u00bbLibros y material\u00bb button_alignment=\u00bbcenter\u00bb _builder_version=\u00bb4.27.4&#8243; _module_preset=\u00bbdefault\u00bb global_colors_info=\u00bb{}\u00bb][\/et_pb_button][\/et_pb_column][et_pb_column type=\u00bb1_3&#8243; _builder_version=\u00bb4.27.4&#8243; _module_preset=\u00bbdefault\u00bb global_colors_info=\u00bb{}\u00bb][et_pb_button button_url=\u00bb#becas\u00bb button_text=\u00bbBecas\u00bb button_alignment=\u00bbcenter\u00bb _builder_version=\u00bb4.27.4&#8243; _module_preset=\u00bbdefault\u00bb global_colors_info=\u00bb{}\u00bb][\/et_pb_button][\/et_pb_column][\/et_pb_row][et_pb_row _builder_version=\u00bb4.19.5&#8243; _module_preset=\u00bbdefault\u00bb global_colors_info=\u00bb{}\u00bb][et_pb_column type=\u00bb4_4&#8243; _builder_version=\u00bb4.19.5&#8243; _module_preset=\u00bbdefault\u00bb global_colors_info=\u00bb{}\u00bb][et_pb_text module_id=\u00bbproductos\u00bb _builder_version=\u00bb4.27.4&#8243; _module_preset=\u00bbdefault\u00bb header_text_color=\u00bb#E4A22A\u00bb global_colors_info=\u00bb{}\u00bb]<\/p>\n<h1>Productos<\/h1>\n<p>[\/et_pb_text][et_pb_shop type=\u00bbproduct_category\u00bb show_pagination=\u00bbon\u00bb include_categories=\u00bb45&#8243; _builder_version=\u00bb4.27.0&#8243; _module_preset=\u00bbdefault\u00bb title_font_size=\u00bb21px\u00bb price_font_size=\u00bb16px\u00bb global_colors_info=\u00bb{}\u00bb][\/et_pb_shop][\/et_pb_column][\/et_pb_row][et_pb_row _builder_version=\u00bb4.19.5&#8243; _module_preset=\u00bbdefault\u00bb global_colors_info=\u00bb{}\u00bb][et_pb_column type=\u00bb4_4&#8243; _builder_version=\u00bb4.19.5&#8243; _module_preset=\u00bbdefault\u00bb global_colors_info=\u00bb{}\u00bb][et_pb_text module_id=\u00bblibros\u00bb _builder_version=\u00bb4.27.4&#8243; _module_preset=\u00bbdefault\u00bb header_text_color=\u00bb#E4A22A\u00bb global_colors_info=\u00bb{}\u00bb]<\/p>\n<h1>Libros de texto y material<\/h1>\n<p>[\/et_pb_text][et_pb_shop type=\u00bbproduct_category\u00bb show_pagination=\u00bbon\u00bb include_categories=\u00bb45&#8243; _builder_version=\u00bb4.27.0&#8243; _module_preset=\u00bbdefault\u00bb title_font_size=\u00bb21px\u00bb price_font_size=\u00bb16px\u00bb global_colors_info=\u00bb{}\u00bb][\/et_pb_shop][\/et_pb_column][\/et_pb_row][et_pb_row _builder_version=\u00bb4.19.5&#8243; _module_preset=\u00bbdefault\u00bb global_colors_info=\u00bb{}\u00bb][et_pb_column type=\u00bb4_4&#8243; _builder_version=\u00bb4.19.5&#8243; _module_preset=\u00bbdefault\u00bb global_colors_info=\u00bb{}\u00bb][et_pb_text module_id=\u00bbbecas\u00bb _builder_version=\u00bb4.27.4&#8243; _module_preset=\u00bbdefault\u00bb header_2_text_color=\u00bb#E4A22A\u00bb locked=\u00bboff\u00bb global_colors_info=\u00bb{}\u00bb]<\/p>\n<h2>Becas San Vicente de Pa\u00fal<\/h2>\n<p style=\"font-weight: 400;\">Cada curso, las Religiosas de la Union-Chr\u00e9tienne de Saint Chaumond de Madrid destinan el 1% de la escolaridad a un fondo especial para conceder becas de apoyo a aquellas familias del colegio que est\u00e1n pasando por una situaci\u00f3n econ\u00f3mica delicada.<\/p>\n<p style=\"font-weight: 400;\">\u00a0Este fondo se incremente adem\u00e1s con la generosidad de otras familias, que, con sus donaciones, permiten que m\u00e1s personas puedan beneficiarse de estas ayudas.<\/p>\n<p style=\"font-weight: 400;\">\u00a0Es una hermosa manera de honrar el carisma vicenciano, promoviendo el esp\u00edritu de solidaridad y unidad que San Vicente de Pa\u00fal inculc\u00f3 en todos los miembros de la Uni\u00f3n Cristiana que \u00e9l fund\u00f3.<\/p>\n<p style=\"font-weight: 400;\"><strong>TU AYUDA CUENTA<\/strong><\/p>\n<p style=\"font-weight: 400;\">Con tu colaboraci\u00f3n, podemos hacer una gran diferencia en la vida de muchas familias.<\/p>\n<p>[\/et_pb_text][et_pb_shop type=\u00bbproduct_category\u00bb show_pagination=\u00bbon\u00bb include_categories=\u00bb76&#8243; _builder_version=\u00bb4.27.0&#8243; _module_preset=\u00bbdefault\u00bb title_font_size=\u00bb21px\u00bb price_font_size=\u00bb16px\u00bb global_colors_info=\u00bb{}\u00bb][\/et_pb_shop][\/et_pb_column][\/et_pb_row][\/et_pb_section]<\/p>\n","protected":false},"excerpt":{"rendered":"<p>ProductosLibros de texto y materialBecas San Vicente de Pa\u00fal Cada curso, las Religiosas de la Union-Chr\u00e9tienne de Saint Chaumond de Madrid destinan el 1% de la escolaridad a un fondo especial para conceder becas de apoyo a aquellas familias del colegio que est\u00e1n pasando por una situaci\u00f3n econ\u00f3mica delicada. \u00a0Este fondo se incremente adem\u00e1s con [&hellip;]<\/p>\n","protected":false},"author":1,"featured_media":0,"parent":0,"menu_order":0,"comment_status":"closed","ping_status":"closed","template":"","meta":{"_et_pb_use_builder":"on","_et_pb_old_content":"","_et_gb_content_width":"","footnotes":""},"class_list":["post-207912","page","type-page","status-publish","hentry"],"yoast_head":"<!-- This site is optimized with the Yoast SEO plugin v27.3 - https:\/\/yoast.com\/product\/yoast-seo-wordpress\/ -->\n<title>Tienda - Saint Chaumond<\/title>\n<meta name=\"robots\" content=\"index, follow, max-snippet:-1, max-image-preview:large, max-video-preview:-1\" \/>\n<link rel=\"canonical\" href=\"https:\/\/saintchaumond.es\/es\/tienda\/\" \/>\n<meta property=\"og:locale\" content=\"es_ES\" \/>\n<meta property=\"og:type\" content=\"article\" \/>\n<meta property=\"og:title\" content=\"Tienda - Saint Chaumond\" \/>\n<meta property=\"og:description\" content=\"ProductosLibros de texto y materialBecas San Vicente de Pa\u00fal Cada curso, las Religiosas de la Union-Chr\u00e9tienne de Saint Chaumond de Madrid destinan el 1% de la escolaridad a un fondo especial para conceder becas de apoyo a aquellas familias del colegio que est\u00e1n pasando por una situaci\u00f3n econ\u00f3mica delicada. \u00a0Este fondo se incremente adem\u00e1s con [&hellip;]\" \/>\n<meta property=\"og:url\" content=\"https:\/\/saintchaumond.es\/es\/tienda\/\" \/>\n<meta property=\"og:site_name\" content=\"Saint Chaumond\" \/>\n<meta property=\"article:modified_time\" content=\"2025-06-20T09:04:01+00:00\" \/>\n<meta name=\"twitter:card\" content=\"summary_large_image\" \/>\n<meta name=\"twitter:label1\" content=\"Tiempo de lectura\" \/>\n\t<meta name=\"twitter:data1\" content=\"4 minutos\" \/>\n<script type=\"application\/ld+json\" class=\"yoast-schema-graph\">{\"@context\":\"https:\\\/\\\/schema.org\",\"@graph\":[{\"@type\":\"WebPage\",\"@id\":\"https:\\\/\\\/saintchaumond.es\\\/es\\\/tienda\\\/\",\"url\":\"https:\\\/\\\/saintchaumond.es\\\/es\\\/tienda\\\/\",\"name\":\"Tienda - Saint Chaumond\",\"isPartOf\":{\"@id\":\"https:\\\/\\\/saintchaumond.es\\\/es\\\/#website\"},\"datePublished\":\"2019-07-31T12:34:34+00:00\",\"dateModified\":\"2025-06-20T09:04:01+00:00\",\"breadcrumb\":{\"@id\":\"https:\\\/\\\/saintchaumond.es\\\/es\\\/tienda\\\/#breadcrumb\"},\"inLanguage\":\"es\",\"potentialAction\":[{\"@type\":\"ReadAction\",\"target\":[\"https:\\\/\\\/saintchaumond.es\\\/es\\\/tienda\\\/\"]}]},{\"@type\":\"BreadcrumbList\",\"@id\":\"https:\\\/\\\/saintchaumond.es\\\/es\\\/tienda\\\/#breadcrumb\",\"itemListElement\":[{\"@type\":\"ListItem\",\"position\":1,\"name\":\"Portada\",\"item\":\"https:\\\/\\\/saintchaumond.es\\\/\"},{\"@type\":\"ListItem\",\"position\":2,\"name\":\"Tienda\"}]},{\"@type\":\"WebSite\",\"@id\":\"https:\\\/\\\/saintchaumond.es\\\/es\\\/#website\",\"url\":\"https:\\\/\\\/saintchaumond.es\\\/es\\\/\",\"name\":\"Saint Chaumond\",\"description\":\"Union-Chr\u00e9tienne de Saint Chaumond\",\"publisher\":{\"@id\":\"https:\\\/\\\/saintchaumond.es\\\/es\\\/#organization\"},\"potentialAction\":[{\"@type\":\"SearchAction\",\"target\":{\"@type\":\"EntryPoint\",\"urlTemplate\":\"https:\\\/\\\/saintchaumond.es\\\/es\\\/?s={search_term_string}\"},\"query-input\":{\"@type\":\"PropertyValueSpecification\",\"valueRequired\":true,\"valueName\":\"search_term_string\"}}],\"inLanguage\":\"es\"},{\"@type\":\"Organization\",\"@id\":\"https:\\\/\\\/saintchaumond.es\\\/es\\\/#organization\",\"name\":\"Saint Chaumond\",\"url\":\"https:\\\/\\\/saintchaumond.es\\\/es\\\/\",\"logo\":{\"@type\":\"ImageObject\",\"inLanguage\":\"es\",\"@id\":\"https:\\\/\\\/saintchaumond.es\\\/es\\\/#\\\/schema\\\/logo\\\/image\\\/\",\"url\":\"https:\\\/\\\/saintchaumond.es\\\/wp-content\\\/uploads\\\/2023\\\/01\\\/UXSC2022_Circular_Color.png\",\"contentUrl\":\"https:\\\/\\\/saintchaumond.es\\\/wp-content\\\/uploads\\\/2023\\\/01\\\/UXSC2022_Circular_Color.png\",\"width\":1157,\"height\":1172,\"caption\":\"Saint Chaumond\"},\"image\":{\"@id\":\"https:\\\/\\\/saintchaumond.es\\\/es\\\/#\\\/schema\\\/logo\\\/image\\\/\"}}]}<\/script>\n<!-- \/ Yoast SEO plugin. -->","yoast_head_json":{"title":"Tienda - Saint Chaumond","robots":{"index":"index","follow":"follow","max-snippet":"max-snippet:-1","max-image-preview":"max-image-preview:large","max-video-preview":"max-video-preview:-1"},"canonical":"https:\/\/saintchaumond.es\/es\/tienda\/","og_locale":"es_ES","og_type":"article","og_title":"Tienda - Saint Chaumond","og_description":"ProductosLibros de texto y materialBecas San Vicente de Pa\u00fal Cada curso, las Religiosas de la Union-Chr\u00e9tienne de Saint Chaumond de Madrid destinan el 1% de la escolaridad a un fondo especial para conceder becas de apoyo a aquellas familias del colegio que est\u00e1n pasando por una situaci\u00f3n econ\u00f3mica delicada. \u00a0Este fondo se incremente adem\u00e1s con [&hellip;]","og_url":"https:\/\/saintchaumond.es\/es\/tienda\/","og_site_name":"Saint Chaumond","article_modified_time":"2025-06-20T09:04:01+00:00","twitter_card":"summary_large_image","twitter_misc":{"Tiempo de lectura":"4 minutos"},"schema":{"@context":"https:\/\/schema.org","@graph":[{"@type":"WebPage","@id":"https:\/\/saintchaumond.es\/es\/tienda\/","url":"https:\/\/saintchaumond.es\/es\/tienda\/","name":"Tienda - Saint Chaumond","isPartOf":{"@id":"https:\/\/saintchaumond.es\/es\/#website"},"datePublished":"2019-07-31T12:34:34+00:00","dateModified":"2025-06-20T09:04:01+00:00","breadcrumb":{"@id":"https:\/\/saintchaumond.es\/es\/tienda\/#breadcrumb"},"inLanguage":"es","potentialAction":[{"@type":"ReadAction","target":["https:\/\/saintchaumond.es\/es\/tienda\/"]}]},{"@type":"BreadcrumbList","@id":"https:\/\/saintchaumond.es\/es\/tienda\/#breadcrumb","itemListElement":[{"@type":"ListItem","position":1,"name":"Portada","item":"https:\/\/saintchaumond.es\/"},{"@type":"ListItem","position":2,"name":"Tienda"}]},{"@type":"WebSite","@id":"https:\/\/saintchaumond.es\/es\/#website","url":"https:\/\/saintchaumond.es\/es\/","name":"Saint Chaumond","description":"Union-Chr\u00e9tienne de Saint Chaumond","publisher":{"@id":"https:\/\/saintchaumond.es\/es\/#organization"},"potentialAction":[{"@type":"SearchAction","target":{"@type":"EntryPoint","urlTemplate":"https:\/\/saintchaumond.es\/es\/?s={search_term_string}"},"query-input":{"@type":"PropertyValueSpecification","valueRequired":true,"valueName":"search_term_string"}}],"inLanguage":"es"},{"@type":"Organization","@id":"https:\/\/saintchaumond.es\/es\/#organization","name":"Saint Chaumond","url":"https:\/\/saintchaumond.es\/es\/","logo":{"@type":"ImageObject","inLanguage":"es","@id":"https:\/\/saintchaumond.es\/es\/#\/schema\/logo\/image\/","url":"https:\/\/saintchaumond.es\/wp-content\/uploads\/2023\/01\/UXSC2022_Circular_Color.png","contentUrl":"https:\/\/saintchaumond.es\/wp-content\/uploads\/2023\/01\/UXSC2022_Circular_Color.png","width":1157,"height":1172,"caption":"Saint Chaumond"},"image":{"@id":"https:\/\/saintchaumond.es\/es\/#\/schema\/logo\/image\/"}}]}},"_links":{"self":[{"href":"https:\/\/saintchaumond.es\/es\/wp-json\/wp\/v2\/pages\/207912","targetHints":{"allow":["GET"]}}],"collection":[{"href":"https:\/\/saintchaumond.es\/es\/wp-json\/wp\/v2\/pages"}],"about":[{"href":"https:\/\/saintchaumond.es\/es\/wp-json\/wp\/v2\/types\/page"}],"author":[{"embeddable":true,"href":"https:\/\/saintchaumond.es\/es\/wp-json\/wp\/v2\/users\/1"}],"replies":[{"embeddable":true,"href":"https:\/\/saintchaumond.es\/es\/wp-json\/wp\/v2\/comments?post=207912"}],"version-history":[{"count":2,"href":"https:\/\/saintchaumond.es\/es\/wp-json\/wp\/v2\/pages\/207912\/revisions"}],"predecessor-version":[{"id":224771,"href":"https:\/\/saintchaumond.es\/es\/wp-json\/wp\/v2\/pages\/207912\/revisions\/224771"}],"wp:attachment":[{"href":"https:\/\/saintchaumond.es\/es\/wp-json\/wp\/v2\/media?parent=207912"}],"curies":[{"name":"wp","href":"https:\/\/api.w.org\/{rel}","templated":true}]}}