{"id":207779,"date":"2019-07-10T15:11:58","date_gmt":"2019-07-10T13:11:58","guid":{"rendered":"https:\/\/saintchaumond.es\/?page_id=207779"},"modified":"2026-01-15T18:25:04","modified_gmt":"2026-01-15T17:25:04","slug":"politica-de-privacidad","status":"publish","type":"page","link":"https:\/\/saintchaumond.es\/es\/politica-de-privacidad\/","title":{"rendered":"Pol\u00edtica de Privacidad"},"content":{"rendered":"<p>[et_pb_section fb_built=\u00bb1&#8243; admin_label=\u00bbTeam\u00bb _builder_version=\u00bb4.16&#8243; custom_padding=\u00bb5px||90px|||\u00bb global_colors_info=\u00bb{}\u00bb][et_pb_row _builder_version=\u00bb4.16&#8243; custom_padding=\u00bb||10px|\u00bb locked=\u00bboff\u00bb global_colors_info=\u00bb{}\u00bb][et_pb_column type=\u00bb4_4&#8243; _builder_version=\u00bb4.16&#8243; custom_padding=\u00bb|||\u00bb global_colors_info=\u00bb{}\u00bb custom_padding__hover=\u00bb|||\u00bb][et_pb_text admin_label=\u00bbTitle\u00bb _builder_version=\u00bb4.27.4&#8243; header_font=\u00bbPrompt|200|||||||\u00bb custom_margin=\u00bb24px|||||\u00bb animation_style=\u00bbslide\u00bb locked=\u00bboff\u00bb global_colors_info=\u00bb{}\u00bb text_font_size=\u00bb16px\u00bb header_text_color=\u00bb#0E3858&#8243; header_font_size=\u00bb49px\u00bb header_line_height=\u00bb1.3em\u00bb background_size=\u00bbinitial\u00bb background_position=\u00bbtop_left\u00bb background_repeat=\u00bbrepeat\u00bb custom_padding=\u00bb|||\u00bb animation_direction=\u00bbtop\u00bb animation_delay=\u00bb400ms\u00bb animation_intensity_slide=\u00bb4%\u00bb header_font_size_last_edited=\u00bbon|tablet\u00bb hover_enabled=\u00bb0&#8243; sticky_enabled=\u00bb0&#8243; header_font_size_phone=\u00bb42px\u00bb header_font_size_tablet=\u00bb49px\u00bb]<\/p>\n<h1>Pol\u00edtica de Privacidad<\/h1>\n<p>[\/et_pb_text][et_pb_divider show_divider=\u00bboff\u00bb _builder_version=\u00bb4.16&#8243; max_width=\u00bb50px\u00bb module_alignment=\u00bbcenter\u00bb height=\u00bb0px\u00bb custom_margin=\u00bb||20px|\u00bb animation_style=\u00bbslide\u00bb animation_direction=\u00bbtop\u00bb animation_intensity_slide=\u00bb10%\u00bb animation_starting_opacity=\u00bb100%\u00bb locked=\u00bboff\u00bb global_colors_info=\u00bb{}\u00bb][\/et_pb_divider][et_pb_text _builder_version=\u00bb4.16&#8243; text_font=\u00bbPoppins||||||||\u00bb text_text_color=\u00bb#666666&#8243; text_line_height=\u00bb1.8em\u00bb text_orientation=\u00bbcenter\u00bb width=\u00bb100%\u00bb module_alignment=\u00bbcenter\u00bb custom_margin=\u00bb|||\u00bb custom_padding=\u00bb|||\u00bb animation_style=\u00bbfade\u00bb locked=\u00bboff\u00bb global_colors_info=\u00bb{}\u00bb]<\/p>\n<p style=\"text-align: left;\"><span style=\"font-size: 18px;\">En Union-Chr\u00e9tienne de Saint Chaumond (en adelante el Centro), nos comprometemos a asegurar que su informaci\u00f3n personal se encuentre protegida y no se utilice de forma indebida.<\/span><\/p>\n<p style=\"text-align: left;\">En esta\u00a0 Pol\u00edtica de privacidad explicamos qui\u00e9n es el Responsable del tratamiento de los datos, con qu\u00e9 finalidad se van a tratar, la legitimaci\u00f3n para dicho tratamiento, c\u00f3mo y para qu\u00e9 utilizamos los datos y los derechos que le asisten.<\/p>\n<p style=\"text-align: left;\"><strong>RESPONSABLE DEL TRATAMIENTO DE TUS DATOS<\/strong><\/p>\n<p style=\"text-align: left;\">UNION-CHR\u00c9TIENNE DE SAINT CHAUMOND<\/p>\n<p style=\"text-align: left;\">CIF: R-2800634-D<\/p>\n<ul style=\"text-align: left;\">\n<li>Direcci\u00f3n postal: RODR\u00cdGUEZ MAR\u00cdN 30-32, 28002 MADRID<\/li>\n<li>Correo electr\u00f3nico del Delegado de Protecci\u00f3n de datos: <a href=\"mailto:dpo.uxsc@gmail.com\">dpo@saintchaumond.es<\/a><\/li>\n<\/ul>\n<p style=\"text-align: left;\"><strong>FINALIDAD DEL TRATAMIENTO<\/strong><\/p>\n<p style=\"text-align: left;\">El Centro le solicita datos con distintas finalidades;<\/p>\n<p style=\"text-align: left;\">*datos de car\u00e1cter identificativo de las alumnas y de sus tutores legales (nombre, apellido, datos de contacto, domicilio\u2026.) para el normal desarrollo del ejercicio de la funci\u00f3n educativa, para contactar en relaci\u00f3n a comunicaciones de car\u00e1cter informativo, as\u00ed como para poder ofrecerles una atenci\u00f3n lo m\u00e1s personalizada posible.<\/p>\n<p style=\"text-align: left;\">*datos para el normal desarrollo de la gesti\u00f3n administrativa, la gesti\u00f3n de cobros y pagos derivados de la matriculaci\u00f3n del alumno en el Centro.<\/p>\n<p style=\"text-align: left;\">*datos de car\u00e1cter especial (certificado m\u00e9dico, partida de bautismo,\u2026) inherentes al ideario y funcionamiento del Centro.<\/p>\n<p style=\"text-align: left;\">*datos de contacto para gestionar las consultas recibidas a trav\u00e9s del formulario.<\/p>\n<p style=\"text-align: left;\">Los datos personales que tratamos en el Centro proceden del propio interesado.<br \/>El interesado que env\u00eda la informaci\u00f3n, garantiza y responde, en cualquier caso, de la exactitud, vigencia y autenticidad de los datos personales facilitados y se compromete a mantenerlos debidamente actualizados, exonerando al Centro de cualquier responsabilidad al respecto.<\/p>\n<p style=\"text-align: left;\">Asimismo, el Centro no responde de la veracidad de las informaciones que no sean de elaboraci\u00f3n propia y de las que se indique otra fuente, por lo que tampoco asume responsabilidad alguna en cuanto a hipot\u00e9ticos perjuicios que pudieran originarse por el uso de dicha informaci\u00f3n.<\/p>\n<p style=\"text-align: left;\">Los datos se tratan de manera transparente. No se recogen m\u00e1s datos que los estrictamente necesarios para la finalidad perseguida en cada caso (como la educaci\u00f3n y orientaci\u00f3n de los alumnos, el cumplimiento de relaciones jur\u00eddicas y las comunicaciones de car\u00e1cter informativo).<\/p>\n<p style=\"text-align: left;\">Los datos\u00a0ser\u00e1n conservados\u00a0durante el plazo estrictamente necesario para cumplir con los preceptos mencionados con anterioridad mientras se mantenga relaci\u00f3n jur\u00eddica con el Centro, y una vez terminada, en los plazos estimados por la normativa vigente.<\/p>\n<p style=\"text-align: left;\">No obstante pese a la existencia de estos plazos, le informamos que de forma peri\u00f3dica revisaremos nuestra base y eliminaremos aquellos datos que no sean legalmente necesarios.<\/p>\n<p style=\"text-align: left;\"><strong>LEGITIMACION DEL TRATAMIENTO<\/strong><\/p>\n<p style=\"text-align: left;\">La base legal que permite al Centro tratar sus datos personales tambi\u00e9n depende de la finalidad para la que los tratemos:<\/p>\n<p style=\"text-align: left;\"><u>Finalidad<\/u>\u00a0\u00a0\u00a0\u00a0\u00a0\u00a0\u00a0\u00a0\u00a0\u00a0\u00a0\u00a0\u00a0\u00a0\u00a0\u00a0\u00a0\u00a0\u00a0\u00a0\u00a0\u00a0\u00a0\u00a0\u00a0\u00a0\u00a0\u00a0\u00a0\u00a0\u00a0\u00a0\u00a0\u00a0\u00a0\u00a0\u00a0\u00a0\u00a0\u00a0\u00a0\u00a0\u00a0\u00a0\u00a0\u00a0\u00a0\u00a0\u00a0\u00a0\u00a0\u00a0\u00a0\u00a0\u00a0 <u>Legitimaci\u00f3n<\/u><\/p>\n<p style=\"text-align: left;\">Datos de car\u00e1cter identificativo\u00a0 \u00a0 \u00a0 \u00a0 \u00a0 \u00a0 \u00a0Consentimiento del interesado<\/p>\n<p style=\"text-align: left;\">\u00a0 \u00a0 \u00a0 \u00a0 \u00a0 \u00a0 \u00a0 \u00a0 \u00a0 \u00a0 \u00a0 \u00a0 \u00a0 \u00a0 \u00a0 \u00a0 \u00a0 \u00a0 \u00a0 \u00a0 \u00a0 \u00a0 \u00a0 \u00a0 \u00a0 \u00a0 \u00a0 \u00a0 \u00a0 \u00a0 \u00a0 \u00a0 \u00a0 \u00a0 \u00a0 \u00a0 \u00a0 Inter\u00e9s Leg\u00edtimo<\/p>\n<p style=\"text-align: left;\">Datos gesti\u00f3n administrativa\u00a0 \u00a0 \u00a0 \u00a0 \u00a0 \u00a0 \u00a0 \u00a0 \u00a0 Desarrollo, cumplimiento y ejecuci\u00f3n de relaci\u00f3n jur\u00eddica<\/p>\n<p style=\"text-align: left;\">\u00a0 \u00a0 \u00a0 \u00a0 \u00a0 \u00a0 \u00a0 \u00a0 \u00a0 \u00a0 \u00a0 \u00a0 \u00a0 \u00a0 \u00a0 \u00a0 \u00a0 \u00a0 \u00a0 \u00a0 \u00a0 \u00a0 \u00a0 \u00a0 \u00a0 \u00a0 \u00a0 \u00a0 \u00a0 \u00a0 \u00a0 \u00a0 \u00a0 \u00a0 \u00a0 \u00a0 \u00a0 Consentimiento del interesado<\/p>\n<p style=\"text-align: left;\">Datos de car\u00e1cter especial\u00a0 \u00a0 \u00a0 \u00a0 \u00a0 \u00a0 \u00a0 \u00a0 \u00a0 \u00a0 \u00a0 Consentimiento del interesado<\/p>\n<p style=\"text-align: left;\">\u00a0 \u00a0 \u00a0 \u00a0 \u00a0 \u00a0 \u00a0 \u00a0 \u00a0 \u00a0 \u00a0 \u00a0 \u00a0 \u00a0 \u00a0 \u00a0 \u00a0 \u00a0 \u00a0 \u00a0 \u00a0 \u00a0 \u00a0 \u00a0 \u00a0 \u00a0 \u00a0 \u00a0 \u00a0 \u00a0 \u00a0 \u00a0 \u00a0 \u00a0 \u00a0 \u00a0 \u00a0 Inter\u00e9s Leg\u00edtimo<\/p>\n<p style=\"text-align: left;\">Datos de contacto\u00a0 \u00a0 \u00a0 \u00a0 \u00a0 \u00a0 \u00a0 \u00a0 \u00a0 \u00a0 \u00a0 \u00a0 \u00a0 \u00a0 \u00a0 \u00a0 \u00a0 \u00a0 \u00a0 Consentimiento del interesado<\/p>\n<p style=\"text-align: left;\"><strong>\u00a0<\/strong><\/p>\n<p style=\"text-align: left;\"><strong>CESION DE DATOS<\/strong><\/p>\n<p style=\"text-align: left;\">El Centro no ceder\u00e1 los datos, salvo los previstos por ley y precisos para el desempe\u00f1o de sus atribuciones y cumplimiento de su objeto social.<\/p>\n<p style=\"text-align: left;\"><strong>DERECHOS<\/strong><\/p>\n<p style=\"text-align: left;\">El Centro se compromete a respetar la confidencialidad de sus datos personales y a garantizarle el ejercicio de sus derechos. Para ello pueden enviar un mail a:\u00a0 <a href=\"mailto:dpo.uxsc@gmail.com\">dpo@saintchaumond.es<\/a>\u00a0indicando el motivo de su solicitud y el derecho que quiere ejercitar.<\/p>\n<p style=\"text-align: left;\">Para su correcta identificaci\u00f3n deber\u00e1 adjuntar copia de un documento acreditativo de su identidad.<\/p>\n<p style=\"text-align: left;\">Sobre los datos facilitados al Centro, tiene derecho a:<\/p>\n<p style=\"text-align: left;\">*<strong>Acceder<\/strong>\u00a0 a los datos que disponemos de vd., previa solicitud.<\/p>\n<p style=\"text-align: left;\">*Que <strong>rectifiquemos<\/strong> los datos de los que ya dispone el Centro. Debe tener en cuenta que al facilitarnos sus datos personales por cualquier v\u00eda, garantiza que son ciertos y exactos y se compromete a notificar al Centro cualquier cambio o modificaci\u00f3n de los mismos.<\/p>\n<p style=\"text-align: left;\">*Que se <strong>supriman<\/strong> sus datos en la medida en que ya no sean necesarios para la finalidad para la que se recabaron, que ya no contemos con la legitimaci\u00f3n para hacerlo o por imperativo legal.<\/p>\n<p style=\"text-align: left;\">*Que <strong>limitemos el tratamiento<\/strong> de sus datos, lo que supone que en determinados casos pueda pedirnos la suspensi\u00f3n temporal de su tratamiento en cuyo caso \u00fanicamente los conservaremos para el ejercicio o la defensa de reclamaciones.<\/p>\n<p style=\"text-align: left;\">*La <strong>portabilidad<\/strong> de sus datos. Esto significa que el centro le entregar\u00e1 los datos personales que nos hayan sido facilitados, en un formato estructurado, de uso com\u00fan y lectura mec\u00e1nica y a transmitirlos a la entidad solicitada.<\/p>\n<p style=\"text-align: left;\">*Tendr\u00e1 derecho a <strong>oponerse <\/strong>al tratamiento de sus datos. En lo que respecta a cualquier otro tratamiento diferente a la finalidad estricta para la que se han recogido los datos.<\/p>\n<p style=\"text-align: left;\">*Tendr\u00e1 derecho a no ser objeto de tratamientos basados en elaboraci\u00f3n de perfiles.<\/p>\n<p style=\"text-align: left;\">Datos de contacto para ejercer su derecho:<\/p>\n<p style=\"text-align: left;\">Uni\u00f3n Chretienne de Saint Chaumond &#8211; C\/Rodr\u00edguez Mar\u00edn,30-32; 28002 Madrid<\/p>\n<p style=\"text-align: left;\"><a href=\"mailto:dpo.uxsc@gmail.com\">dpo@saintchaumond.es<\/a><\/p>\n<p style=\"text-align: left;\">En ambos casos indicando como asunto \u201cProtecci\u00f3n de datos\u201d<\/p>\n<p style=\"text-align: left;\"><strong>\u00a0<\/strong><\/p>\n<p style=\"text-align: left;\"><strong>AUTORIDAD DE CONTROL<\/strong><\/p>\n<p style=\"text-align: left;\">El Centro, pone el m\u00e1ximo empe\u00f1o para cumplir con la normativa de protecci\u00f3n de datos, dado que es el activo m\u00e1s valioso para nosotros.<\/p>\n<p style=\"text-align: left;\">No obstante, le informamos de que, en caso de que vd. entienda que sus derechos se han visto menoscabados, puede presentar una reclamaci\u00f3n ante la Agencia Espa\u00f1ola de Protecci\u00f3n de Datos (AEPD), autoridad de control en materia de protecci\u00f3n de datos, sita en C\/ Jorge Juan, 6. 28001 \u2013 Madrid. M\u00e1s informaci\u00f3n sobre la AEPD. <u><a href=\"http:\/\/www.agpd.es\/\">http:\/\/www.agpd.es\/<\/a><\/u><\/p>\n<p style=\"text-align: left;\"><strong>CAMBIOS EN LA POLITICA DE PRIVACIDAD<\/strong><\/p>\n<p style=\"text-align: left;\">El Centro se reserva el derecho a modificar la presente pol\u00edtica para adaptarla a novedades legislativas o jurisprudenciales. En dichos supuestos el Centro anunciar\u00e1 en esta p\u00e1gina los cambios introducidos con razonable antelaci\u00f3n a su puesta en pr\u00e1ctica.<\/p>\n<p style=\"text-align: left;\"><strong>ECOMMERCE<\/strong><\/p>\n<p style=\"text-align: left;\">Uso de TPV Virtual destinado actividades internas del centro.<\/p>\n<p style=\"text-align: left;\">&#8211; No realizamos Env\u00edos de ning\u00fan tipo.<\/p>\n<p style=\"text-align: left;\">POL\u00cdTICA DE CANCELACI\u00d3N Y DEVOLUCIONES:<br \/>Pol\u00edticas de cancelaci\u00f3n y devoluciones para actividades\u00a0 y excursiones:<br \/>Para confirmar la reserva, se deber\u00e1 abonar \u00edntegramente el coste en el momento de la reserva.<\/p>\n<p style=\"text-align: left;\">Si posteriormente desea cancelar su reserva, se le aplicar\u00e1 la siguiente pol\u00edtica de cancelaci\u00f3n:<\/p>\n<p style=\"text-align: left;\">*En el caso de actividades:<\/p>\n<p style=\"text-align: left;\">Se podr\u00e1 cancelar con la devoluci\u00f3n del 100% hasta 24h antes de la hora.<\/p>\n<p style=\"text-align: left;\">*En el caso de excursiones de medio d\u00eda y de d\u00eda entero:<\/p>\n<p style=\"text-align: left;\">Se podr\u00e1 cancelar hasta 72h antes de la salida con la devoluci\u00f3n del 100% del importe pagado.<\/p>\n<p style=\"text-align: left;\">Para realizar la cancelaci\u00f3n de su reserva y solicitar la devoluci\u00f3n del correspondiente importe, le rogamos haga la notificaci\u00f3n por escrito a info@saintchaumond.es o llamando al tel\u00e9fono.<\/p>\n<p style=\"text-align: left;\">Las notificaciones telef\u00f3nicas no tendr\u00e1n validez, siempre que no vengan avaladas por un e-mail de confirmaci\u00f3n de la cancelaci\u00f3n del servicio.<\/p>\n<p style=\"text-align: left;\"><strong>\u00a0<\/strong><\/p>\n<p style=\"text-align: left;\">\n<p>[\/et_pb_text][et_pb_text _builder_version=\u00bb4.16&#8243; text_font=\u00bbPoppins||||||||\u00bb text_text_color=\u00bb#666666&#8243; text_line_height=\u00bb1.8em\u00bb text_orientation=\u00bbcenter\u00bb width=\u00bb70%\u00bb module_alignment=\u00bbcenter\u00bb custom_margin=\u00bb|||\u00bb custom_padding=\u00bb|||\u00bb animation_style=\u00bbfade\u00bb locked=\u00bboff\u00bb global_colors_info=\u00bb{}\u00bb]<\/p>\n<table width=\"593\">\n<tbody>\n<tr>\n<td colspan=\"2\" width=\"593\">\n<p>&nbsp;<\/p>\n<p>INFORMACI\u00d3N B\u00c1SICA SOBRE POLITICA DE PRVACIDAD<\/p>\n<p>&nbsp;<\/p>\n<\/td>\n<\/tr>\n<tr>\n<td width=\"149\">\n<p>&nbsp;<\/p>\n<p>RESPONSABLE<\/p>\n<p>DE<\/p>\n<p>TUS DATOS<\/p>\n<\/td>\n<td width=\"444\">\n<p>&nbsp;<\/p>\n<p>Raz\u00f3n social: UNION-CHR\u00c9TIENNE DE SAINT CHAUMOND<\/p>\n<p>CIF: R-2800634-D<\/p>\n<p>Domicilio: CL\/ RODRIGUEZ MARIN 30-32, 28002\u00a0\u00a0 MADRID<\/p>\n<p>&nbsp;<\/p>\n<\/td>\n<\/tr>\n<tr>\n<td width=\"149\">\n<p>&nbsp;<\/p>\n<p>FINALIDAD<\/p>\n<\/td>\n<td width=\"444\">\n<p>&nbsp;<\/p>\n<p>Mantenimiento de la base de datos para el ejercicio de la funci\u00f3n educativa, as\u00ed como, para gestiones propias del Centro.<\/p>\n<p>&nbsp;<\/p>\n<\/td>\n<\/tr>\n<tr>\n<td width=\"149\">BASE JUR\u00cdDICA DEL TRATAMIENTO DE DATOS (LEGITIMACI\u00d3N)<\/td>\n<td width=\"444\">\n<p><em>\u00a0<\/em><\/p>\n<p>&nbsp;<\/p>\n<p>Consentimiento del interesado.<\/p>\n<p>Inter\u00e9s Leg\u00edtimo<\/p>\n<p>&nbsp;<\/p>\n<p>&nbsp;<\/p>\n<\/td>\n<\/tr>\n<tr>\n<td width=\"149\">\n<p>&nbsp;<\/p>\n<p>EJERCICIO DE SUS DERECHOS<\/p>\n<\/td>\n<td width=\"444\">\n<p>&nbsp;<\/p>\n<p>Puede acceder, rectificar y suprimir sus datos, portabilidad de los datos, limitaci\u00f3n u oposici\u00f3n a su tratamiento, derecho a no ser objeto de decisiones automatizadas, as\u00ed como a obtener informaci\u00f3n clara y transparente sobre el tratamiento de sus datos, tal como se explica en la informaci\u00f3n adicional.<\/p>\n<p>&nbsp;<\/p>\n<\/td>\n<\/tr>\n<tr>\n<td width=\"149\">\n<p>&nbsp;<\/p>\n<p>DESTINATARIOS DE SUS DATOS<\/p>\n<p>&nbsp;<\/p>\n<\/td>\n<td width=\"444\">\n<p><em>\u00a0<\/em><\/p>\n<p>No se ceder\u00e1n datos a terceros, salvo obligaci\u00f3n legal.<\/p>\n<p>&nbsp;<\/p>\n<p>&nbsp;<\/p>\n<\/td>\n<\/tr>\n<tr>\n<td width=\"149\">\n<p>&nbsp;<\/p>\n<p>PROCEDENCIA<\/p>\n<p>&nbsp;<\/p>\n<\/td>\n<td width=\"444\">\n<p><em>\u00a0<\/em><\/p>\n<p>Del propio interesado titular de los datos.<\/p>\n<p>&nbsp;<\/p>\n<\/td>\n<\/tr>\n<tr>\n<td width=\"149\">\n<p>&nbsp;<\/p>\n<p>DERECHO A PRESENTAR RECLAMACI\u00d3N ANTE LA AUTORIDAD DE CONTROL<\/p>\n<\/td>\n<td width=\"444\">\n<p>&nbsp;<\/p>\n<p>Desde UNION-CHR\u00c9TIENNE DE SAINT CHAUMOND ponemos el m\u00e1ximo empe\u00f1o para cumplir con la normativa de protecci\u00f3n de datos dado que es el activo m\u00e1s valioso para nosotros. No obstante, le informamos que en caso de que usted entienda que sus derechos se han visto menoscabados, puede presentar una reclamaci\u00f3n ante la Agencia Espa\u00f1ola de Protecci\u00f3n de Datos (AEPD).<\/p>\n<\/td>\n<\/tr>\n<tr>\n<td width=\"149\">\n<p>&nbsp;<\/p>\n<p>INFORMACI\u00d3N ADICIONAL<\/p>\n<\/td>\n<td width=\"444\">\n<p>&nbsp;<\/p>\n<p>Puede consultar la informaci\u00f3n adicional y detallada sobre protecci\u00f3n de Datos en nuestra p\u00e1gina web: <u>www.saintchaumond.es<\/u><\/p>\n<\/td>\n<\/tr>\n<\/tbody>\n<\/table>\n<p>&nbsp;<\/p>\n<p>&nbsp;<\/p>\n<p>[\/et_pb_text][\/et_pb_column][\/et_pb_row][\/et_pb_section]<\/p>\n","protected":false},"excerpt":{"rendered":"<p>Pol\u00edtica de PrivacidadEn Union-Chr\u00e9tienne de Saint Chaumond (en adelante el Centro), nos comprometemos a asegurar que su informaci\u00f3n personal se encuentre protegida y no se utilice de forma indebida. En esta\u00a0 Pol\u00edtica de privacidad explicamos qui\u00e9n es el Responsable del tratamiento de los datos, con qu\u00e9 finalidad se van a tratar, la legitimaci\u00f3n para dicho [&hellip;]<\/p>\n","protected":false},"author":1,"featured_media":0,"parent":0,"menu_order":0,"comment_status":"closed","ping_status":"closed","template":"","meta":{"_et_pb_use_builder":"on","_et_pb_old_content":"","_et_gb_content_width":"","footnotes":""},"class_list":["post-207779","page","type-page","status-publish","hentry"],"yoast_head":"<!-- This site is optimized with the Yoast SEO plugin v27.3 - https:\/\/yoast.com\/product\/yoast-seo-wordpress\/ -->\n<title>Pol\u00edtica de Privacidad - Saint Chaumond<\/title>\n<meta name=\"robots\" content=\"index, follow, max-snippet:-1, max-image-preview:large, max-video-preview:-1\" \/>\n<link rel=\"canonical\" href=\"https:\/\/saintchaumond.es\/es\/politica-de-privacidad\/\" \/>\n<meta property=\"og:locale\" content=\"es_ES\" \/>\n<meta property=\"og:type\" content=\"article\" \/>\n<meta property=\"og:title\" content=\"Pol\u00edtica de Privacidad - Saint Chaumond\" \/>\n<meta property=\"og:description\" content=\"Pol\u00edtica de PrivacidadEn Union-Chr\u00e9tienne de Saint Chaumond (en adelante el Centro), nos comprometemos a asegurar que su informaci\u00f3n personal se encuentre protegida y no se utilice de forma indebida. En esta\u00a0 Pol\u00edtica de privacidad explicamos qui\u00e9n es el Responsable del tratamiento de los datos, con qu\u00e9 finalidad se van a tratar, la legitimaci\u00f3n para dicho [&hellip;]\" \/>\n<meta property=\"og:url\" content=\"https:\/\/saintchaumond.es\/es\/politica-de-privacidad\/\" \/>\n<meta property=\"og:site_name\" content=\"Saint Chaumond\" \/>\n<meta property=\"article:modified_time\" content=\"2026-01-15T17:25:04+00:00\" \/>\n<meta name=\"twitter:card\" content=\"summary_large_image\" \/>\n<meta name=\"twitter:label1\" content=\"Tiempo de lectura\" \/>\n\t<meta name=\"twitter:data1\" content=\"6 minutos\" \/>\n<script type=\"application\/ld+json\" class=\"yoast-schema-graph\">{\"@context\":\"https:\\\/\\\/schema.org\",\"@graph\":[{\"@type\":\"WebPage\",\"@id\":\"https:\\\/\\\/saintchaumond.es\\\/es\\\/politica-de-privacidad\\\/\",\"url\":\"https:\\\/\\\/saintchaumond.es\\\/es\\\/politica-de-privacidad\\\/\",\"name\":\"Pol\u00edtica de Privacidad - Saint Chaumond\",\"isPartOf\":{\"@id\":\"https:\\\/\\\/saintchaumond.es\\\/es\\\/#website\"},\"datePublished\":\"2019-07-10T13:11:58+00:00\",\"dateModified\":\"2026-01-15T17:25:04+00:00\",\"breadcrumb\":{\"@id\":\"https:\\\/\\\/saintchaumond.es\\\/es\\\/politica-de-privacidad\\\/#breadcrumb\"},\"inLanguage\":\"es\",\"potentialAction\":[{\"@type\":\"ReadAction\",\"target\":[\"https:\\\/\\\/saintchaumond.es\\\/es\\\/politica-de-privacidad\\\/\"]}]},{\"@type\":\"BreadcrumbList\",\"@id\":\"https:\\\/\\\/saintchaumond.es\\\/es\\\/politica-de-privacidad\\\/#breadcrumb\",\"itemListElement\":[{\"@type\":\"ListItem\",\"position\":1,\"name\":\"Portada\",\"item\":\"https:\\\/\\\/saintchaumond.es\\\/\"},{\"@type\":\"ListItem\",\"position\":2,\"name\":\"Pol\u00edtica de Privacidad\"}]},{\"@type\":\"WebSite\",\"@id\":\"https:\\\/\\\/saintchaumond.es\\\/es\\\/#website\",\"url\":\"https:\\\/\\\/saintchaumond.es\\\/es\\\/\",\"name\":\"Saint Chaumond\",\"description\":\"Union-Chr\u00e9tienne de Saint Chaumond\",\"publisher\":{\"@id\":\"https:\\\/\\\/saintchaumond.es\\\/es\\\/#organization\"},\"potentialAction\":[{\"@type\":\"SearchAction\",\"target\":{\"@type\":\"EntryPoint\",\"urlTemplate\":\"https:\\\/\\\/saintchaumond.es\\\/es\\\/?s={search_term_string}\"},\"query-input\":{\"@type\":\"PropertyValueSpecification\",\"valueRequired\":true,\"valueName\":\"search_term_string\"}}],\"inLanguage\":\"es\"},{\"@type\":\"Organization\",\"@id\":\"https:\\\/\\\/saintchaumond.es\\\/es\\\/#organization\",\"name\":\"Saint Chaumond\",\"url\":\"https:\\\/\\\/saintchaumond.es\\\/es\\\/\",\"logo\":{\"@type\":\"ImageObject\",\"inLanguage\":\"es\",\"@id\":\"https:\\\/\\\/saintchaumond.es\\\/es\\\/#\\\/schema\\\/logo\\\/image\\\/\",\"url\":\"https:\\\/\\\/saintchaumond.es\\\/wp-content\\\/uploads\\\/2023\\\/01\\\/UXSC2022_Circular_Color.png\",\"contentUrl\":\"https:\\\/\\\/saintchaumond.es\\\/wp-content\\\/uploads\\\/2023\\\/01\\\/UXSC2022_Circular_Color.png\",\"width\":1157,\"height\":1172,\"caption\":\"Saint Chaumond\"},\"image\":{\"@id\":\"https:\\\/\\\/saintchaumond.es\\\/es\\\/#\\\/schema\\\/logo\\\/image\\\/\"}}]}<\/script>\n<!-- \/ Yoast SEO plugin. -->","yoast_head_json":{"title":"Pol\u00edtica de Privacidad - Saint Chaumond","robots":{"index":"index","follow":"follow","max-snippet":"max-snippet:-1","max-image-preview":"max-image-preview:large","max-video-preview":"max-video-preview:-1"},"canonical":"https:\/\/saintchaumond.es\/es\/politica-de-privacidad\/","og_locale":"es_ES","og_type":"article","og_title":"Pol\u00edtica de Privacidad - Saint Chaumond","og_description":"Pol\u00edtica de PrivacidadEn Union-Chr\u00e9tienne de Saint Chaumond (en adelante el Centro), nos comprometemos a asegurar que su informaci\u00f3n personal se encuentre protegida y no se utilice de forma indebida. En esta\u00a0 Pol\u00edtica de privacidad explicamos qui\u00e9n es el Responsable del tratamiento de los datos, con qu\u00e9 finalidad se van a tratar, la legitimaci\u00f3n para dicho [&hellip;]","og_url":"https:\/\/saintchaumond.es\/es\/politica-de-privacidad\/","og_site_name":"Saint Chaumond","article_modified_time":"2026-01-15T17:25:04+00:00","twitter_card":"summary_large_image","twitter_misc":{"Tiempo de lectura":"6 minutos"},"schema":{"@context":"https:\/\/schema.org","@graph":[{"@type":"WebPage","@id":"https:\/\/saintchaumond.es\/es\/politica-de-privacidad\/","url":"https:\/\/saintchaumond.es\/es\/politica-de-privacidad\/","name":"Pol\u00edtica de Privacidad - Saint Chaumond","isPartOf":{"@id":"https:\/\/saintchaumond.es\/es\/#website"},"datePublished":"2019-07-10T13:11:58+00:00","dateModified":"2026-01-15T17:25:04+00:00","breadcrumb":{"@id":"https:\/\/saintchaumond.es\/es\/politica-de-privacidad\/#breadcrumb"},"inLanguage":"es","potentialAction":[{"@type":"ReadAction","target":["https:\/\/saintchaumond.es\/es\/politica-de-privacidad\/"]}]},{"@type":"BreadcrumbList","@id":"https:\/\/saintchaumond.es\/es\/politica-de-privacidad\/#breadcrumb","itemListElement":[{"@type":"ListItem","position":1,"name":"Portada","item":"https:\/\/saintchaumond.es\/"},{"@type":"ListItem","position":2,"name":"Pol\u00edtica de Privacidad"}]},{"@type":"WebSite","@id":"https:\/\/saintchaumond.es\/es\/#website","url":"https:\/\/saintchaumond.es\/es\/","name":"Saint Chaumond","description":"Union-Chr\u00e9tienne de Saint Chaumond","publisher":{"@id":"https:\/\/saintchaumond.es\/es\/#organization"},"potentialAction":[{"@type":"SearchAction","target":{"@type":"EntryPoint","urlTemplate":"https:\/\/saintchaumond.es\/es\/?s={search_term_string}"},"query-input":{"@type":"PropertyValueSpecification","valueRequired":true,"valueName":"search_term_string"}}],"inLanguage":"es"},{"@type":"Organization","@id":"https:\/\/saintchaumond.es\/es\/#organization","name":"Saint Chaumond","url":"https:\/\/saintchaumond.es\/es\/","logo":{"@type":"ImageObject","inLanguage":"es","@id":"https:\/\/saintchaumond.es\/es\/#\/schema\/logo\/image\/","url":"https:\/\/saintchaumond.es\/wp-content\/uploads\/2023\/01\/UXSC2022_Circular_Color.png","contentUrl":"https:\/\/saintchaumond.es\/wp-content\/uploads\/2023\/01\/UXSC2022_Circular_Color.png","width":1157,"height":1172,"caption":"Saint Chaumond"},"image":{"@id":"https:\/\/saintchaumond.es\/es\/#\/schema\/logo\/image\/"}}]}},"_links":{"self":[{"href":"https:\/\/saintchaumond.es\/es\/wp-json\/wp\/v2\/pages\/207779","targetHints":{"allow":["GET"]}}],"collection":[{"href":"https:\/\/saintchaumond.es\/es\/wp-json\/wp\/v2\/pages"}],"about":[{"href":"https:\/\/saintchaumond.es\/es\/wp-json\/wp\/v2\/types\/page"}],"author":[{"embeddable":true,"href":"https:\/\/saintchaumond.es\/es\/wp-json\/wp\/v2\/users\/1"}],"replies":[{"embeddable":true,"href":"https:\/\/saintchaumond.es\/es\/wp-json\/wp\/v2\/comments?post=207779"}],"version-history":[{"count":8,"href":"https:\/\/saintchaumond.es\/es\/wp-json\/wp\/v2\/pages\/207779\/revisions"}],"predecessor-version":[{"id":225601,"href":"https:\/\/saintchaumond.es\/es\/wp-json\/wp\/v2\/pages\/207779\/revisions\/225601"}],"wp:attachment":[{"href":"https:\/\/saintchaumond.es\/es\/wp-json\/wp\/v2\/media?parent=207779"}],"curies":[{"name":"wp","href":"https:\/\/api.w.org\/{rel}","templated":true}]}}