{"id":205540,"date":"2018-03-23T14:41:15","date_gmt":"2018-03-23T13:41:15","guid":{"rendered":"https:\/\/saintchaumond.demo.site\/?page_id=205540"},"modified":"2025-07-03T11:43:12","modified_gmt":"2025-07-03T09:43:12","slug":"uniformes","status":"publish","type":"page","link":"https:\/\/saintchaumond.es\/es\/uniformes\/","title":{"rendered":"Uniformes"},"content":{"rendered":"<p>[et_pb_section fb_built=\u00bb1&#8243; fullwidth=\u00bbon\u00bb _builder_version=\u00bb4.19.5&#8243; background_color=\u00bb#000000&#8243; custom_padding=\u00bb|||\u00bb locked=\u00bboff\u00bb global_colors_info=\u00bb{}\u00bb][et_pb_fullwidth_header title=\u00bbUniforme\u00bb text_orientation=\u00bbcenter\u00bb background_overlay_color=\u00bbrgba(30,29,28,0.23)\u00bb _builder_version=\u00bb4.25.2&#8243; title_font=\u00bbPrompt|200|||||||\u00bb title_text_color=\u00bb#ffffff\u00bb title_font_size=\u00bb90px\u00bb title_line_height=\u00bb1.2em\u00bb subhead_font=\u00bbPrompt|300|||||||\u00bb subhead_text_color=\u00bb#ffffff\u00bb subhead_font_size=\u00bb27px\u00bb subhead_line_height=\u00bb1.7em\u00bb background_color=\u00bbrgba(255, 255, 255, 0)\u00bb background_image=\u00bbhttps:\/\/saintchaumond.es\/wp-content\/uploads\/2024\/07\/Uniforme.jpg\u00bb background_position=\u00bbtop_center\u00bb background_vertical_offset=\u00bb31%\u00bb background_repeat=\u00bbrepeat\u00bb background_layout=\u00bblight\u00bb height_last_edited=\u00bboff|desktop\u00bb custom_margin=\u00bb|||\u00bb custom_padding=\u00bb200px||200px||true|false\u00bb custom_padding_tablet=\u00bb168px||100px||false|false\u00bb custom_padding_phone=\u00bb168px||100px||false|false\u00bb custom_padding_last_edited=\u00bboff|desktop\u00bb animation_style=\u00bbfade\u00bb animation_direction=\u00bbbottom\u00bb animation_duration=\u00bb800ms\u00bb title_font_size_tablet=\u00bb63px\u00bb title_font_size_phone=\u00bb49px\u00bb title_font_size_last_edited=\u00bbon|phone\u00bb global_colors_info=\u00bb{}\u00bb button_one_text_size__hover_enabled=\u00bboff\u00bb button_two_text_size__hover_enabled=\u00bboff\u00bb button_one_text_color__hover_enabled=\u00bboff\u00bb button_two_text_color__hover_enabled=\u00bboff\u00bb button_one_border_width__hover_enabled=\u00bboff\u00bb button_two_border_width__hover_enabled=\u00bboff\u00bb button_one_border_color__hover_enabled=\u00bboff\u00bb button_two_border_color__hover_enabled=\u00bboff\u00bb button_one_border_radius__hover_enabled=\u00bboff\u00bb button_two_border_radius__hover_enabled=\u00bboff\u00bb button_one_letter_spacing__hover_enabled=\u00bboff\u00bb button_two_letter_spacing__hover_enabled=\u00bboff\u00bb button_one_bg_color__hover_enabled=\u00bboff\u00bb button_two_bg_color__hover_enabled=\u00bboff\u00bb][\/et_pb_fullwidth_header][\/et_pb_section][et_pb_section fb_built=\u00bb1&#8243; _builder_version=\u00bb4.16&#8243; global_colors_info=\u00bb{}\u00bb][et_pb_row _builder_version=\u00bb4.19.5&#8243; _module_preset=\u00bbdefault\u00bb global_colors_info=\u00bb{}\u00bb][et_pb_column type=\u00bb4_4&#8243; _builder_version=\u00bb4.19.5&#8243; _module_preset=\u00bbdefault\u00bb global_colors_info=\u00bb{}\u00bb][et_pb_text _builder_version=\u00bb4.27.4&#8243; _module_preset=\u00bbdefault\u00bb text_text_color=\u00bb#0E3858&#8243; background_size=\u00bbinitial\u00bb background_position=\u00bbtop_left\u00bb background_repeat=\u00bbrepeat\u00bb custom_padding=\u00bb||||false|false\u00bb custom_padding_tablet=\u00bb||18px||false|false\u00bb custom_padding_phone=\u00bb||18px||false|false\u00bb custom_padding_last_edited=\u00bbon|desktop\u00bb border_color_bottom=\u00bb#E4A22A\u00bb global_colors_info=\u00bb{}\u00bb]<\/p>\n<p><span lang=\"es-ES\">El uniforme se vende en \u00abEl Corte Ingl\u00e9s\u00bb, C\/ Raimundo Fern\u00e1ndez Villaverde n\u00ba 79, a nombre del colegio\u00a0<\/span><span lang=\"es-ES\">UNION CHRETIENNE DE SAINT CHAUMOND. <a href=\"\/\/www.elcorteingles.es\/uniformes\/madrid\/madrid\/union-chretienne-de-saint-chaumond\/\" target=\"_blank\" rel=\"noopener\"><\/a><\/span><span lang=\"es-ES\"><strong><\/strong><\/span><\/p>\n<p>[\/et_pb_text][et_pb_button button_url=\u00bbhttps:\/\/www.elcorteingles.es\/uniformes\/madrid\/madrid\/union-chretienne-de-saint-chaumond\/\u00bb url_new_window=\u00bbon\u00bb button_text=\u00bbSe puede comprar online\u00bb button_alignment=\u00bbleft\u00bb _builder_version=\u00bb4.20.0&#8243; _module_preset=\u00bbdefault\u00bb custom_button=\u00bbon\u00bb button_text_size=\u00bb16px\u00bb button_text_color=\u00bb#0E3858&#8243; button_border_radius=\u00bb0px\u00bb button_letter_spacing=\u00bb2px\u00bb button_font=\u00bbPrompt|||on|||||\u00bb button_use_icon=\u00bboff\u00bb custom_padding=\u00bb8px|15px|8px|15px\u00bb global_colors_info=\u00bb{}\u00bb button_text_color__hover=\u00bb#ffffff\u00bb button_text_color__hover_enabled=\u00bbon|desktop\u00bb button_border_radius__hover=\u00bb0px\u00bb button_border_radius__hover_enabled=\u00bbon\u00bb button_letter_spacing__hover=\u00bb2px\u00bb button_letter_spacing__hover_enabled=\u00bbon|desktop\u00bb button_bg_color__hover=\u00bb#0D3857&#8243; button_bg_color__hover_enabled=\u00bbon|hover\u00bb button_border_color__hover=\u00bb#085da3&#8243; button_border_color__hover_enabled=\u00bbon\u00bb][\/et_pb_button][et_pb_text _builder_version=\u00bb4.27.4&#8243; _module_preset=\u00bbdefault\u00bb text_text_color=\u00bb#0E3858&#8243; background_size=\u00bbinitial\u00bb background_position=\u00bbtop_left\u00bb background_repeat=\u00bbrepeat\u00bb custom_padding=\u00bb||18px||false|false\u00bb custom_padding_tablet=\u00bb||18px||false|false\u00bb custom_padding_phone=\u00bb||18px||false|false\u00bb custom_padding_last_edited=\u00bbon|desktop\u00bb border_width_bottom=\u00bb2px\u00bb border_color_bottom=\u00bb#E4A22A\u00bb global_colors_info=\u00bb{}\u00bb]<\/p>\n<p><span lang=\"es-ES\"><strong>Cada prenda del uniforme debe estar marcada con el nombre y apellidos del alumno.<\/strong><\/span><\/p>\n<p>[\/et_pb_text][\/et_pb_column][\/et_pb_row][et_pb_row _builder_version=\u00bb4.19.5&#8243; background_size=\u00bbinitial\u00bb background_position=\u00bbtop_left\u00bb background_repeat=\u00bbrepeat\u00bb custom_padding=\u00bb3px|||||\u00bb global_colors_info=\u00bb{}\u00bb][et_pb_column type=\u00bb4_4&#8243; _builder_version=\u00bb4.16&#8243; custom_padding=\u00bb|||\u00bb global_colors_info=\u00bb{}\u00bb custom_padding__hover=\u00bb|||\u00bb][et_pb_text _builder_version=\u00bb4.27.4&#8243; header_font=\u00bbPrompt|200|||||||\u00bb header_text_color=\u00bb#0E3858&#8243; header_font_size=\u00bb35px\u00bb header_line_height=\u00bb1.3em\u00bb background_size=\u00bbinitial\u00bb background_position=\u00bbtop_left\u00bb background_repeat=\u00bbrepeat\u00bb custom_margin=\u00bb||||false|false\u00bb custom_padding=\u00bb|||\u00bb animation_direction=\u00bbtop\u00bb locked=\u00bboff\u00bb global_colors_info=\u00bb{}\u00bb]<\/p>\n<h1 style=\"text-align: left;\">El uniforme consiste en:<\/h1>\n<p>[\/et_pb_text][et_pb_text _builder_version=\u00bb4.27.4&#8243; text_line_height=\u00bb2.9em\u00bb header_3_text_color=\u00bb#E4A22A\u00bb background_size=\u00bbinitial\u00bb background_position=\u00bbtop_left\u00bb background_repeat=\u00bbrepeat\u00bb custom_padding=\u00bb|||\u00bb hover_enabled=\u00bb0&#8243; global_colors_info=\u00bb{}\u00bb sticky_enabled=\u00bb0&#8243;]<\/p>\n<h3>PARA LAS CHICAS<\/h3>\n<ul>\n<li>Una falda azul marino, watteau plisada, sin tirantes (en secundaria), vendida por el proveedor oficial. Deber\u00e1 tener una largo adecuado, de al menos dos dedos por encima de la rodilla.<\/li>\n<li>Una camisa azul claro de manga corta, vendida por el proveedor oficial, que se llevar\u00e1 por dentro de la falda.<\/li>\n<li>Se autoriza un polo azul claro con el escudo de la escuela en el coraz\u00f3n, que se llevar\u00e1 por dentro de la falda, para las alumnas de las clases de liceo (2nde &#8211; 1\u00e8re &#8211; Tle).<\/li>\n<\/ul>\n<h3>PARA LOS CHICOS<\/h3>\n<ul>\n<li>Bermudas grises (se acepta el azul marino en 2025\/2026 y 2026\/2027) vendidas por el proveedor oficial.<\/li>\n<li>Una camisa azul claro de manga larga vendida por el proveedor oficial, que se llevar\u00e1 por dentro de las bermudas o un polo azul claro con el escudo del colegio en verano.<\/li>\n<\/ul>\n<p>[\/et_pb_text][et_pb_image src=\u00bbhttps:\/\/saintchaumond.es\/wp-content\/uploads\/2025\/07\/UniformeMixto.jpg\u00bb title_text=\u00bbUniformeMixto\u00bb _builder_version=\u00bb4.27.4&#8243; _module_preset=\u00bbdefault\u00bb global_colors_info=\u00bb{}\u00bb][\/et_pb_image][et_pb_text _builder_version=\u00bb4.27.4&#8243; text_line_height=\u00bb1.8em\u00bb header_3_text_color=\u00bb#E4A22A\u00bb background_size=\u00bbinitial\u00bb background_position=\u00bbtop_left\u00bb background_repeat=\u00bbrepeat\u00bb custom_padding=\u00bb|||\u00bb hover_enabled=\u00bb0&#8243; global_colors_info=\u00bb{}\u00bb sticky_enabled=\u00bb0&#8243;]<\/p>\n<h3>PARA TODOS<\/h3>\n<ul>\n<li>Un jersey azul marino de cuello en V con el escudo del colegio, vendido por el proveedor oficial, o un forro polar azul marino con el escudo del colegio.<\/li>\n<li>Calcetines o leotardos azul marino.<\/li>\n<li>Zapatos limpios y lustrados (como mocasines azul marino o negros).<\/li>\n<li>El abrigo y los accesorios (guantes, bufanda, etc.) deben ser de color azul marino.<\/li>\n<\/ul>\n<p>Para los trabajos de laboratorio, a partir del 6\u00ba de primaria, los alumnos deber\u00e1n llevar una bata de laboratorio blanca de manga larga, que deber\u00e1 ser de algod\u00f3n.<\/p>\n<p><strong>Este uniforme debe llevarse todos los d\u00edas.<\/strong><\/p>\n<p>[\/et_pb_text][\/et_pb_column][\/et_pb_row][et_pb_row column_structure=\u00bb1_2,1_2&#8243; _builder_version=\u00bb4.19.5&#8243; background_size=\u00bbinitial\u00bb background_position=\u00bbtop_left\u00bb background_repeat=\u00bbrepeat\u00bb global_colors_info=\u00bb{}\u00bb][et_pb_column type=\u00bb1_2&#8243; _builder_version=\u00bb4.16&#8243; custom_padding=\u00bb|||\u00bb global_colors_info=\u00bb{}\u00bb custom_padding__hover=\u00bb|||\u00bb][et_pb_image src=\u00bbhttps:\/\/saintchaumond.es\/wp-content\/uploads\/2023\/02\/UXSC_OCT22_Deporte_05.jpg\u00bb title_text=\u00bbUXSC_OCT22_Deporte_05&#8243; _builder_version=\u00bb4.19.5&#8243; _module_preset=\u00bbdefault\u00bb global_colors_info=\u00bb{}\u00bb][\/et_pb_image][\/et_pb_column][et_pb_column type=\u00bb1_2&#8243; _builder_version=\u00bb4.16&#8243; custom_padding=\u00bb|||\u00bb global_colors_info=\u00bb{}\u00bb custom_padding__hover=\u00bb|||\u00bb][et_pb_text _builder_version=\u00bb4.19.5&#8243; header_font=\u00bbPrompt|200|||||||\u00bb header_text_color=\u00bb#0E3858&#8243; header_font_size=\u00bb35px\u00bb header_line_height=\u00bb1.3em\u00bb background_size=\u00bbinitial\u00bb background_position=\u00bbtop_left\u00bb background_repeat=\u00bbrepeat\u00bb custom_margin=\u00bb||||false|false\u00bb custom_padding=\u00bb|||\u00bb animation_direction=\u00bbtop\u00bb locked=\u00bboff\u00bb global_colors_info=\u00bb{}\u00bb]<\/p>\n<h1 style=\"text-align: left;\">Uniforme de deporte<\/h1>\n<p>[\/et_pb_text][et_pb_divider color=\u00bb#e4a22a\u00bb divider_position=\u00bbcenter\u00bb divider_weight=\u00bb3px\u00bb disabled_on=\u00bboff|off|off%22&#8243; _builder_version=\u00bb4.19.4&#8243; max_width=\u00bb150px\u00bb height=\u00bbfalse\u00bb custom_margin=\u00bb-16px||||false|false\u00bb animation_style=\u00bbslide\u00bb animation_direction=\u00bbtop\u00bb animation_delay=\u00bb100ms\u00bb animation_intensity_slide=\u00bb10%\u00bb locked=\u00bboff\u00bb global_colors_info=\u00bb{}\u00bb][\/et_pb_divider][et_pb_text _builder_version=\u00bb4.20.1&#8243; background_size=\u00bbinitial\u00bb background_position=\u00bbtop_left\u00bb background_repeat=\u00bbrepeat\u00bb custom_padding=\u00bb|||\u00bb global_colors_info=\u00bb{}\u00bb]<\/p>\n<p><strong>Obligatorio a partir de C.P. (1\u00ba de Primaria).<\/strong><\/p>\n<p>Se compone de:<\/p>\n<ul>\n<li>Camiseta blanca UXSC<\/li>\n<li>Pantal\u00f3n largo UXSC\u00a0<\/li>\n<li>Falda UXSC<\/li>\n<li>Calcetines blancos<\/li>\n<li>Zapatillas adaptadas a la pr\u00e1ctica deportiva<\/li>\n<\/ul>\n<p>[\/et_pb_text][\/et_pb_column][\/et_pb_row][\/et_pb_section]<\/p>\n","protected":false},"excerpt":{"rendered":"<p>El uniforme se vende en \u00abEl Corte Ingl\u00e9s\u00bb, C\/ Raimundo Fern\u00e1ndez Villaverde n\u00ba 79, a nombre del colegio\u00a0UNION CHRETIENNE DE SAINT CHAUMOND. Cada prenda del uniforme debe estar marcada con el nombre y apellidos del alumno.El uniforme consiste en:PARA LAS CHICAS Una falda azul marino, watteau plisada, sin tirantes (en secundaria), vendida por el proveedor [&hellip;]<\/p>\n","protected":false},"author":1,"featured_media":0,"parent":0,"menu_order":0,"comment_status":"closed","ping_status":"closed","template":"","meta":{"_et_pb_use_builder":"on","_et_pb_old_content":"","_et_gb_content_width":"","footnotes":""},"class_list":["post-205540","page","type-page","status-publish","hentry"],"yoast_head":"<!-- This site is optimized with the Yoast SEO plugin v27.3 - https:\/\/yoast.com\/product\/yoast-seo-wordpress\/ -->\n<title>Uniformes - Saint Chaumond<\/title>\n<meta name=\"robots\" content=\"index, follow, max-snippet:-1, max-image-preview:large, max-video-preview:-1\" \/>\n<link rel=\"canonical\" href=\"https:\/\/saintchaumond.es\/uniforme\/\" \/>\n<meta property=\"og:locale\" content=\"es_ES\" \/>\n<meta property=\"og:type\" content=\"article\" \/>\n<meta property=\"og:title\" content=\"Uniformes - Saint Chaumond\" \/>\n<meta property=\"og:description\" content=\"El uniforme se vende en \u00abEl Corte Ingl\u00e9s\u00bb, C\/ Raimundo Fern\u00e1ndez Villaverde n\u00ba 79, a nombre del colegio\u00a0UNION CHRETIENNE DE SAINT CHAUMOND. Cada prenda del uniforme debe estar marcada con el nombre y apellidos del alumno.El uniforme consiste en:PARA LAS CHICAS Una falda azul marino, watteau plisada, sin tirantes (en secundaria), vendida por el proveedor [&hellip;]\" \/>\n<meta property=\"og:url\" content=\"https:\/\/saintchaumond.es\/uniforme\/\" \/>\n<meta property=\"og:site_name\" content=\"Saint Chaumond\" \/>\n<meta property=\"article:modified_time\" content=\"2025-07-03T09:43:12+00:00\" \/>\n<meta name=\"twitter:card\" content=\"summary_large_image\" \/>\n<meta name=\"twitter:label1\" content=\"Tiempo de lectura\" \/>\n\t<meta name=\"twitter:data1\" content=\"6 minutos\" \/>\n<script type=\"application\/ld+json\" class=\"yoast-schema-graph\">{\"@context\":\"https:\\\/\\\/schema.org\",\"@graph\":[{\"@type\":\"WebPage\",\"@id\":\"https:\\\/\\\/saintchaumond.es\\\/uniforme\\\/\",\"url\":\"https:\\\/\\\/saintchaumond.es\\\/uniforme\\\/\",\"name\":\"Uniformes - Saint Chaumond\",\"isPartOf\":{\"@id\":\"https:\\\/\\\/saintchaumond.es\\\/es\\\/#website\"},\"datePublished\":\"2018-03-23T13:41:15+00:00\",\"dateModified\":\"2025-07-03T09:43:12+00:00\",\"breadcrumb\":{\"@id\":\"https:\\\/\\\/saintchaumond.es\\\/uniforme\\\/#breadcrumb\"},\"inLanguage\":\"es\",\"potentialAction\":[{\"@type\":\"ReadAction\",\"target\":[\"https:\\\/\\\/saintchaumond.es\\\/uniforme\\\/\"]}]},{\"@type\":\"BreadcrumbList\",\"@id\":\"https:\\\/\\\/saintchaumond.es\\\/uniforme\\\/#breadcrumb\",\"itemListElement\":[{\"@type\":\"ListItem\",\"position\":1,\"name\":\"Portada\",\"item\":\"https:\\\/\\\/saintchaumond.es\\\/\"},{\"@type\":\"ListItem\",\"position\":2,\"name\":\"Uniformes\"}]},{\"@type\":\"WebSite\",\"@id\":\"https:\\\/\\\/saintchaumond.es\\\/es\\\/#website\",\"url\":\"https:\\\/\\\/saintchaumond.es\\\/es\\\/\",\"name\":\"Saint Chaumond\",\"description\":\"Union-Chr\u00e9tienne de Saint Chaumond\",\"publisher\":{\"@id\":\"https:\\\/\\\/saintchaumond.es\\\/es\\\/#organization\"},\"potentialAction\":[{\"@type\":\"SearchAction\",\"target\":{\"@type\":\"EntryPoint\",\"urlTemplate\":\"https:\\\/\\\/saintchaumond.es\\\/es\\\/?s={search_term_string}\"},\"query-input\":{\"@type\":\"PropertyValueSpecification\",\"valueRequired\":true,\"valueName\":\"search_term_string\"}}],\"inLanguage\":\"es\"},{\"@type\":\"Organization\",\"@id\":\"https:\\\/\\\/saintchaumond.es\\\/es\\\/#organization\",\"name\":\"Saint Chaumond\",\"url\":\"https:\\\/\\\/saintchaumond.es\\\/es\\\/\",\"logo\":{\"@type\":\"ImageObject\",\"inLanguage\":\"es\",\"@id\":\"https:\\\/\\\/saintchaumond.es\\\/es\\\/#\\\/schema\\\/logo\\\/image\\\/\",\"url\":\"https:\\\/\\\/saintchaumond.es\\\/wp-content\\\/uploads\\\/2023\\\/01\\\/UXSC2022_Circular_Color.png\",\"contentUrl\":\"https:\\\/\\\/saintchaumond.es\\\/wp-content\\\/uploads\\\/2023\\\/01\\\/UXSC2022_Circular_Color.png\",\"width\":1157,\"height\":1172,\"caption\":\"Saint Chaumond\"},\"image\":{\"@id\":\"https:\\\/\\\/saintchaumond.es\\\/es\\\/#\\\/schema\\\/logo\\\/image\\\/\"}}]}<\/script>\n<!-- \/ Yoast SEO plugin. -->","yoast_head_json":{"title":"Uniformes - Saint Chaumond","robots":{"index":"index","follow":"follow","max-snippet":"max-snippet:-1","max-image-preview":"max-image-preview:large","max-video-preview":"max-video-preview:-1"},"canonical":"https:\/\/saintchaumond.es\/uniforme\/","og_locale":"es_ES","og_type":"article","og_title":"Uniformes - Saint Chaumond","og_description":"El uniforme se vende en \u00abEl Corte Ingl\u00e9s\u00bb, C\/ Raimundo Fern\u00e1ndez Villaverde n\u00ba 79, a nombre del colegio\u00a0UNION CHRETIENNE DE SAINT CHAUMOND. Cada prenda del uniforme debe estar marcada con el nombre y apellidos del alumno.El uniforme consiste en:PARA LAS CHICAS Una falda azul marino, watteau plisada, sin tirantes (en secundaria), vendida por el proveedor [&hellip;]","og_url":"https:\/\/saintchaumond.es\/uniforme\/","og_site_name":"Saint Chaumond","article_modified_time":"2025-07-03T09:43:12+00:00","twitter_card":"summary_large_image","twitter_misc":{"Tiempo de lectura":"6 minutos"},"schema":{"@context":"https:\/\/schema.org","@graph":[{"@type":"WebPage","@id":"https:\/\/saintchaumond.es\/uniforme\/","url":"https:\/\/saintchaumond.es\/uniforme\/","name":"Uniformes - Saint Chaumond","isPartOf":{"@id":"https:\/\/saintchaumond.es\/es\/#website"},"datePublished":"2018-03-23T13:41:15+00:00","dateModified":"2025-07-03T09:43:12+00:00","breadcrumb":{"@id":"https:\/\/saintchaumond.es\/uniforme\/#breadcrumb"},"inLanguage":"es","potentialAction":[{"@type":"ReadAction","target":["https:\/\/saintchaumond.es\/uniforme\/"]}]},{"@type":"BreadcrumbList","@id":"https:\/\/saintchaumond.es\/uniforme\/#breadcrumb","itemListElement":[{"@type":"ListItem","position":1,"name":"Portada","item":"https:\/\/saintchaumond.es\/"},{"@type":"ListItem","position":2,"name":"Uniformes"}]},{"@type":"WebSite","@id":"https:\/\/saintchaumond.es\/es\/#website","url":"https:\/\/saintchaumond.es\/es\/","name":"Saint Chaumond","description":"Union-Chr\u00e9tienne de Saint Chaumond","publisher":{"@id":"https:\/\/saintchaumond.es\/es\/#organization"},"potentialAction":[{"@type":"SearchAction","target":{"@type":"EntryPoint","urlTemplate":"https:\/\/saintchaumond.es\/es\/?s={search_term_string}"},"query-input":{"@type":"PropertyValueSpecification","valueRequired":true,"valueName":"search_term_string"}}],"inLanguage":"es"},{"@type":"Organization","@id":"https:\/\/saintchaumond.es\/es\/#organization","name":"Saint Chaumond","url":"https:\/\/saintchaumond.es\/es\/","logo":{"@type":"ImageObject","inLanguage":"es","@id":"https:\/\/saintchaumond.es\/es\/#\/schema\/logo\/image\/","url":"https:\/\/saintchaumond.es\/wp-content\/uploads\/2023\/01\/UXSC2022_Circular_Color.png","contentUrl":"https:\/\/saintchaumond.es\/wp-content\/uploads\/2023\/01\/UXSC2022_Circular_Color.png","width":1157,"height":1172,"caption":"Saint Chaumond"},"image":{"@id":"https:\/\/saintchaumond.es\/es\/#\/schema\/logo\/image\/"}}]}},"_links":{"self":[{"href":"https:\/\/saintchaumond.es\/es\/wp-json\/wp\/v2\/pages\/205540","targetHints":{"allow":["GET"]}}],"collection":[{"href":"https:\/\/saintchaumond.es\/es\/wp-json\/wp\/v2\/pages"}],"about":[{"href":"https:\/\/saintchaumond.es\/es\/wp-json\/wp\/v2\/types\/page"}],"author":[{"embeddable":true,"href":"https:\/\/saintchaumond.es\/es\/wp-json\/wp\/v2\/users\/1"}],"replies":[{"embeddable":true,"href":"https:\/\/saintchaumond.es\/es\/wp-json\/wp\/v2\/comments?post=205540"}],"version-history":[{"count":28,"href":"https:\/\/saintchaumond.es\/es\/wp-json\/wp\/v2\/pages\/205540\/revisions"}],"predecessor-version":[{"id":225235,"href":"https:\/\/saintchaumond.es\/es\/wp-json\/wp\/v2\/pages\/205540\/revisions\/225235"}],"wp:attachment":[{"href":"https:\/\/saintchaumond.es\/es\/wp-json\/wp\/v2\/media?parent=205540"}],"curies":[{"name":"wp","href":"https:\/\/api.w.org\/{rel}","templated":true}]}}