{"id":205524,"date":"2018-03-23T13:32:12","date_gmt":"2018-03-23T12:32:12","guid":{"rendered":"https:\/\/saintchaumond.demo.site\/?page_id=205524"},"modified":"2020-03-03T14:49:52","modified_gmt":"2020-03-03T13:49:52","slug":"examenes-oficiales","status":"publish","type":"page","link":"https:\/\/saintchaumond.es\/es\/examenes-oficiales\/","title":{"rendered":"Ex\u00e1menes Oficiales"},"content":{"rendered":"<p>[et_pb_section fb_built=\u00bb1&#8243; fullwidth=\u00bbon\u00bb _builder_version=\u00bb3.24&#8243; background_color=\u00bb#000000&#8243; custom_padding=\u00bb|||\u00bb][et_pb_fullwidth_header title=\u00bbEx\u00e1menes Oficiales\u00bb text_orientation=\u00bbcenter\u00bb background_overlay_color=\u00bbrgba(30,29,28,0.45)\u00bb _builder_version=\u00bb3.24&#8243; title_font=\u00bbSnell Roundhand BlackScript|900|||||||\u00bb title_text_color=\u00bb#ffffff\u00bb title_font_size=\u00bb90&#8243; title_line_height=\u00bb1.2em\u00bb subhead_font=\u00bbPoly||||||||\u00bb subhead_text_color=\u00bb#ffffff\u00bb subhead_font_size=\u00bb29px\u00bb subhead_line_height=\u00bb1.7em\u00bb background_color=\u00bbrgba(255,255,255,0)\u00bb background_image=\u00bbhttps:\/\/saintchaumond.es\/wp-content\/uploads\/2019\/02\/03042017-IMG_0516.jpg\u00bb background_size=\u00bbinitial\u00bb background_repeat=\u00bbrepeat\u00bb background_layout=\u00bblight\u00bb custom_margin=\u00bb|||\u00bb custom_padding=\u00bb100px||100px|\u00bb animation_style=\u00bbfade\u00bb animation_direction=\u00bbbottom\u00bb animation_duration=\u00bb800ms\u00bb title_font_size_tablet=\u00bb\u00bb title_font_size_phone=\u00bb60px\u00bb title_font_size_last_edited=\u00bbon|desktop\u00bb button_one_text_size__hover_enabled=\u00bboff\u00bb button_two_text_size__hover_enabled=\u00bboff\u00bb button_one_text_color__hover_enabled=\u00bboff\u00bb button_two_text_color__hover_enabled=\u00bboff\u00bb button_one_border_width__hover_enabled=\u00bboff\u00bb button_two_border_width__hover_enabled=\u00bboff\u00bb button_one_border_color__hover_enabled=\u00bboff\u00bb button_two_border_color__hover_enabled=\u00bboff\u00bb button_one_border_radius__hover_enabled=\u00bboff\u00bb button_two_border_radius__hover_enabled=\u00bboff\u00bb button_one_letter_spacing__hover_enabled=\u00bboff\u00bb button_two_letter_spacing__hover_enabled=\u00bboff\u00bb button_one_bg_color__hover_enabled=\u00bboff\u00bb button_two_bg_color__hover_enabled=\u00bboff\u00bb][\/et_pb_fullwidth_header][\/et_pb_section][et_pb_section fb_built=\u00bb1&#8243; admin_label=\u00bbClass Details Section\u00bb _builder_version=\u00bb3.22.3&#8243; custom_padding=\u00bb63px||60px|||\u00bb locked=\u00bboff\u00bb collapsed=\u00bboff\u00bb][et_pb_row admin_label=\u00bbDescription Text Area\u00bb _builder_version=\u00bb3.25&#8243;][et_pb_column type=\u00bb4_4&#8243; _builder_version=\u00bb3.25&#8243; custom_padding=\u00bb|||\u00bb custom_padding__hover=\u00bb|||\u00bb][et_pb_text admin_label=\u00bbTitle\u00bb _builder_version=\u00bb3.27.4&#8243; text_font=\u00bb||||||||\u00bb text_text_color=\u00bb#000000&#8243; header_font=\u00bbSnell Roundhand BlackScript|600|||||||\u00bb header_font_size=\u00bb60px\u00bb header_line_height=\u00bb1.2em\u00bb header_2_font=\u00bb||||||||\u00bb header_2_font_size=\u00bb60px\u00bb background_layout=\u00bbdark\u00bb custom_margin=\u00bb||20px|\u00bb custom_padding=\u00bb|||\u00bb animation_style=\u00bbfade\u00bb header_font_size_tablet=\u00bb\u00bb header_font_size_phone=\u00bb40px\u00bb header_font_size_last_edited=\u00bbon|phone\u00bb]<\/p>\n<h1 style=\"text-align: center;\"><span style=\"color: #1c1c1c;\">DNB<\/span><\/h1>\n<p>[\/et_pb_text][et_pb_text _builder_version=\u00bb3.27.4&#8243; text_font=\u00bb||||||||\u00bb text_font_size=\u00bb18px\u00bb text_line_height=\u00bb1.8em\u00bb animation_style=\u00bbfade\u00bb]<\/p>\n<h3>Organizaci\u00f3n DNB<\/h3>\n<h3>A- Pruebas escritas- Total 300 puntos<\/h3>\n<h3>B- Prueba oral EPG Itinerarios- Total 100 puntos<\/h3>\n<p>Prueba oral organizada en el centro escolar<br \/>Dominio de la competencia oral: 50 puntos<br \/>Dominio del tema presentado: 50 puntos<\/p>\n<h3>C- Evaluaci\u00f3n continua- Total: 400 puntos<\/h3>\n<p>Evaluaci\u00f3n de las Materias Comunes seg\u00fan los siguientes ocho apartados:<br \/>1- Comprender y expresarse utilizando la lengua francesa de forma oral y escrita<br \/>2-Comprender y expresarse utilizando una lengua extranjera o regional<br \/>3- Comprender y expresarse utilizando el lenguaje matem\u00e1tico, cient\u00edfico e inform\u00e1tico<br \/>4- Comprender y expresarse utilizando el lenguaje art\u00edstico y corporal<br \/>5- M\u00e9todo y herramientas para el aprendizaje<br \/>6- Formaci\u00f3n de la persona y del ciudadano<br \/>7- Sistemas naturales y sistemas t\u00e9cnicos<br \/>8- Representaciones del mundo y actividad humana<br \/><strong>10 puntos<\/strong> si el candidato no alcanza el nivel requerido al final de 3\u00e8me<br \/><strong>25 puntos<\/strong> si obtiene un nivel fr\u00e1gil en el dominio de las competencias exigidas\u00a0<br \/><strong>40 puntos<\/strong> si obtiene un nivel notable<br \/><strong>50 puntos<\/strong> si obtiene un nivel sobresaliente<\/p>\n<p>Condiciones de admisi\u00f3n: Para estar admitido hay que sacar un 10 de media en el conjunto general de la prueba, es decir un m\u00ednimo de 400 puntos.<\/p>\n<p>Menciones:<\/p>\n<ul>\n<li>Entre 480 y 559 puntos: Bien (\u00abAssez bien\u00bb en franc\u00e9s)<\/li>\n<li>Entre 560 y 639 puntos: Notable (\u00abBien\u00bb en franc\u00e9s)<\/li>\n<li>A partir de 640 puntos:\u00a0 Muy bien (\u00abTr\u00e8s bien\u00bb en franc\u00e9s)<\/li>\n<\/ul>\n<p>[\/et_pb_text][\/et_pb_column][\/et_pb_row][et_pb_row admin_label=\u00bbDescription Text Area\u00bb _builder_version=\u00bb3.25&#8243;][et_pb_column type=\u00bb4_4&#8243; _builder_version=\u00bb3.25&#8243; custom_padding=\u00bb|||\u00bb custom_padding__hover=\u00bb|||\u00bb][et_pb_text _builder_version=\u00bb4.3.4&#8243; header_font=\u00bb||||||||\u00bb header_3_font=\u00bbSnell Roundhand BlackScript|500|||||||\u00bb header_3_font_size=\u00bb30px\u00bb animation_style=\u00bbfold\u00bb animation_direction=\u00bbbottom\u00bb animation_intensity_fold=\u00bb10%\u00bb animation_starting_opacity=\u00bb100%\u00bb hover_enabled=\u00bb0&#8243;]<\/p>\n<h1 style=\"text-align: center;\">Baccalaur\u00e9at &#8211; Primero y Segundo de Bachillerato<\/h1>\n<p>[\/et_pb_text][\/et_pb_column][\/et_pb_row][\/et_pb_section][et_pb_section fb_built=\u00bb1&#8243; _builder_version=\u00bb3.22.3&#8243; custom_padding=\u00bb30px|0px|54px|0px|false|false\u00bb locked=\u00bboff\u00bb collapsed=\u00bboff\u00bb custom_margin=\u00bb-70px|||||\u00bb min_height=\u00bb335px\u00bb][et_pb_row _builder_version=\u00bb4.3.4&#8243; hover_enabled=\u00bb0&#8243; custom_margin=\u00bb-32px|auto||auto||\u00bb][et_pb_column type=\u00bb4_4&#8243; _builder_version=\u00bb3.25&#8243; custom_padding=\u00bb|||\u00bb custom_padding__hover=\u00bb|||\u00bb][et_pb_text _builder_version=\u00bb4.3.4&#8243; hover_enabled=\u00bb0&#8243;]<\/p>\n<p>El diploma del BAC\u00a0 del sistema educativo franc\u00e9s tiene la doble particularidad de certificar el final del bachillerato y dar acceso a los estudios de grado superior.<\/p>\n<p> La ense\u00f1anza en el centro escolar de Saint Chaumond abre a la formaci\u00f3n de las siguiente ramas:<\/p>\n<ul>\n<li>Cient\u00edfica<\/li>\n<li>Econ\u00f3mica y social<\/li>\n<li>Literaria<\/li>\n<\/ul>\n<p>&nbsp;<\/p>\n<p>[\/et_pb_text][\/et_pb_column][\/et_pb_row][\/et_pb_section]<\/p>\n","protected":false},"excerpt":{"rendered":"<p>DNBOrganizaci\u00f3n DNB A- Pruebas escritas- Total 300 puntos B- Prueba oral EPG Itinerarios- Total 100 puntos Prueba oral organizada en el centro escolarDominio de la competencia oral: 50 puntosDominio del tema presentado: 50 puntos C- Evaluaci\u00f3n continua- Total: 400 puntos Evaluaci\u00f3n de las Materias Comunes seg\u00fan los siguientes ocho apartados:1- Comprender y expresarse utilizando la [&hellip;]<\/p>\n","protected":false},"author":1,"featured_media":0,"parent":0,"menu_order":0,"comment_status":"closed","ping_status":"closed","template":"","meta":{"_et_pb_use_builder":"on","_et_pb_old_content":"","_et_gb_content_width":"","footnotes":""},"class_list":["post-205524","page","type-page","status-publish","hentry"],"yoast_head":"<!-- This site is optimized with the Yoast SEO plugin v27.2 - https:\/\/yoast.com\/product\/yoast-seo-wordpress\/ -->\n<title>Ex\u00e1menes Oficiales - Saint Chaumond<\/title>\n<meta name=\"robots\" content=\"index, follow, max-snippet:-1, max-image-preview:large, max-video-preview:-1\" \/>\n<link rel=\"canonical\" href=\"https:\/\/saintchaumond.es\/es\/examenes-oficiales\/\" \/>\n<meta property=\"og:locale\" content=\"es_ES\" \/>\n<meta property=\"og:type\" content=\"article\" \/>\n<meta property=\"og:title\" content=\"Ex\u00e1menes Oficiales - Saint Chaumond\" \/>\n<meta property=\"og:description\" content=\"DNBOrganizaci\u00f3n DNB A- Pruebas escritas- Total 300 puntos B- Prueba oral EPG Itinerarios- Total 100 puntos Prueba oral organizada en el centro escolarDominio de la competencia oral: 50 puntosDominio del tema presentado: 50 puntos C- Evaluaci\u00f3n continua- Total: 400 puntos Evaluaci\u00f3n de las Materias Comunes seg\u00fan los siguientes ocho apartados:1- Comprender y expresarse utilizando la [&hellip;]\" \/>\n<meta property=\"og:url\" content=\"https:\/\/saintchaumond.es\/es\/examenes-oficiales\/\" \/>\n<meta property=\"og:site_name\" content=\"Saint Chaumond\" \/>\n<meta property=\"article:modified_time\" content=\"2020-03-03T13:49:52+00:00\" \/>\n<meta name=\"twitter:card\" content=\"summary_large_image\" \/>\n<meta name=\"twitter:label1\" content=\"Tiempo de lectura\" \/>\n\t<meta name=\"twitter:data1\" content=\"4 minutos\" \/>\n<script type=\"application\/ld+json\" class=\"yoast-schema-graph\">{\"@context\":\"https:\/\/schema.org\",\"@graph\":[{\"@type\":\"WebPage\",\"@id\":\"https:\/\/saintchaumond.es\/es\/examenes-oficiales\/\",\"url\":\"https:\/\/saintchaumond.es\/es\/examenes-oficiales\/\",\"name\":\"Ex\u00e1menes Oficiales - Saint Chaumond\",\"isPartOf\":{\"@id\":\"https:\/\/saintchaumond.es\/es\/#website\"},\"datePublished\":\"2018-03-23T12:32:12+00:00\",\"dateModified\":\"2020-03-03T13:49:52+00:00\",\"breadcrumb\":{\"@id\":\"https:\/\/saintchaumond.es\/es\/examenes-oficiales\/#breadcrumb\"},\"inLanguage\":\"es\",\"potentialAction\":[{\"@type\":\"ReadAction\",\"target\":[\"https:\/\/saintchaumond.es\/es\/examenes-oficiales\/\"]}]},{\"@type\":\"BreadcrumbList\",\"@id\":\"https:\/\/saintchaumond.es\/es\/examenes-oficiales\/#breadcrumb\",\"itemListElement\":[{\"@type\":\"ListItem\",\"position\":1,\"name\":\"Portada\",\"item\":\"https:\/\/saintchaumond.es\/\"},{\"@type\":\"ListItem\",\"position\":2,\"name\":\"Ex\u00e1menes Oficiales\"}]},{\"@type\":\"WebSite\",\"@id\":\"https:\/\/saintchaumond.es\/es\/#website\",\"url\":\"https:\/\/saintchaumond.es\/es\/\",\"name\":\"Saint Chaumond\",\"description\":\"Union-Chr\u00e9tienne de Saint Chaumond\",\"publisher\":{\"@id\":\"https:\/\/saintchaumond.es\/es\/#organization\"},\"potentialAction\":[{\"@type\":\"SearchAction\",\"target\":{\"@type\":\"EntryPoint\",\"urlTemplate\":\"https:\/\/saintchaumond.es\/es\/?s={search_term_string}\"},\"query-input\":{\"@type\":\"PropertyValueSpecification\",\"valueRequired\":true,\"valueName\":\"search_term_string\"}}],\"inLanguage\":\"es\"},{\"@type\":\"Organization\",\"@id\":\"https:\/\/saintchaumond.es\/es\/#organization\",\"name\":\"Saint Chaumond\",\"url\":\"https:\/\/saintchaumond.es\/es\/\",\"logo\":{\"@type\":\"ImageObject\",\"inLanguage\":\"es\",\"@id\":\"https:\/\/saintchaumond.es\/es\/#\/schema\/logo\/image\/\",\"url\":\"https:\/\/saintchaumond.es\/wp-content\/uploads\/2023\/01\/UXSC2022_Circular_Color.png\",\"contentUrl\":\"https:\/\/saintchaumond.es\/wp-content\/uploads\/2023\/01\/UXSC2022_Circular_Color.png\",\"width\":1157,\"height\":1172,\"caption\":\"Saint Chaumond\"},\"image\":{\"@id\":\"https:\/\/saintchaumond.es\/es\/#\/schema\/logo\/image\/\"}}]}<\/script>\n<!-- \/ Yoast SEO plugin. -->","yoast_head_json":{"title":"Ex\u00e1menes Oficiales - Saint Chaumond","robots":{"index":"index","follow":"follow","max-snippet":"max-snippet:-1","max-image-preview":"max-image-preview:large","max-video-preview":"max-video-preview:-1"},"canonical":"https:\/\/saintchaumond.es\/es\/examenes-oficiales\/","og_locale":"es_ES","og_type":"article","og_title":"Ex\u00e1menes Oficiales - Saint Chaumond","og_description":"DNBOrganizaci\u00f3n DNB A- Pruebas escritas- Total 300 puntos B- Prueba oral EPG Itinerarios- Total 100 puntos Prueba oral organizada en el centro escolarDominio de la competencia oral: 50 puntosDominio del tema presentado: 50 puntos C- Evaluaci\u00f3n continua- Total: 400 puntos Evaluaci\u00f3n de las Materias Comunes seg\u00fan los siguientes ocho apartados:1- Comprender y expresarse utilizando la [&hellip;]","og_url":"https:\/\/saintchaumond.es\/es\/examenes-oficiales\/","og_site_name":"Saint Chaumond","article_modified_time":"2020-03-03T13:49:52+00:00","twitter_card":"summary_large_image","twitter_misc":{"Tiempo de lectura":"4 minutos"},"schema":{"@context":"https:\/\/schema.org","@graph":[{"@type":"WebPage","@id":"https:\/\/saintchaumond.es\/es\/examenes-oficiales\/","url":"https:\/\/saintchaumond.es\/es\/examenes-oficiales\/","name":"Ex\u00e1menes Oficiales - Saint Chaumond","isPartOf":{"@id":"https:\/\/saintchaumond.es\/es\/#website"},"datePublished":"2018-03-23T12:32:12+00:00","dateModified":"2020-03-03T13:49:52+00:00","breadcrumb":{"@id":"https:\/\/saintchaumond.es\/es\/examenes-oficiales\/#breadcrumb"},"inLanguage":"es","potentialAction":[{"@type":"ReadAction","target":["https:\/\/saintchaumond.es\/es\/examenes-oficiales\/"]}]},{"@type":"BreadcrumbList","@id":"https:\/\/saintchaumond.es\/es\/examenes-oficiales\/#breadcrumb","itemListElement":[{"@type":"ListItem","position":1,"name":"Portada","item":"https:\/\/saintchaumond.es\/"},{"@type":"ListItem","position":2,"name":"Ex\u00e1menes Oficiales"}]},{"@type":"WebSite","@id":"https:\/\/saintchaumond.es\/es\/#website","url":"https:\/\/saintchaumond.es\/es\/","name":"Saint Chaumond","description":"Union-Chr\u00e9tienne de Saint Chaumond","publisher":{"@id":"https:\/\/saintchaumond.es\/es\/#organization"},"potentialAction":[{"@type":"SearchAction","target":{"@type":"EntryPoint","urlTemplate":"https:\/\/saintchaumond.es\/es\/?s={search_term_string}"},"query-input":{"@type":"PropertyValueSpecification","valueRequired":true,"valueName":"search_term_string"}}],"inLanguage":"es"},{"@type":"Organization","@id":"https:\/\/saintchaumond.es\/es\/#organization","name":"Saint Chaumond","url":"https:\/\/saintchaumond.es\/es\/","logo":{"@type":"ImageObject","inLanguage":"es","@id":"https:\/\/saintchaumond.es\/es\/#\/schema\/logo\/image\/","url":"https:\/\/saintchaumond.es\/wp-content\/uploads\/2023\/01\/UXSC2022_Circular_Color.png","contentUrl":"https:\/\/saintchaumond.es\/wp-content\/uploads\/2023\/01\/UXSC2022_Circular_Color.png","width":1157,"height":1172,"caption":"Saint Chaumond"},"image":{"@id":"https:\/\/saintchaumond.es\/es\/#\/schema\/logo\/image\/"}}]}},"_links":{"self":[{"href":"https:\/\/saintchaumond.es\/es\/wp-json\/wp\/v2\/pages\/205524","targetHints":{"allow":["GET"]}}],"collection":[{"href":"https:\/\/saintchaumond.es\/es\/wp-json\/wp\/v2\/pages"}],"about":[{"href":"https:\/\/saintchaumond.es\/es\/wp-json\/wp\/v2\/types\/page"}],"author":[{"embeddable":true,"href":"https:\/\/saintchaumond.es\/es\/wp-json\/wp\/v2\/users\/1"}],"replies":[{"embeddable":true,"href":"https:\/\/saintchaumond.es\/es\/wp-json\/wp\/v2\/comments?post=205524"}],"version-history":[{"count":7,"href":"https:\/\/saintchaumond.es\/es\/wp-json\/wp\/v2\/pages\/205524\/revisions"}],"predecessor-version":[{"id":215366,"href":"https:\/\/saintchaumond.es\/es\/wp-json\/wp\/v2\/pages\/205524\/revisions\/215366"}],"wp:attachment":[{"href":"https:\/\/saintchaumond.es\/es\/wp-json\/wp\/v2\/media?parent=205524"}],"curies":[{"name":"wp","href":"https:\/\/api.w.org\/{rel}","templated":true}]}}