{"id":205508,"date":"2018-03-23T11:43:52","date_gmt":"2018-03-23T10:43:52","guid":{"rendered":"https:\/\/saintchaumond.demo.site\/?page_id=205508"},"modified":"2020-07-10T10:07:17","modified_gmt":"2020-07-10T08:07:17","slug":"infantil-y-primaria","status":"publish","type":"page","link":"https:\/\/saintchaumond.es\/es\/infantil-y-primaria\/","title":{"rendered":"Infantil y Primaria"},"content":{"rendered":"<p>[et_pb_section fb_built=\u00bb1&#8243; admin_label=\u00bbPage Title Section\u00bb _builder_version=\u00bb4.4.9&#8243; use_background_color_gradient=\u00bbon\u00bb background_color_gradient_start=\u00bb#000000&#8243; background_color_gradient_end=\u00bbrgba(0,0,0,0)\u00bb background_color_gradient_direction=\u00bb120deg\u00bb background_color_gradient_overlays_image=\u00bbon\u00bb background_image=\u00bbhttps:\/\/saintchaumond.es\/wp-content\/uploads\/2018\/01\/IMG_7683.jpg\u00bb custom_padding=\u00bb110px||110px|\u00bb hover_enabled=\u00bb0&#8243; background_blend=\u00bbexclusion\u00bb][et_pb_row _builder_version=\u00bb3.25&#8243; background_size=\u00bbinitial\u00bb background_position=\u00bbtop_left\u00bb background_repeat=\u00bbrepeat\u00bb][et_pb_column type=\u00bb4_4&#8243; _builder_version=\u00bb3.25&#8243; custom_padding=\u00bb|||\u00bb custom_padding__hover=\u00bb|||\u00bb][et_pb_text admin_label=\u00bbPage Title\u00bb _builder_version=\u00bb4.4.9&#8243; header_font=\u00bbSnell Roundhand BlackScript|600|||||||\u00bb header_font_size=\u00bb60px\u00bb background_layout=\u00bbdark\u00bb custom_margin=\u00bb||20px|\u00bb custom_padding=\u00bb|||\u00bb animation_style=\u00bbfade\u00bb header_font_size_tablet=\u00bb\u00bb header_font_size_phone=\u00bb40px\u00bb header_font_size_last_edited=\u00bbon|phone\u00bb]<\/p>\n<h1 style=\"text-align: center;\">Infantil y Primaria<\/h1>\n<p>[\/et_pb_text][et_pb_text admin_label=\u00bbPage Subtitle\u00bb _builder_version=\u00bb3.27.4&#8243; text_font=\u00bbPoppins||||||||\u00bb text_font_size=\u00bb18px\u00bb text_line_height=\u00bb1.8em\u00bb header_font=\u00bb||||||||\u00bb background_layout=\u00bbdark\u00bb animation_style=\u00bbfade\u00bb][\/et_pb_text][\/et_pb_column][\/et_pb_row][\/et_pb_section][et_pb_section fb_built=\u00bb1&#8243; admin_label=\u00bbTeam\u00bb _builder_version=\u00bb3.22.3&#8243; custom_padding=\u00bb90px||90px|\u00bb][et_pb_row _builder_version=\u00bb3.25&#8243; custom_padding=\u00bb||10px|\u00bb locked=\u00bboff\u00bb][et_pb_column type=\u00bb4_4&#8243; _builder_version=\u00bb3.25&#8243; custom_padding=\u00bb|||\u00bb custom_padding__hover=\u00bb|||\u00bb][et_pb_text admin_label=\u00bbTitle\u00bb _builder_version=\u00bb3.27.4&#8243; header_font=\u00bbLato||||||||\u00bb header_2_font=\u00bbLato|600|||||||\u00bb header_2_text_align=\u00bbcenter\u00bb header_2_font_size=\u00bb36px\u00bb header_2_line_height=\u00bb1.4em\u00bb max_width=\u00bb550px\u00bb module_alignment=\u00bbcenter\u00bb custom_margin=\u00bb||0px|\u00bb animation_style=\u00bbfade\u00bb locked=\u00bboff\u00bb]<\/p>\n<h2>Infantil y Primaria<\/h2>\n<p>[\/et_pb_text][et_pb_divider show_divider=\u00bboff\u00bb _builder_version=\u00bb3.23.4&#8243; max_width=\u00bb50px\u00bb module_alignment=\u00bbcenter\u00bb height=\u00bb0px\u00bb custom_margin=\u00bb||20px|\u00bb animation_style=\u00bbslide\u00bb animation_direction=\u00bbtop\u00bb animation_intensity_slide=\u00bb10%\u00bb animation_starting_opacity=\u00bb100%\u00bb locked=\u00bboff\u00bb][\/et_pb_divider][et_pb_text _builder_version=\u00bb3.27.4&#8243; text_font=\u00bbPoppins||||||||\u00bb text_text_color=\u00bb#666666&#8243; text_font_size=\u00bb18px\u00bb text_line_height=\u00bb1.8em\u00bb text_orientation=\u00bbcenter\u00bb module_alignment=\u00bbcenter\u00bb custom_margin=\u00bb|||\u00bb custom_padding=\u00bb|||\u00bb animation_style=\u00bbfade\u00bb locked=\u00bboff\u00bb]<\/p>\n<p style=\"text-align: center;\">Saint Chaumond persigue el ideal<br \/>\nde inculcar en las j\u00f3venes que le son encomendadas el deseo de crecer en su vida de fe, y<br \/>\nconvertirse as\u00ed en disc\u00edpulos de Cristo en el mundo contempor\u00e1neo. Alenta a las alumnas a crecer<br \/>\nespiritual, intelectual y humanamente, de acuerdo con la tradici\u00f3n de sus fundadores, en un clima de<br \/>\natenci\u00f3n y de confianza con las religiosas y los educadores.<\/p>\n<p>[\/et_pb_text][\/et_pb_column][\/et_pb_row][et_pb_row column_structure=\u00bb1_3,1_3,1_3&#8243; use_custom_gutter=\u00bbon\u00bb gutter_width=\u00bb4&#8243; _builder_version=\u00bb4.3.4&#8243; max_width=\u00bb653px\u00bb custom_margin=\u00bb|||\u00bb custom_padding=\u00bb|||\u00bb use_custom_width=\u00bbon\u00bb custom_width_px=\u00bb653px\u00bb][et_pb_column type=\u00bb1_3&#8243; _builder_version=\u00bb3.25&#8243; custom_padding=\u00bb|||\u00bb custom_padding__hover=\u00bb|||\u00bb][et_pb_blurb title=\u00bbPedagog\u00eda y Proyectos\u00bb url=\u00bb\/es\/pedagogia-y-proyectos\/\u00bb image=\u00bbhttps:\/\/saintchaumond.es\/wp-content\/uploads\/2018\/09\/Imagenv22.png\u00bb admin_label=\u00bbPedagog\u00eda y Proyectos\u00bb _builder_version=\u00bb4.4.9&#8243; header_font=\u00bbPoppins|600|||||||\u00bb header_font_size=\u00bb18px\u00bb text_orientation=\u00bbcenter\u00bb custom_margin=\u00bb|0px||\u00bb text_shadow_style=\u00bbpreset4&#8243;][\/et_pb_blurb][\/et_pb_column][et_pb_column type=\u00bb1_3&#8243; _builder_version=\u00bb3.25&#8243; custom_padding=\u00bb|||\u00bb custom_padding__hover=\u00bb|||\u00bb][et_pb_blurb title=\u00bbItinerarios\u00bb url=\u00bb\/es\/parcours\/\u00bb image=\u00bbhttps:\/\/saintchaumond.es\/wp-content\/uploads\/2018\/01\/64337d4f-5ef1-471f-ba20-db268a51740d.jpg\u00bb image_max_width=\u00bb79%\u00bb admin_label=\u00bbParcours\u00bb _builder_version=\u00bb4.4.9&#8243; header_font=\u00bbPoppins|700|||||||\u00bb header_font_size=\u00bb18px\u00bb text_orientation=\u00bbcenter\u00bb hover_enabled=\u00bb0&#8243; border_width_all_image=\u00bb9px\u00bb border_color_all_image=\u00bb#ffffff\u00bb box_shadow_style_image=\u00bbpreset4&#8243; box_shadow_horizontal_image=\u00bb1px\u00bb box_shadow_vertical_image=\u00bb3px\u00bb box_shadow_blur_image=\u00bb4px\u00bb box_shadow_spread_image=\u00bb1px\u00bb][\/et_pb_blurb][\/et_pb_column][et_pb_column type=\u00bb1_3&#8243; _builder_version=\u00bb3.25&#8243; custom_padding=\u00bb|||\u00bb custom_padding__hover=\u00bb|||\u00bb][et_pb_blurb title=\u00bbVisitas Escolares\u00bb image=\u00bbhttps:\/\/saintchaumond.es\/wp-content\/uploads\/2020\/03\/Oriente_2.jpg\u00bb admin_label=\u00bbAnuncio\u00bb _builder_version=\u00bb4.4.9&#8243; _dynamic_attributes=\u00bblink_option_url\u00bb header_font=\u00bbPoppins|700|||||||\u00bb text_orientation=\u00bbcenter\u00bb link_option_url=\u00bb@ET-DC@eyJkeW5hbWljIjp0cnVlLCJjb250ZW50IjoicG9zdF9saW5rX3VybF9wYWdlIiwic2V0dGluZ3MiOnsicG9zdF9pZCI6IjIxNTI5MiJ9fQ==@\u00bb hover_enabled=\u00bb0&#8243; border_width_all_image=\u00bb2px\u00bb border_color_all_image=\u00bb#ffffff\u00bb box_shadow_style_image=\u00bbpreset1&#8243;][\/et_pb_blurb][\/et_pb_column][\/et_pb_row][\/et_pb_section]<\/p>\n","protected":false},"excerpt":{"rendered":"<p>Infantil y PrimariaInfantil y Primaria Saint Chaumond persigue el ideal de inculcar en las j\u00f3venes que le son encomendadas el deseo de crecer en su vida de fe, y convertirse as\u00ed en disc\u00edpulos de Cristo en el mundo contempor\u00e1neo. Alenta a las alumnas a crecer espiritual, intelectual y humanamente, de acuerdo con la tradici\u00f3n de [&hellip;]<\/p>\n","protected":false},"author":1,"featured_media":0,"parent":0,"menu_order":0,"comment_status":"closed","ping_status":"closed","template":"","meta":{"_et_pb_use_builder":"on","_et_pb_old_content":"","_et_gb_content_width":"","footnotes":""},"class_list":["post-205508","page","type-page","status-publish","hentry"],"yoast_head":"<!-- This site is optimized with the Yoast SEO plugin v27.2 - https:\/\/yoast.com\/product\/yoast-seo-wordpress\/ -->\n<title>Infantil y Primaria - Saint Chaumond<\/title>\n<meta name=\"robots\" content=\"index, follow, max-snippet:-1, max-image-preview:large, max-video-preview:-1\" \/>\n<link rel=\"canonical\" href=\"https:\/\/saintchaumond.es\/es\/infantil-y-primaria\/\" \/>\n<meta property=\"og:locale\" content=\"es_ES\" \/>\n<meta property=\"og:type\" content=\"article\" \/>\n<meta property=\"og:title\" content=\"Infantil y Primaria - Saint Chaumond\" \/>\n<meta property=\"og:description\" content=\"Infantil y PrimariaInfantil y Primaria Saint Chaumond persigue el ideal de inculcar en las j\u00f3venes que le son encomendadas el deseo de crecer en su vida de fe, y convertirse as\u00ed en disc\u00edpulos de Cristo en el mundo contempor\u00e1neo. Alenta a las alumnas a crecer espiritual, intelectual y humanamente, de acuerdo con la tradici\u00f3n de [&hellip;]\" \/>\n<meta property=\"og:url\" content=\"https:\/\/saintchaumond.es\/es\/infantil-y-primaria\/\" \/>\n<meta property=\"og:site_name\" content=\"Saint Chaumond\" \/>\n<meta property=\"article:modified_time\" content=\"2020-07-10T08:07:17+00:00\" \/>\n<meta name=\"twitter:card\" content=\"summary_large_image\" \/>\n<meta name=\"twitter:label1\" content=\"Tiempo de lectura\" \/>\n\t<meta name=\"twitter:data1\" content=\"3 minutos\" \/>\n<script type=\"application\/ld+json\" class=\"yoast-schema-graph\">{\"@context\":\"https:\/\/schema.org\",\"@graph\":[{\"@type\":\"WebPage\",\"@id\":\"https:\/\/saintchaumond.es\/es\/infantil-y-primaria\/\",\"url\":\"https:\/\/saintchaumond.es\/es\/infantil-y-primaria\/\",\"name\":\"Infantil y Primaria - Saint Chaumond\",\"isPartOf\":{\"@id\":\"https:\/\/saintchaumond.es\/es\/#website\"},\"datePublished\":\"2018-03-23T10:43:52+00:00\",\"dateModified\":\"2020-07-10T08:07:17+00:00\",\"breadcrumb\":{\"@id\":\"https:\/\/saintchaumond.es\/es\/infantil-y-primaria\/#breadcrumb\"},\"inLanguage\":\"es\",\"potentialAction\":[{\"@type\":\"ReadAction\",\"target\":[\"https:\/\/saintchaumond.es\/es\/infantil-y-primaria\/\"]}]},{\"@type\":\"BreadcrumbList\",\"@id\":\"https:\/\/saintchaumond.es\/es\/infantil-y-primaria\/#breadcrumb\",\"itemListElement\":[{\"@type\":\"ListItem\",\"position\":1,\"name\":\"Portada\",\"item\":\"https:\/\/saintchaumond.es\/\"},{\"@type\":\"ListItem\",\"position\":2,\"name\":\"Infantil y Primaria\"}]},{\"@type\":\"WebSite\",\"@id\":\"https:\/\/saintchaumond.es\/es\/#website\",\"url\":\"https:\/\/saintchaumond.es\/es\/\",\"name\":\"Saint Chaumond\",\"description\":\"Union-Chr\u00e9tienne de Saint Chaumond\",\"publisher\":{\"@id\":\"https:\/\/saintchaumond.es\/es\/#organization\"},\"potentialAction\":[{\"@type\":\"SearchAction\",\"target\":{\"@type\":\"EntryPoint\",\"urlTemplate\":\"https:\/\/saintchaumond.es\/es\/?s={search_term_string}\"},\"query-input\":{\"@type\":\"PropertyValueSpecification\",\"valueRequired\":true,\"valueName\":\"search_term_string\"}}],\"inLanguage\":\"es\"},{\"@type\":\"Organization\",\"@id\":\"https:\/\/saintchaumond.es\/es\/#organization\",\"name\":\"Saint Chaumond\",\"url\":\"https:\/\/saintchaumond.es\/es\/\",\"logo\":{\"@type\":\"ImageObject\",\"inLanguage\":\"es\",\"@id\":\"https:\/\/saintchaumond.es\/es\/#\/schema\/logo\/image\/\",\"url\":\"https:\/\/saintchaumond.es\/wp-content\/uploads\/2023\/01\/UXSC2022_Circular_Color.png\",\"contentUrl\":\"https:\/\/saintchaumond.es\/wp-content\/uploads\/2023\/01\/UXSC2022_Circular_Color.png\",\"width\":1157,\"height\":1172,\"caption\":\"Saint Chaumond\"},\"image\":{\"@id\":\"https:\/\/saintchaumond.es\/es\/#\/schema\/logo\/image\/\"}}]}<\/script>\n<!-- \/ Yoast SEO plugin. -->","yoast_head_json":{"title":"Infantil y Primaria - Saint Chaumond","robots":{"index":"index","follow":"follow","max-snippet":"max-snippet:-1","max-image-preview":"max-image-preview:large","max-video-preview":"max-video-preview:-1"},"canonical":"https:\/\/saintchaumond.es\/es\/infantil-y-primaria\/","og_locale":"es_ES","og_type":"article","og_title":"Infantil y Primaria - Saint Chaumond","og_description":"Infantil y PrimariaInfantil y Primaria Saint Chaumond persigue el ideal de inculcar en las j\u00f3venes que le son encomendadas el deseo de crecer en su vida de fe, y convertirse as\u00ed en disc\u00edpulos de Cristo en el mundo contempor\u00e1neo. Alenta a las alumnas a crecer espiritual, intelectual y humanamente, de acuerdo con la tradici\u00f3n de [&hellip;]","og_url":"https:\/\/saintchaumond.es\/es\/infantil-y-primaria\/","og_site_name":"Saint Chaumond","article_modified_time":"2020-07-10T08:07:17+00:00","twitter_card":"summary_large_image","twitter_misc":{"Tiempo de lectura":"3 minutos"},"schema":{"@context":"https:\/\/schema.org","@graph":[{"@type":"WebPage","@id":"https:\/\/saintchaumond.es\/es\/infantil-y-primaria\/","url":"https:\/\/saintchaumond.es\/es\/infantil-y-primaria\/","name":"Infantil y Primaria - Saint Chaumond","isPartOf":{"@id":"https:\/\/saintchaumond.es\/es\/#website"},"datePublished":"2018-03-23T10:43:52+00:00","dateModified":"2020-07-10T08:07:17+00:00","breadcrumb":{"@id":"https:\/\/saintchaumond.es\/es\/infantil-y-primaria\/#breadcrumb"},"inLanguage":"es","potentialAction":[{"@type":"ReadAction","target":["https:\/\/saintchaumond.es\/es\/infantil-y-primaria\/"]}]},{"@type":"BreadcrumbList","@id":"https:\/\/saintchaumond.es\/es\/infantil-y-primaria\/#breadcrumb","itemListElement":[{"@type":"ListItem","position":1,"name":"Portada","item":"https:\/\/saintchaumond.es\/"},{"@type":"ListItem","position":2,"name":"Infantil y Primaria"}]},{"@type":"WebSite","@id":"https:\/\/saintchaumond.es\/es\/#website","url":"https:\/\/saintchaumond.es\/es\/","name":"Saint Chaumond","description":"Union-Chr\u00e9tienne de Saint Chaumond","publisher":{"@id":"https:\/\/saintchaumond.es\/es\/#organization"},"potentialAction":[{"@type":"SearchAction","target":{"@type":"EntryPoint","urlTemplate":"https:\/\/saintchaumond.es\/es\/?s={search_term_string}"},"query-input":{"@type":"PropertyValueSpecification","valueRequired":true,"valueName":"search_term_string"}}],"inLanguage":"es"},{"@type":"Organization","@id":"https:\/\/saintchaumond.es\/es\/#organization","name":"Saint Chaumond","url":"https:\/\/saintchaumond.es\/es\/","logo":{"@type":"ImageObject","inLanguage":"es","@id":"https:\/\/saintchaumond.es\/es\/#\/schema\/logo\/image\/","url":"https:\/\/saintchaumond.es\/wp-content\/uploads\/2023\/01\/UXSC2022_Circular_Color.png","contentUrl":"https:\/\/saintchaumond.es\/wp-content\/uploads\/2023\/01\/UXSC2022_Circular_Color.png","width":1157,"height":1172,"caption":"Saint Chaumond"},"image":{"@id":"https:\/\/saintchaumond.es\/es\/#\/schema\/logo\/image\/"}}]}},"_links":{"self":[{"href":"https:\/\/saintchaumond.es\/es\/wp-json\/wp\/v2\/pages\/205508","targetHints":{"allow":["GET"]}}],"collection":[{"href":"https:\/\/saintchaumond.es\/es\/wp-json\/wp\/v2\/pages"}],"about":[{"href":"https:\/\/saintchaumond.es\/es\/wp-json\/wp\/v2\/types\/page"}],"author":[{"embeddable":true,"href":"https:\/\/saintchaumond.es\/es\/wp-json\/wp\/v2\/users\/1"}],"replies":[{"embeddable":true,"href":"https:\/\/saintchaumond.es\/es\/wp-json\/wp\/v2\/comments?post=205508"}],"version-history":[{"count":15,"href":"https:\/\/saintchaumond.es\/es\/wp-json\/wp\/v2\/pages\/205508\/revisions"}],"predecessor-version":[{"id":215990,"href":"https:\/\/saintchaumond.es\/es\/wp-json\/wp\/v2\/pages\/205508\/revisions\/215990"}],"wp:attachment":[{"href":"https:\/\/saintchaumond.es\/es\/wp-json\/wp\/v2\/media?parent=205508"}],"curies":[{"name":"wp","href":"https:\/\/api.w.org\/{rel}","templated":true}]}}