{"id":205506,"date":"2018-03-23T11:43:28","date_gmt":"2018-03-23T10:43:28","guid":{"rendered":"https:\/\/saintchaumond.demo.site\/?page_id=205506"},"modified":"2026-01-23T08:28:48","modified_gmt":"2026-01-23T07:28:48","slug":"formacion-religiosa","status":"publish","type":"page","link":"https:\/\/saintchaumond.es\/es\/formacion-religiosa\/","title":{"rendered":"Formaci\u00f3n Cristiana"},"content":{"rendered":"<p>[et_pb_section fb_built=\u00bb1&#8243; fullwidth=\u00bbon\u00bb _builder_version=\u00bb4.19.4&#8243; background_color=\u00bb#000000&#8243; custom_padding=\u00bb|||\u00bb locked=\u00bboff\u00bb global_colors_info=\u00bb{}\u00bb][et_pb_fullwidth_header title=\u00bbFormaci\u00f3n Cristiana\u00bb background_overlay_color=\u00bbrgba(30,29,28,0.45)\u00bb _builder_version=\u00bb4.19.5&#8243; title_font=\u00bbPrompt|200|||||||\u00bb title_text_align=\u00bbcenter\u00bb title_text_color=\u00bb#ffffff\u00bb title_font_size=\u00bb82px\u00bb title_line_height=\u00bb1.2em\u00bb subhead_font=\u00bbPrompt|300|||||||\u00bb subhead_text_color=\u00bb#ffffff\u00bb subhead_font_size=\u00bb27px\u00bb subhead_line_height=\u00bb1.7em\u00bb background_color=\u00bbrgba(255, 255, 255, 0)\u00bb background_image=\u00bbhttps:\/\/saintchaumond.es\/wp-content\/uploads\/2023\/01\/UXSC_OCT22_Rezando_02.jpg\u00bb background_repeat=\u00bbrepeat\u00bb background_layout=\u00bblight\u00bb height_tablet=\u00bb734px\u00bb height_phone=\u00bb734px\u00bb height_last_edited=\u00bboff|desktop\u00bb custom_margin=\u00bb||||false|false\u00bb custom_padding=\u00bb200px||200px||true|false\u00bb animation_style=\u00bbfade\u00bb animation_direction=\u00bbbottom\u00bb animation_duration=\u00bb800ms\u00bb title_text_align_tablet=\u00bbcenter\u00bb title_text_align_phone=\u00bb\u00bb title_text_align_last_edited=\u00bbon|phone\u00bb title_font_size_tablet=\u00bb67px\u00bb title_font_size_phone=\u00bb49px\u00bb title_font_size_last_edited=\u00bbon|desktop\u00bb global_colors_info=\u00bb{}\u00bb button_one_text_size__hover_enabled=\u00bboff\u00bb button_two_text_size__hover_enabled=\u00bboff\u00bb button_one_text_color__hover_enabled=\u00bboff\u00bb button_two_text_color__hover_enabled=\u00bboff\u00bb button_one_border_width__hover_enabled=\u00bboff\u00bb button_two_border_width__hover_enabled=\u00bboff\u00bb button_one_border_color__hover_enabled=\u00bboff\u00bb button_two_border_color__hover_enabled=\u00bboff\u00bb button_one_border_radius__hover_enabled=\u00bboff\u00bb button_two_border_radius__hover_enabled=\u00bboff\u00bb button_one_letter_spacing__hover_enabled=\u00bboff\u00bb button_two_letter_spacing__hover_enabled=\u00bboff\u00bb button_one_bg_color__hover_enabled=\u00bboff\u00bb button_two_bg_color__hover_enabled=\u00bboff\u00bb][\/et_pb_fullwidth_header][\/et_pb_section][et_pb_section fb_built=\u00bb1&#8243; admin_label=\u00bbTeam\u00bb _builder_version=\u00bb4.16&#8243; custom_padding=\u00bb60px||90px|||\u00bb global_colors_info=\u00bb{}\u00bb][et_pb_row column_structure=\u00bb2_3,1_3&#8243; disabled_on=\u00bboff|off|off\u00bb admin_label=\u00bbClasses Area\u00bb _builder_version=\u00bb4.19.4&#8243; custom_margin=\u00bb||68px||false|false\u00bb custom_margin_tablet=\u00bb||23px||false|false\u00bb custom_margin_phone=\u00bb||23px||false|false\u00bb custom_margin_last_edited=\u00bbon|phone\u00bb custom_padding=\u00bb27px|0px|0px|0px\u00bb custom_width_px=\u00bb1440px\u00bb locked=\u00bboff\u00bb global_colors_info=\u00bb{}\u00bb][et_pb_column type=\u00bb2_3&#8243; _builder_version=\u00bb4.19.4&#8243; background_enable_color=\u00bboff\u00bb custom_padding=\u00bb|||\u00bb global_colors_info=\u00bb{}\u00bb custom_padding__hover=\u00bb|||\u00bb][et_pb_text _builder_version=\u00bb4.19.4&#8243; _module_preset=\u00bbdefault\u00bb background_size=\u00bbinitial\u00bb background_position=\u00bbtop_left\u00bb background_repeat=\u00bbrepeat\u00bb custom_padding=\u00bb|||\u00bb animation_direction=\u00bbtop\u00bb global_colors_info=\u00bb{}\u00bb]<\/p>\n<p>Siguiendo la estela de San Vicente de Pa\u00fal, el colegio Union-Chr\u00e9tienne de Saint Chaumond persigue el ideal de lograr que sus alumnos vivan el encuentro personal con Cristo que les permitir\u00e1 crecer en su vida de fe y tener muy presente a Dios en su d\u00eda a d\u00eda, y as\u00ed convertirse en disc\u00edpulos de Cristo en el mundo contempor\u00e1neo. Para ello procuramos una formaci\u00f3n integral de la persona y promovemos una educaci\u00f3n basada en los valores del Evangelio, tanto en las clases de Religi\u00f3n cat\u00f3lica como en el resto de asignaturas.<\/p>\n<p>[\/et_pb_text][\/et_pb_column][et_pb_column type=\u00bb1_3&#8243; _builder_version=\u00bb4.19.4&#8243; background_enable_color=\u00bboff\u00bb custom_padding=\u00bb|||\u00bb global_colors_info=\u00bb{}\u00bb custom_padding__hover=\u00bb|||\u00bb][et_pb_text _builder_version=\u00bb4.19.4&#8243; text_font=\u00bbPrompt||||||||\u00bb text_text_color=\u00bb#0d3857&#8243; header_font=\u00bbPrompt|300|||||||\u00bb header_text_color=\u00bb#0d3857&#8243; header_font_size=\u00bb22px\u00bb header_line_height=\u00bb1.4em\u00bb max_width=\u00bb500px\u00bb module_alignment=\u00bbcenter\u00bb custom_margin=\u00bb-12px||||false|false\u00bb locked=\u00bboff\u00bb inline_fonts=\u00bbSnell Roundhand BlackScript\u00bb global_colors_info=\u00bb{}\u00bb]<\/p>\n<blockquote>\n<h1 style=\"text-align: left;\"><i>Tener muy presente a Dios en el d\u00eda a d\u00eda, y as\u00ed convertirse en disc\u00edpulos de Cristo en el mundo contempor\u00e1neo<\/i><\/h1>\n<\/blockquote>\n<p>[\/et_pb_text][et_pb_image url=\u00bb\/wp-content\/uploads\/2019\/05\/R\u00e9glement-version-Juin-2019.pdf\u00bb url_new_window=\u00bbon\u00bb show_bottom_space=\u00bboff\u00bb force_fullwidth=\u00bbon\u00bb align_tablet=\u00bbcenter\u00bb align_phone=\u00bb\u00bb align_last_edited=\u00bbon|desktop\u00bb _builder_version=\u00bb4.19.4&#8243; custom_margin=\u00bb|||\u00bb box_shadow_style=\u00bbpreset3&#8243; box_shadow_horizontal=\u00bb10px\u00bb box_shadow_vertical=\u00bb-9px\u00bb box_shadow_blur=\u00bb41px\u00bb box_shadow_spread=\u00bb-13px\u00bb locked=\u00bboff\u00bb global_colors_info=\u00bb{}\u00bb]&nbsp;<br \/>\n[\/et_pb_image][\/et_pb_column][\/et_pb_row][et_pb_row column_structure=\u00bb1_2,1_2&#8243; _builder_version=\u00bb4.19.4&#8243; _module_preset=\u00bbdefault\u00bb custom_margin=\u00bb||41px||false|false\u00bb custom_margin_tablet=\u00bb||41px||false|false\u00bb custom_margin_phone=\u00bb||41px||false|false\u00bb custom_margin_last_edited=\u00bbon|phone\u00bb global_colors_info=\u00bb{}\u00bb][et_pb_column type=\u00bb1_2&#8243; _builder_version=\u00bb4.19.4&#8243; _module_preset=\u00bbdefault\u00bb global_colors_info=\u00bb{}\u00bb][et_pb_image src=\u00bbhttps:\/\/saintchaumond.es\/wp-content\/uploads\/2023\/05\/FotoComuniones2.jpg\u00bb title_text=\u00bbFotoComuniones2&#8243; _builder_version=\u00bb4.21.0&#8243; _module_preset=\u00bbdefault\u00bb global_colors_info=\u00bb{}\u00bb][\/et_pb_image][\/et_pb_column][et_pb_column type=\u00bb1_2&#8243; _builder_version=\u00bb4.19.4&#8243; _module_preset=\u00bbdefault\u00bb global_colors_info=\u00bb{}\u00bb][et_pb_text _builder_version=\u00bb4.19.4&#8243; header_font=\u00bbPrompt|200|||||||\u00bb header_text_color=\u00bb#0E3858&#8243; header_font_size=\u00bb35px\u00bb header_line_height=\u00bb1.3em\u00bb background_size=\u00bbinitial\u00bb background_position=\u00bbtop_left\u00bb background_repeat=\u00bbrepeat\u00bb custom_margin=\u00bb||||false|false\u00bb custom_padding=\u00bb|||\u00bb animation_direction=\u00bbtop\u00bb locked=\u00bboff\u00bb global_colors_info=\u00bb{}\u00bb]<\/p>\n<h1 style=\"text-align: left;\">Sacramentos<\/h1>\n<p>[\/et_pb_text][et_pb_divider color=\u00bb#e4a22a\u00bb divider_position=\u00bbcenter\u00bb divider_weight=\u00bb3px\u00bb disabled_on=\u00bboff|off|off%22&#8243; _builder_version=\u00bb4.19.4&#8243; max_width=\u00bb150px\u00bb height=\u00bbfalse\u00bb custom_margin=\u00bb-16px||||false|false\u00bb animation_style=\u00bbslide\u00bb animation_direction=\u00bbtop\u00bb animation_delay=\u00bb100ms\u00bb animation_intensity_slide=\u00bb10%\u00bb locked=\u00bboff\u00bb global_colors_info=\u00bb{}\u00bb][\/et_pb_divider][et_pb_text _builder_version=\u00bb4.19.4&#8243; _module_preset=\u00bbdefault\u00bb background_size=\u00bbinitial\u00bb background_position=\u00bbtop_left\u00bb background_repeat=\u00bbrepeat\u00bb custom_padding=\u00bb|||\u00bb animation_direction=\u00bbtop\u00bb global_colors_info=\u00bb{}\u00bb]<\/p>\n<p>Gracias al capell\u00e1n del colegio, los alumnos tienen la posibilidad de participar en una misa de clase una vez por trimestre.\u00a0 Celebramos adem\u00e1s la eucarist\u00eda con todos los alumnos del colegio en Adviento y Cuaresma, para preparar la Navidad y la Pascua de Resurrecci\u00f3n; al principio de curso para encomendar el a\u00f1o escolar al Se\u00f1or, y a final de curso en acci\u00f3n de gracias.<\/p>\n<p>Los alumnos que lo desean se preparan en el Colegio para recibir la Primera Comuni\u00f3n y la Confirmaci\u00f3n. Asimismo, facilitamos el que los alumnos se acerquen al Sacramento de la Penitencia, y en alguna ocasi\u00f3n acompa\u00f1amos a catec\u00famenos en su preparaci\u00f3n para recibir el Bautismo (aunque la preparaci\u00f3n depende directamente de una Parroquia).\u00a0<\/p>\n<p>[\/et_pb_text][\/et_pb_column][\/et_pb_row][et_pb_row _builder_version=\u00bb4.19.4&#8243; _module_preset=\u00bbdefault\u00bb global_colors_info=\u00bb{}\u00bb][et_pb_column type=\u00bb4_4&#8243; _builder_version=\u00bb4.19.4&#8243; _module_preset=\u00bbdefault\u00bb global_colors_info=\u00bb{}\u00bb][et_pb_image src=\u00bbhttps:\/\/saintchaumond.es\/wp-content\/uploads\/2023\/01\/Santiago_Digital.jpg\u00bb title_text=\u00bbSantiago_Digital\u00bb _builder_version=\u00bb4.19.4&#8243; _module_preset=\u00bbdefault\u00bb global_colors_info=\u00bb{}\u00bb max_width__hover_enabled=\u00bboff|desktop\u00bb][\/et_pb_image][et_pb_text _builder_version=\u00bb4.19.4&#8243; header_font=\u00bbPrompt|200|||||||\u00bb header_text_color=\u00bb#0E3858&#8243; header_font_size=\u00bb35px\u00bb header_line_height=\u00bb1.3em\u00bb background_size=\u00bbinitial\u00bb background_position=\u00bbtop_left\u00bb background_repeat=\u00bbrepeat\u00bb custom_margin=\u00bb||||false|false\u00bb custom_padding=\u00bb|||\u00bb animation_direction=\u00bbtop\u00bb locked=\u00bboff\u00bb global_colors_info=\u00bb{}\u00bb]<\/p>\n<h1 style=\"text-align: left;\">Otras actividades<\/h1>\n<p>[\/et_pb_text][et_pb_divider color=\u00bb#e4a22a\u00bb divider_position=\u00bbcenter\u00bb divider_weight=\u00bb3px\u00bb disabled_on=\u00bboff|off|off%22&#8243; _builder_version=\u00bb4.19.4&#8243; max_width=\u00bb150px\u00bb height=\u00bbfalse\u00bb custom_margin=\u00bb-16px||||false|false\u00bb animation_style=\u00bbslide\u00bb animation_direction=\u00bbtop\u00bb animation_delay=\u00bb100ms\u00bb animation_intensity_slide=\u00bb10%\u00bb locked=\u00bboff\u00bb global_colors_info=\u00bb{}\u00bb][\/et_pb_divider][et_pb_text _builder_version=\u00bb4.19.4&#8243; _module_preset=\u00bbdefault\u00bb background_size=\u00bbinitial\u00bb background_position=\u00bbtop_left\u00bb background_repeat=\u00bbrepeat\u00bb custom_padding=\u00bb|||\u00bb global_colors_info=\u00bb{}\u00bb]<\/p>\n<p>El Departamento de Pastoral organiza diferentes actividades como peregrinaciones, retiros espirituales previos a la recepci\u00f3n de la Primera Comuni\u00f3n y la Confirmaci\u00f3n, y convivencias; am\u00e9n de mercadillos solidarios y recogidas de alimentos y regalos para colaborar con diferentes organizaciones cat\u00f3licas que solicitan nuestra ayuda.<\/p>\n<p>[\/et_pb_text][\/et_pb_column][\/et_pb_row][\/et_pb_section]<\/p>\n","protected":false},"excerpt":{"rendered":"<p>Siguiendo la estela de San Vicente de Pa\u00fal, el colegio Union-Chr\u00e9tienne de Saint Chaumond persigue el ideal de lograr que sus alumnos vivan el encuentro personal con Cristo que les permitir\u00e1 crecer en su vida de fe y tener muy presente a Dios en su d\u00eda a d\u00eda, y as\u00ed convertirse en disc\u00edpulos de Cristo [&hellip;]<\/p>\n","protected":false},"author":1,"featured_media":0,"parent":0,"menu_order":0,"comment_status":"closed","ping_status":"closed","template":"","meta":{"_et_pb_use_builder":"on","_et_pb_old_content":"","_et_gb_content_width":"","footnotes":""},"class_list":["post-205506","page","type-page","status-publish","hentry"],"yoast_head":"<!-- This site is optimized with the Yoast SEO plugin v27.3 - https:\/\/yoast.com\/product\/yoast-seo-wordpress\/ -->\n<title>Formaci\u00f3n Cristiana - Saint Chaumond<\/title>\n<meta name=\"robots\" content=\"index, follow, max-snippet:-1, max-image-preview:large, max-video-preview:-1\" \/>\n<link rel=\"canonical\" href=\"https:\/\/saintchaumond.es\/es\/formacion-religiosa\/\" \/>\n<meta property=\"og:locale\" content=\"es_ES\" \/>\n<meta property=\"og:type\" content=\"article\" \/>\n<meta property=\"og:title\" content=\"Formaci\u00f3n Cristiana - Saint Chaumond\" \/>\n<meta property=\"og:description\" content=\"Siguiendo la estela de San Vicente de Pa\u00fal, el colegio Union-Chr\u00e9tienne de Saint Chaumond persigue el ideal de lograr que sus alumnos vivan el encuentro personal con Cristo que les permitir\u00e1 crecer en su vida de fe y tener muy presente a Dios en su d\u00eda a d\u00eda, y as\u00ed convertirse en disc\u00edpulos de Cristo [&hellip;]\" \/>\n<meta property=\"og:url\" content=\"https:\/\/saintchaumond.es\/es\/formacion-religiosa\/\" \/>\n<meta property=\"og:site_name\" content=\"Saint Chaumond\" \/>\n<meta property=\"article:modified_time\" content=\"2026-01-23T07:28:48+00:00\" \/>\n<meta name=\"twitter:card\" content=\"summary_large_image\" \/>\n<meta name=\"twitter:label1\" content=\"Tiempo de lectura\" \/>\n\t<meta name=\"twitter:data1\" content=\"6 minutos\" \/>\n<script type=\"application\/ld+json\" class=\"yoast-schema-graph\">{\"@context\":\"https:\\\/\\\/schema.org\",\"@graph\":[{\"@type\":\"WebPage\",\"@id\":\"https:\\\/\\\/saintchaumond.es\\\/es\\\/formacion-religiosa\\\/\",\"url\":\"https:\\\/\\\/saintchaumond.es\\\/es\\\/formacion-religiosa\\\/\",\"name\":\"Formaci\u00f3n Cristiana - Saint Chaumond\",\"isPartOf\":{\"@id\":\"https:\\\/\\\/saintchaumond.es\\\/es\\\/#website\"},\"datePublished\":\"2018-03-23T10:43:28+00:00\",\"dateModified\":\"2026-01-23T07:28:48+00:00\",\"breadcrumb\":{\"@id\":\"https:\\\/\\\/saintchaumond.es\\\/es\\\/formacion-religiosa\\\/#breadcrumb\"},\"inLanguage\":\"es\",\"potentialAction\":[{\"@type\":\"ReadAction\",\"target\":[\"https:\\\/\\\/saintchaumond.es\\\/es\\\/formacion-religiosa\\\/\"]}]},{\"@type\":\"BreadcrumbList\",\"@id\":\"https:\\\/\\\/saintchaumond.es\\\/es\\\/formacion-religiosa\\\/#breadcrumb\",\"itemListElement\":[{\"@type\":\"ListItem\",\"position\":1,\"name\":\"Portada\",\"item\":\"https:\\\/\\\/saintchaumond.es\\\/\"},{\"@type\":\"ListItem\",\"position\":2,\"name\":\"Formaci\u00f3n Cristiana\"}]},{\"@type\":\"WebSite\",\"@id\":\"https:\\\/\\\/saintchaumond.es\\\/es\\\/#website\",\"url\":\"https:\\\/\\\/saintchaumond.es\\\/es\\\/\",\"name\":\"Saint Chaumond\",\"description\":\"Union-Chr\u00e9tienne de Saint Chaumond\",\"publisher\":{\"@id\":\"https:\\\/\\\/saintchaumond.es\\\/es\\\/#organization\"},\"potentialAction\":[{\"@type\":\"SearchAction\",\"target\":{\"@type\":\"EntryPoint\",\"urlTemplate\":\"https:\\\/\\\/saintchaumond.es\\\/es\\\/?s={search_term_string}\"},\"query-input\":{\"@type\":\"PropertyValueSpecification\",\"valueRequired\":true,\"valueName\":\"search_term_string\"}}],\"inLanguage\":\"es\"},{\"@type\":\"Organization\",\"@id\":\"https:\\\/\\\/saintchaumond.es\\\/es\\\/#organization\",\"name\":\"Saint Chaumond\",\"url\":\"https:\\\/\\\/saintchaumond.es\\\/es\\\/\",\"logo\":{\"@type\":\"ImageObject\",\"inLanguage\":\"es\",\"@id\":\"https:\\\/\\\/saintchaumond.es\\\/es\\\/#\\\/schema\\\/logo\\\/image\\\/\",\"url\":\"https:\\\/\\\/saintchaumond.es\\\/wp-content\\\/uploads\\\/2023\\\/01\\\/UXSC2022_Circular_Color.png\",\"contentUrl\":\"https:\\\/\\\/saintchaumond.es\\\/wp-content\\\/uploads\\\/2023\\\/01\\\/UXSC2022_Circular_Color.png\",\"width\":1157,\"height\":1172,\"caption\":\"Saint Chaumond\"},\"image\":{\"@id\":\"https:\\\/\\\/saintchaumond.es\\\/es\\\/#\\\/schema\\\/logo\\\/image\\\/\"}}]}<\/script>\n<!-- \/ Yoast SEO plugin. -->","yoast_head_json":{"title":"Formaci\u00f3n Cristiana - Saint Chaumond","robots":{"index":"index","follow":"follow","max-snippet":"max-snippet:-1","max-image-preview":"max-image-preview:large","max-video-preview":"max-video-preview:-1"},"canonical":"https:\/\/saintchaumond.es\/es\/formacion-religiosa\/","og_locale":"es_ES","og_type":"article","og_title":"Formaci\u00f3n Cristiana - Saint Chaumond","og_description":"Siguiendo la estela de San Vicente de Pa\u00fal, el colegio Union-Chr\u00e9tienne de Saint Chaumond persigue el ideal de lograr que sus alumnos vivan el encuentro personal con Cristo que les permitir\u00e1 crecer en su vida de fe y tener muy presente a Dios en su d\u00eda a d\u00eda, y as\u00ed convertirse en disc\u00edpulos de Cristo [&hellip;]","og_url":"https:\/\/saintchaumond.es\/es\/formacion-religiosa\/","og_site_name":"Saint Chaumond","article_modified_time":"2026-01-23T07:28:48+00:00","twitter_card":"summary_large_image","twitter_misc":{"Tiempo de lectura":"6 minutos"},"schema":{"@context":"https:\/\/schema.org","@graph":[{"@type":"WebPage","@id":"https:\/\/saintchaumond.es\/es\/formacion-religiosa\/","url":"https:\/\/saintchaumond.es\/es\/formacion-religiosa\/","name":"Formaci\u00f3n Cristiana - Saint Chaumond","isPartOf":{"@id":"https:\/\/saintchaumond.es\/es\/#website"},"datePublished":"2018-03-23T10:43:28+00:00","dateModified":"2026-01-23T07:28:48+00:00","breadcrumb":{"@id":"https:\/\/saintchaumond.es\/es\/formacion-religiosa\/#breadcrumb"},"inLanguage":"es","potentialAction":[{"@type":"ReadAction","target":["https:\/\/saintchaumond.es\/es\/formacion-religiosa\/"]}]},{"@type":"BreadcrumbList","@id":"https:\/\/saintchaumond.es\/es\/formacion-religiosa\/#breadcrumb","itemListElement":[{"@type":"ListItem","position":1,"name":"Portada","item":"https:\/\/saintchaumond.es\/"},{"@type":"ListItem","position":2,"name":"Formaci\u00f3n Cristiana"}]},{"@type":"WebSite","@id":"https:\/\/saintchaumond.es\/es\/#website","url":"https:\/\/saintchaumond.es\/es\/","name":"Saint Chaumond","description":"Union-Chr\u00e9tienne de Saint Chaumond","publisher":{"@id":"https:\/\/saintchaumond.es\/es\/#organization"},"potentialAction":[{"@type":"SearchAction","target":{"@type":"EntryPoint","urlTemplate":"https:\/\/saintchaumond.es\/es\/?s={search_term_string}"},"query-input":{"@type":"PropertyValueSpecification","valueRequired":true,"valueName":"search_term_string"}}],"inLanguage":"es"},{"@type":"Organization","@id":"https:\/\/saintchaumond.es\/es\/#organization","name":"Saint Chaumond","url":"https:\/\/saintchaumond.es\/es\/","logo":{"@type":"ImageObject","inLanguage":"es","@id":"https:\/\/saintchaumond.es\/es\/#\/schema\/logo\/image\/","url":"https:\/\/saintchaumond.es\/wp-content\/uploads\/2023\/01\/UXSC2022_Circular_Color.png","contentUrl":"https:\/\/saintchaumond.es\/wp-content\/uploads\/2023\/01\/UXSC2022_Circular_Color.png","width":1157,"height":1172,"caption":"Saint Chaumond"},"image":{"@id":"https:\/\/saintchaumond.es\/es\/#\/schema\/logo\/image\/"}}]}},"_links":{"self":[{"href":"https:\/\/saintchaumond.es\/es\/wp-json\/wp\/v2\/pages\/205506","targetHints":{"allow":["GET"]}}],"collection":[{"href":"https:\/\/saintchaumond.es\/es\/wp-json\/wp\/v2\/pages"}],"about":[{"href":"https:\/\/saintchaumond.es\/es\/wp-json\/wp\/v2\/types\/page"}],"author":[{"embeddable":true,"href":"https:\/\/saintchaumond.es\/es\/wp-json\/wp\/v2\/users\/1"}],"replies":[{"embeddable":true,"href":"https:\/\/saintchaumond.es\/es\/wp-json\/wp\/v2\/comments?post=205506"}],"version-history":[{"count":25,"href":"https:\/\/saintchaumond.es\/es\/wp-json\/wp\/v2\/pages\/205506\/revisions"}],"predecessor-version":[{"id":225611,"href":"https:\/\/saintchaumond.es\/es\/wp-json\/wp\/v2\/pages\/205506\/revisions\/225611"}],"wp:attachment":[{"href":"https:\/\/saintchaumond.es\/es\/wp-json\/wp\/v2\/media?parent=205506"}],"curies":[{"name":"wp","href":"https:\/\/api.w.org\/{rel}","templated":true}]}}