{"id":205460,"date":"2018-03-20T12:23:00","date_gmt":"2018-03-20T11:23:00","guid":{"rendered":"https:\/\/saintchaumond.demo.site\/?page_id=205460"},"modified":"2019-06-19T10:06:06","modified_gmt":"2019-06-19T08:06:06","slug":"parcours","status":"publish","type":"page","link":"https:\/\/saintchaumond.es\/es\/parcours\/","title":{"rendered":"Itinerarios"},"content":{"rendered":"<p>[et_pb_section fb_built=\u00bb1&#8243; fullwidth=\u00bbon\u00bb _builder_version=\u00bb3.22.3&#8243; background_color=\u00bb#000000&#8243; custom_padding=\u00bb|||\u00bb][et_pb_fullwidth_header title=\u00bbItinerarios y Proyectos\u00bb text_orientation=\u00bbcenter\u00bb background_overlay_color=\u00bbrgba(30,29,28,0.45)\u00bb _builder_version=\u00bb3.24&#8243; title_font=\u00bbSnell Roundhand BlackScript|900|||||||\u00bb title_text_color=\u00bb#ffffff\u00bb title_font_size=\u00bb120px\u00bb title_line_height=\u00bb1.2em\u00bb subhead_font=\u00bbPoly||||||||\u00bb subhead_text_color=\u00bb#ffffff\u00bb subhead_font_size=\u00bb29px\u00bb subhead_line_height=\u00bb1.7em\u00bb background_color=\u00bbrgba(255, 255, 255, 0)\u00bb background_image=\u00bbhttps:\/\/saintchaumond.es\/wp-content\/uploads\/2018\/01\/IMG_7683.jpg\u00bb background_size=\u00bbinitial\u00bb background_repeat=\u00bbrepeat\u00bb background_layout=\u00bblight\u00bb custom_margin=\u00bb|||\u00bb custom_padding=\u00bb100px||100px|\u00bb animation_style=\u00bbfade\u00bb animation_direction=\u00bbbottom\u00bb animation_duration=\u00bb800ms\u00bb title_font_size_phone=\u00bb60px\u00bb title_font_size_last_edited=\u00bbon|phone\u00bb button_one_text_size__hover_enabled=\u00bboff\u00bb button_one_text_size__hover=\u00bbnull\u00bb button_two_text_size__hover_enabled=\u00bboff\u00bb button_two_text_size__hover=\u00bbnull\u00bb button_one_text_color__hover_enabled=\u00bboff\u00bb button_one_text_color__hover=\u00bbnull\u00bb button_two_text_color__hover_enabled=\u00bboff\u00bb button_two_text_color__hover=\u00bbnull\u00bb button_one_border_width__hover_enabled=\u00bboff\u00bb button_one_border_width__hover=\u00bbnull\u00bb button_two_border_width__hover_enabled=\u00bboff\u00bb button_two_border_width__hover=\u00bbnull\u00bb button_one_border_color__hover_enabled=\u00bboff\u00bb button_one_border_color__hover=\u00bbnull\u00bb button_two_border_color__hover_enabled=\u00bboff\u00bb button_two_border_color__hover=\u00bbnull\u00bb button_one_border_radius__hover_enabled=\u00bboff\u00bb button_one_border_radius__hover=\u00bbnull\u00bb button_two_border_radius__hover_enabled=\u00bboff\u00bb button_two_border_radius__hover=\u00bbnull\u00bb button_one_letter_spacing__hover_enabled=\u00bboff\u00bb button_one_letter_spacing__hover=\u00bbnull\u00bb button_two_letter_spacing__hover_enabled=\u00bboff\u00bb button_two_letter_spacing__hover=\u00bbnull\u00bb button_one_bg_color__hover_enabled=\u00bboff\u00bb button_one_bg_color__hover=\u00bbnull\u00bb button_two_bg_color__hover_enabled=\u00bboff\u00bb button_two_bg_color__hover=\u00bbnull\u00bb][\/et_pb_fullwidth_header][\/et_pb_section][et_pb_section fb_built=\u00bb1&#8243; _builder_version=\u00bb3.22.3&#8243;][et_pb_row _builder_version=\u00bb3.22.3&#8243;][\/et_pb_row][et_pb_row _builder_version=\u00bb3.22.3&#8243; background_size=\u00bbinitial\u00bb background_position=\u00bbtop_left\u00bb background_repeat=\u00bbrepeat\u00bb][et_pb_column type=\u00bb1_4&#8243; _builder_version=\u00bb3.0.47&#8243;][\/et_pb_column][et_pb_column type=\u00bb1_4&#8243; _builder_version=\u00bb3.0.47&#8243;][\/et_pb_column][et_pb_column type=\u00bb1_4&#8243; _builder_version=\u00bb3.0.47&#8243;][\/et_pb_column][et_pb_column type=\u00bb1_4&#8243; _builder_version=\u00bb3.0.47&#8243;][\/et_pb_column][\/et_pb_row][\/et_pb_section][et_pb_section fb_built=\u00bb1&#8243; _builder_version=\u00bb3.22.3&#8243; background_size=\u00bbinitial\u00bb background_position=\u00bbtop_center\u00bb][et_pb_row custom_padding=\u00bb0|0px|27px|0px|false|false\u00bb _builder_version=\u00bb3.22.3&#8243; background_size=\u00bbinitial\u00bb background_position=\u00bbtop_left\u00bb background_repeat=\u00bbrepeat\u00bb][et_pb_column type=\u00bb4_4&#8243; _builder_version=\u00bb3.0.47&#8243;][et_pb_text _builder_version=\u00bb3.24&#8243; header_2_font=\u00bb||||||||\u00bb header_2_font_size=\u00bb35px\u00bb]<\/p>\n<h2 style=\"text-align: center;\"><b>Itinerarios y Proyectos<br \/><\/b><\/h2>\n<p>Con el fin de reforzar el aprendizaje de las ense\u00f1anzas, la Uni\u00f3n Cristiana de Saint Chaumond ha puesto en marcha los itinerarios indicados por el Ministerio de Educaci\u00f3n franc\u00e9s:<br \/>PEAC: Itinerarios de educaci\u00f3n art\u00edstica y cultural <br \/>Itinerario de la Salud<br \/>Itinerario del ciudadano<br \/>Estos tres itinerarios se acompa\u00f1an de actividades, salidas culturales, compromisos solidarios, concursos, proyectos deportivos que complementan la educaci\u00f3n y la formaci\u00f3n humana de nuestras alumnas.<\/p>\n<p>[\/et_pb_text][et_pb_gallery gallery_ids=\u00bb206756,206754,206750,206748,206758,206752&#8243; posts_number=\u00bb6&#8243; show_title_and_caption=\u00bboff\u00bb show_pagination=\u00bboff\u00bb _builder_version=\u00bb3.24&#8243;][\/et_pb_gallery][\/et_pb_column][\/et_pb_row][\/et_pb_section]<\/p>\n","protected":false},"excerpt":{"rendered":"<p>Itinerarios y Proyectos Con el fin de reforzar el aprendizaje de las ense\u00f1anzas, la Uni\u00f3n Cristiana de Saint Chaumond ha puesto en marcha los itinerarios indicados por el Ministerio de Educaci\u00f3n franc\u00e9s:PEAC: Itinerarios de educaci\u00f3n art\u00edstica y cultural Itinerario de la SaludItinerario del ciudadanoEstos tres itinerarios se acompa\u00f1an de actividades, salidas culturales, compromisos solidarios, concursos, [&hellip;]<\/p>\n","protected":false},"author":1,"featured_media":0,"parent":0,"menu_order":0,"comment_status":"closed","ping_status":"closed","template":"","meta":{"_et_pb_use_builder":"on","_et_pb_old_content":"","_et_gb_content_width":"","footnotes":""},"class_list":["post-205460","page","type-page","status-publish","hentry"],"yoast_head":"<!-- This site is optimized with the Yoast SEO plugin v27.2 - https:\/\/yoast.com\/product\/yoast-seo-wordpress\/ -->\n<title>Itinerarios - Saint Chaumond<\/title>\n<meta name=\"robots\" content=\"index, follow, max-snippet:-1, max-image-preview:large, max-video-preview:-1\" \/>\n<link rel=\"canonical\" href=\"https:\/\/saintchaumond.es\/es\/parcours\/\" \/>\n<meta property=\"og:locale\" content=\"es_ES\" \/>\n<meta property=\"og:type\" content=\"article\" \/>\n<meta property=\"og:title\" content=\"Itinerarios - Saint Chaumond\" \/>\n<meta property=\"og:description\" content=\"Itinerarios y Proyectos Con el fin de reforzar el aprendizaje de las ense\u00f1anzas, la Uni\u00f3n Cristiana de Saint Chaumond ha puesto en marcha los itinerarios indicados por el Ministerio de Educaci\u00f3n franc\u00e9s:PEAC: Itinerarios de educaci\u00f3n art\u00edstica y cultural Itinerario de la SaludItinerario del ciudadanoEstos tres itinerarios se acompa\u00f1an de actividades, salidas culturales, compromisos solidarios, concursos, [&hellip;]\" \/>\n<meta property=\"og:url\" content=\"https:\/\/saintchaumond.es\/es\/parcours\/\" \/>\n<meta property=\"og:site_name\" content=\"Saint Chaumond\" \/>\n<meta property=\"article:modified_time\" content=\"2019-06-19T08:06:06+00:00\" \/>\n<meta name=\"twitter:card\" content=\"summary_large_image\" \/>\n<meta name=\"twitter:label1\" content=\"Tiempo de lectura\" \/>\n\t<meta name=\"twitter:data1\" content=\"3 minutos\" \/>\n<script type=\"application\/ld+json\" class=\"yoast-schema-graph\">{\"@context\":\"https:\/\/schema.org\",\"@graph\":[{\"@type\":\"WebPage\",\"@id\":\"https:\/\/saintchaumond.es\/es\/parcours\/\",\"url\":\"https:\/\/saintchaumond.es\/es\/parcours\/\",\"name\":\"Itinerarios - Saint Chaumond\",\"isPartOf\":{\"@id\":\"https:\/\/saintchaumond.es\/es\/#website\"},\"datePublished\":\"2018-03-20T11:23:00+00:00\",\"dateModified\":\"2019-06-19T08:06:06+00:00\",\"breadcrumb\":{\"@id\":\"https:\/\/saintchaumond.es\/es\/parcours\/#breadcrumb\"},\"inLanguage\":\"es\",\"potentialAction\":[{\"@type\":\"ReadAction\",\"target\":[\"https:\/\/saintchaumond.es\/es\/parcours\/\"]}]},{\"@type\":\"BreadcrumbList\",\"@id\":\"https:\/\/saintchaumond.es\/es\/parcours\/#breadcrumb\",\"itemListElement\":[{\"@type\":\"ListItem\",\"position\":1,\"name\":\"Portada\",\"item\":\"https:\/\/saintchaumond.es\/\"},{\"@type\":\"ListItem\",\"position\":2,\"name\":\"Itinerarios\"}]},{\"@type\":\"WebSite\",\"@id\":\"https:\/\/saintchaumond.es\/es\/#website\",\"url\":\"https:\/\/saintchaumond.es\/es\/\",\"name\":\"Saint Chaumond\",\"description\":\"Union-Chr\u00e9tienne de Saint Chaumond\",\"publisher\":{\"@id\":\"https:\/\/saintchaumond.es\/es\/#organization\"},\"potentialAction\":[{\"@type\":\"SearchAction\",\"target\":{\"@type\":\"EntryPoint\",\"urlTemplate\":\"https:\/\/saintchaumond.es\/es\/?s={search_term_string}\"},\"query-input\":{\"@type\":\"PropertyValueSpecification\",\"valueRequired\":true,\"valueName\":\"search_term_string\"}}],\"inLanguage\":\"es\"},{\"@type\":\"Organization\",\"@id\":\"https:\/\/saintchaumond.es\/es\/#organization\",\"name\":\"Saint Chaumond\",\"url\":\"https:\/\/saintchaumond.es\/es\/\",\"logo\":{\"@type\":\"ImageObject\",\"inLanguage\":\"es\",\"@id\":\"https:\/\/saintchaumond.es\/es\/#\/schema\/logo\/image\/\",\"url\":\"https:\/\/saintchaumond.es\/wp-content\/uploads\/2023\/01\/UXSC2022_Circular_Color.png\",\"contentUrl\":\"https:\/\/saintchaumond.es\/wp-content\/uploads\/2023\/01\/UXSC2022_Circular_Color.png\",\"width\":1157,\"height\":1172,\"caption\":\"Saint Chaumond\"},\"image\":{\"@id\":\"https:\/\/saintchaumond.es\/es\/#\/schema\/logo\/image\/\"}}]}<\/script>\n<!-- \/ Yoast SEO plugin. -->","yoast_head_json":{"title":"Itinerarios - Saint Chaumond","robots":{"index":"index","follow":"follow","max-snippet":"max-snippet:-1","max-image-preview":"max-image-preview:large","max-video-preview":"max-video-preview:-1"},"canonical":"https:\/\/saintchaumond.es\/es\/parcours\/","og_locale":"es_ES","og_type":"article","og_title":"Itinerarios - Saint Chaumond","og_description":"Itinerarios y Proyectos Con el fin de reforzar el aprendizaje de las ense\u00f1anzas, la Uni\u00f3n Cristiana de Saint Chaumond ha puesto en marcha los itinerarios indicados por el Ministerio de Educaci\u00f3n franc\u00e9s:PEAC: Itinerarios de educaci\u00f3n art\u00edstica y cultural Itinerario de la SaludItinerario del ciudadanoEstos tres itinerarios se acompa\u00f1an de actividades, salidas culturales, compromisos solidarios, concursos, [&hellip;]","og_url":"https:\/\/saintchaumond.es\/es\/parcours\/","og_site_name":"Saint Chaumond","article_modified_time":"2019-06-19T08:06:06+00:00","twitter_card":"summary_large_image","twitter_misc":{"Tiempo de lectura":"3 minutos"},"schema":{"@context":"https:\/\/schema.org","@graph":[{"@type":"WebPage","@id":"https:\/\/saintchaumond.es\/es\/parcours\/","url":"https:\/\/saintchaumond.es\/es\/parcours\/","name":"Itinerarios - Saint Chaumond","isPartOf":{"@id":"https:\/\/saintchaumond.es\/es\/#website"},"datePublished":"2018-03-20T11:23:00+00:00","dateModified":"2019-06-19T08:06:06+00:00","breadcrumb":{"@id":"https:\/\/saintchaumond.es\/es\/parcours\/#breadcrumb"},"inLanguage":"es","potentialAction":[{"@type":"ReadAction","target":["https:\/\/saintchaumond.es\/es\/parcours\/"]}]},{"@type":"BreadcrumbList","@id":"https:\/\/saintchaumond.es\/es\/parcours\/#breadcrumb","itemListElement":[{"@type":"ListItem","position":1,"name":"Portada","item":"https:\/\/saintchaumond.es\/"},{"@type":"ListItem","position":2,"name":"Itinerarios"}]},{"@type":"WebSite","@id":"https:\/\/saintchaumond.es\/es\/#website","url":"https:\/\/saintchaumond.es\/es\/","name":"Saint Chaumond","description":"Union-Chr\u00e9tienne de Saint Chaumond","publisher":{"@id":"https:\/\/saintchaumond.es\/es\/#organization"},"potentialAction":[{"@type":"SearchAction","target":{"@type":"EntryPoint","urlTemplate":"https:\/\/saintchaumond.es\/es\/?s={search_term_string}"},"query-input":{"@type":"PropertyValueSpecification","valueRequired":true,"valueName":"search_term_string"}}],"inLanguage":"es"},{"@type":"Organization","@id":"https:\/\/saintchaumond.es\/es\/#organization","name":"Saint Chaumond","url":"https:\/\/saintchaumond.es\/es\/","logo":{"@type":"ImageObject","inLanguage":"es","@id":"https:\/\/saintchaumond.es\/es\/#\/schema\/logo\/image\/","url":"https:\/\/saintchaumond.es\/wp-content\/uploads\/2023\/01\/UXSC2022_Circular_Color.png","contentUrl":"https:\/\/saintchaumond.es\/wp-content\/uploads\/2023\/01\/UXSC2022_Circular_Color.png","width":1157,"height":1172,"caption":"Saint Chaumond"},"image":{"@id":"https:\/\/saintchaumond.es\/es\/#\/schema\/logo\/image\/"}}]}},"_links":{"self":[{"href":"https:\/\/saintchaumond.es\/es\/wp-json\/wp\/v2\/pages\/205460","targetHints":{"allow":["GET"]}}],"collection":[{"href":"https:\/\/saintchaumond.es\/es\/wp-json\/wp\/v2\/pages"}],"about":[{"href":"https:\/\/saintchaumond.es\/es\/wp-json\/wp\/v2\/types\/page"}],"author":[{"embeddable":true,"href":"https:\/\/saintchaumond.es\/es\/wp-json\/wp\/v2\/users\/1"}],"replies":[{"embeddable":true,"href":"https:\/\/saintchaumond.es\/es\/wp-json\/wp\/v2\/comments?post=205460"}],"version-history":[{"count":7,"href":"https:\/\/saintchaumond.es\/es\/wp-json\/wp\/v2\/pages\/205460\/revisions"}],"predecessor-version":[{"id":207421,"href":"https:\/\/saintchaumond.es\/es\/wp-json\/wp\/v2\/pages\/205460\/revisions\/207421"}],"wp:attachment":[{"href":"https:\/\/saintchaumond.es\/es\/wp-json\/wp\/v2\/media?parent=205460"}],"curies":[{"name":"wp","href":"https:\/\/api.w.org\/{rel}","templated":true}]}}