{"id":205276,"date":"2018-02-13T14:12:37","date_gmt":"2018-02-13T13:12:37","guid":{"rendered":"https:\/\/saintchaumond.demo.site\/?page_id=205276"},"modified":"2019-05-09T16:25:44","modified_gmt":"2019-05-09T14:25:44","slug":"pastoral","status":"publish","type":"page","link":"https:\/\/saintchaumond.es\/es\/pastoral\/","title":{"rendered":"Pastoral"},"content":{"rendered":"<p>[et_pb_section fb_built=\u00bb1&#8243; admin_label=\u00bbPage Title Section\u00bb _builder_version=\u00bb3.0.101&#8243; use_background_color_gradient=\u00bbon\u00bb background_color_gradient_start=\u00bb#000000&#8243; background_color_gradient_end=\u00bbrgba(0,0,0,0)\u00bb background_color_gradient_direction=\u00bb120deg\u00bb background_color_gradient_overlays_image=\u00bbon\u00bb background_image=\u00bbhttps:\/\/saintchaumond.es\/wp-content\/uploads\/2018\/01\/P1020864-copie.jpg\u00bb custom_padding=\u00bb110px||173px|\u00bb][et_pb_row admin_label=\u00bbPage Title Area\u00bb _builder_version=\u00bb3.0.47&#8243; background_size=\u00bbinitial\u00bb background_position=\u00bbtop_left\u00bb background_repeat=\u00bbrepeat\u00bb][et_pb_column type=\u00bb4_4&#8243; _builder_version=\u00bb3.0.47&#8243;][et_pb_text admin_label=\u00bbTitle\u00bb _builder_version=\u00bb3.0.106&#8243; text_font=\u00bb||||||||\u00bb header_font=\u00bbSnell Roundhand BlackScript|600|||||||\u00bb header_text_align=\u00bbcenter\u00bb header_font_size=\u00bb79px\u00bb header_font_size_phone=\u00bb40px\u00bb header_font_size_last_edited=\u00bbon|phone\u00bb header_line_height=\u00bb1.2em\u00bb header_2_font=\u00bb||||||||\u00bb header_2_font_size=\u00bb60px\u00bb background_layout=\u00bbdark\u00bb custom_margin=\u00bb||20px|\u00bb custom_padding=\u00bb|||\u00bb animation_style=\u00bbfade\u00bb]<\/p>\n<h1>Pastoral<\/h1>\n<p>[\/et_pb_text][\/et_pb_column][\/et_pb_row][\/et_pb_section][et_pb_section fb_built=\u00bb1&#8243; admin_label=\u00bbClass Details Section\u00bb _builder_version=\u00bb3.12.2&#8243; background_color=\u00bb#ffffff\u00bb custom_padding=\u00bb90px||122px||false|false\u00bb][et_pb_row admin_label=\u00bbDescription Text Area\u00bb _builder_version=\u00bb3.0.94&#8243;][et_pb_column type=\u00bb4_4&#8243; _builder_version=\u00bb3.0.47&#8243;][et_pb_text _builder_version=\u00bb3.13&#8243; text_font=\u00bb||||||||\u00bb text_font_size=\u00bb18px\u00bb text_line_height=\u00bb1.8em\u00bb header_font=\u00bb||||||||\u00bb animation_style=\u00bbfade\u00bb]<\/p>\n<p>Siguiendo la estela de San Vincente de Pa\u00fal, eminente inspirador de la Escuela francesa de Espiritualidad fundada en el siglo XVII, l\u2019Union-Chr\u00e9tienne de Saint Chaumond transmite el carisma de Uni\u00f3n en Cristo.<\/p>\n<p>Las Religiosas, nuestro capell\u00e1n y las profesoras encargadas de la pastoral -en estrecha colaboraci\u00f3n con el Arzobispado y la Vicar\u00eda de Madrid- a\u00fanan esfuerzos para acompa\u00f1ar a las alumnas en su crecimiento espiritual. El pilar central de nuestro proyecto educativo consiste en la transmisi\u00f3n de los principios de la Fe cristiana basados en los valores del Evangelio y el estudio de la Palabra de Cristo.<\/p>\n<p>La misi\u00f3n esencial de las Religiosas es infundir\u00a0a nuestras alumnas tanto una s\u00f3lida doctrina como una vida espiritual plena que les permitan asumir su compromiso en la Iglesia del mundo actual.<\/p>\n<p>[\/et_pb_text][\/et_pb_column][\/et_pb_row][et_pb_row disabled_on=\u00bbon|on|on\u00bb admin_label=\u00bbDescription Text Area\u00bb _builder_version=\u00bb3.6&#8243;][et_pb_column type=\u00bb1_3&#8243; _builder_version=\u00bb3.0.47&#8243;][et_pb_text _builder_version=\u00bb3.0.93&#8243; header_font=\u00bb||||||||\u00bb header_3_font=\u00bbPoppins|600|||||||\u00bb animation_style=\u00bbfold\u00bb animation_direction=\u00bbbottom\u00bb animation_intensity_fold=\u00bb10%\u00bb animation_starting_opacity=\u00bb100%\u00bb]<\/p>\n<h3>All Classes Include:<\/h3>\n<p>[\/et_pb_text][\/et_pb_column][et_pb_column type=\u00bb1_3&#8243; _builder_version=\u00bb3.0.47&#8243;][et_pb_text _builder_version=\u00bb3.0.94&#8243; text_font=\u00bb||||||||\u00bb ul_font=\u00bbPoppins||||||||\u00bb ul_font_size=\u00bb18px\u00bb ul_line_height=\u00bb2.2em\u00bb animation_style=\u00bbfold\u00bb animation_direction=\u00bbleft\u00bb animation_intensity_fold=\u00bb10%\u00bb animation_starting_opacity=\u00bb100%\u00bb]<\/p>\n<ul>\n<li>Maecenas accumsan nibh.<\/li>\n<li>Aliquet ipsum congue.<\/li>\n<li>Aenean odio odio aliquet.<\/li>\n<\/ul>\n<p>[\/et_pb_text][\/et_pb_column][et_pb_column type=\u00bb1_3&#8243; _builder_version=\u00bb3.0.47&#8243;][et_pb_text _builder_version=\u00bb3.0.94&#8243; text_font=\u00bb||||||||\u00bb ul_font=\u00bbPoppins||||||||\u00bb ul_font_size=\u00bb18px\u00bb ul_line_height=\u00bb2.2em\u00bb animation_style=\u00bbfold\u00bb animation_direction=\u00bbleft\u00bb animation_intensity_fold=\u00bb10%\u00bb animation_starting_opacity=\u00bb100%\u00bb]<\/p>\n<ul>\n<li>Aliquet ipsum congue.<\/li>\n<li>Aenean odio odio aliquet.<\/li>\n<li>Maecenas accumsan nibh.<\/li>\n<\/ul>\n<p>[\/et_pb_text][\/et_pb_column][\/et_pb_row][\/et_pb_section][et_pb_section fb_built=\u00bb1&#8243; admin_label=\u00bbPortfolio Section\u00bb _builder_version=\u00bb3.0.93&#8243; background_color=\u00bb#1e1d1c\u00bb custom_margin=\u00bb|||\u00bb custom_padding=\u00bb0px|0px|90px|0px\u00bb][et_pb_row use_custom_width=\u00bbon\u00bb custom_width_px=\u00bb1440px\u00bb custom_padding=\u00bb0px|0px|27px|0px\u00bb padding_top_1=\u00bb200px\u00bb padding_1_tablet=\u00bb0px|||\u00bb padding_1_last_edited=\u00bbon|desktop\u00bb padding_2_last_edited=\u00bboff|desktop\u00bb admin_label=\u00bbPortfolio Area\u00bb _builder_version=\u00bb3.0.93&#8243;][et_pb_column type=\u00bb1_2&#8243; _builder_version=\u00bb3.0.47&#8243;][et_pb_image src=\u00bbhttps:\/\/saintchaumond.es\/wp-content\/uploads\/2018\/01\/P1020891-copie.jpg\u00bb force_fullwidth=\u00bbon\u00bb _builder_version=\u00bb3.0.101&#8243; animation_style=\u00bbslide\u00bb animation_direction=\u00bbleft\u00bb animation_intensity_slide=\u00bb5%\u00bb animation_starting_opacity=\u00bb100%\u00bb][\/et_pb_image][\/et_pb_column][et_pb_column type=\u00bb1_2&#8243; _builder_version=\u00bb3.0.47&#8243;][et_pb_image src=\u00bbhttps:\/\/saintchaumond.es\/wp-content\/uploads\/2018\/01\/IMG_7118.jpg\u00bb force_fullwidth=\u00bbon\u00bb _builder_version=\u00bb3.0.101&#8243; custom_margin=\u00bb-100px|||\u00bb animation_style=\u00bbslide\u00bb animation_direction=\u00bbbottom\u00bb animation_intensity_slide=\u00bb5%\u00bb animation_starting_opacity=\u00bb100%\u00bb][\/et_pb_image][et_pb_image src=\u00bbhttps:\/\/saintchaumond.es\/wp-content\/uploads\/2018\/01\/IMG_7685.jpg\u00bb force_fullwidth=\u00bbon\u00bb _builder_version=\u00bb3.0.101&#8243; animation_style=\u00bbslide\u00bb animation_direction=\u00bbright\u00bb animation_intensity_slide=\u00bb5%\u00bb animation_starting_opacity=\u00bb100%\u00bb locked=\u00bboff\u00bb][\/et_pb_image][\/et_pb_column][\/et_pb_row][et_pb_row disabled_on=\u00bbon|on|on\u00bb _builder_version=\u00bb3.12.2&#8243;][et_pb_column type=\u00bb4_4&#8243; _builder_version=\u00bb3.0.47&#8243;][et_pb_button button_text=\u00bbFull Gallery\u00bb button_alignment=\u00bbcenter\u00bb _builder_version=\u00bb3.16&#8243; custom_button=\u00bbon\u00bb button_text_size=\u00bb14px\u00bb button_text_color=\u00bb#ffffff\u00bb button_bg_color=\u00bb#0c71c3&#8243; button_border_width=\u00bb8px\u00bb button_border_color=\u00bb#0c71c3&#8243; button_border_radius=\u00bb0px\u00bb button_letter_spacing=\u00bb2px\u00bb button_font=\u00bbPoppins|600||on|||||\u00bb button_icon=\u00bb%%3%%\u00bb custom_margin=\u00bb30px|||\u00bb animation_style=\u00bbfade\u00bb button_text_size__hover_enabled=\u00bboff\u00bb button_one_text_size__hover_enabled=\u00bboff\u00bb button_two_text_size__hover_enabled=\u00bboff\u00bb button_text_color__hover_enabled=\u00bboff\u00bb button_one_text_color__hover_enabled=\u00bboff\u00bb button_two_text_color__hover_enabled=\u00bboff\u00bb button_border_width__hover_enabled=\u00bboff\u00bb button_one_border_width__hover_enabled=\u00bboff\u00bb button_two_border_width__hover_enabled=\u00bboff\u00bb button_border_color__hover_enabled=\u00bboff\u00bb button_one_border_color__hover_enabled=\u00bboff\u00bb button_two_border_color__hover_enabled=\u00bboff\u00bb button_border_radius__hover_enabled=\u00bboff\u00bb button_one_border_radius__hover_enabled=\u00bboff\u00bb button_two_border_radius__hover_enabled=\u00bboff\u00bb button_letter_spacing__hover_enabled=\u00bboff\u00bb button_one_letter_spacing__hover_enabled=\u00bboff\u00bb button_two_letter_spacing__hover_enabled=\u00bboff\u00bb button_bg_color__hover_enabled=\u00bboff\u00bb button_one_bg_color__hover_enabled=\u00bboff\u00bb button_two_bg_color__hover_enabled=\u00bboff\u00bb][\/et_pb_button][\/et_pb_column][\/et_pb_row][\/et_pb_section][et_pb_section fb_built=\u00bb1&#8243; disabled_on=\u00bbon|on|on\u00bb admin_label=\u00bbWorkshops Area\u00bb _builder_version=\u00bb3.6&#8243; background_color=\u00bb#efe9e4&#8243; custom_padding=\u00bb90px||90px|\u00bb][et_pb_row custom_margin=\u00bb|||\u00bb _builder_version=\u00bb3.0.94&#8243; locked=\u00bboff\u00bb][et_pb_column type=\u00bb4_4&#8243; _builder_version=\u00bb3.0.47&#8243;][et_pb_text admin_label=\u00bbTitle\u00bb _builder_version=\u00bb3.0.101&#8243; text_font=\u00bb||||||||\u00bb header_font=\u00bb||||||||\u00bb header_2_font=\u00bbPoppins|600|||||||\u00bb header_2_text_align=\u00bbcenter\u00bb header_2_font_size=\u00bb36px\u00bb custom_margin=\u00bb||0px|\u00bb animation_style=\u00bbfade\u00bb]<\/p>\n<h2>Pr\u00f3ximas Fechas<\/h2>\n<p>[\/et_pb_text][et_pb_divider color=\u00bb#0c71c3&#8243; divider_position=\u00bbcenter\u00bb divider_weight=\u00bb3px\u00bb _builder_version=\u00bb3.2&#8243; max_width=\u00bb50px\u00bb module_alignment=\u00bbcenter\u00bb animation_style=\u00bbslide\u00bb animation_direction=\u00bbtop\u00bb animation_intensity_slide=\u00bb10%\u00bb animation_starting_opacity=\u00bb100%\u00bb][\/et_pb_divider][\/et_pb_column][\/et_pb_row][et_pb_row use_custom_width=\u00bbon\u00bb custom_width_px=\u00bb1440px\u00bb make_equal=\u00bbon\u00bb background_color_1=\u00bb#ffffff\u00bb background_color_2=\u00bb#ffffff\u00bb background_color_3=\u00bb#ffffff\u00bb admin_label=\u00bbWorkshops\u00bb _builder_version=\u00bb3.0.93&#8243; locked=\u00bboff\u00bb][et_pb_column type=\u00bb1_3&#8243; _builder_version=\u00bb3.0.47&#8243;][et_pb_text admin_label=\u00bbTitle\u00bb _builder_version=\u00bb3.0.101&#8243; text_font=\u00bbPoppins||||||||\u00bb text_font_size=\u00bb18px\u00bb text_line_height=\u00bb1.8em\u00bb link_font=\u00bb|600||on|||||\u00bb link_text_color=\u00bb#fdb467&#8243; link_font_size=\u00bb16px\u00bb link_letter_spacing=\u00bb3px\u00bb link_line_height=\u00bb1.8em\u00bb header_3_font=\u00bbPoppins|600|||||||\u00bb header_3_text_align=\u00bbcenter\u00bb header_3_font_size=\u00bb24px\u00bb header_3_line_height=\u00bb1.8em\u00bb background_color=\u00bb#ffffff\u00bb text_orientation=\u00bbcenter\u00bb custom_margin=\u00bb|||\u00bb custom_padding=\u00bb40px|40px|40px|40px\u00bb animation_style=\u00bbfade\u00bb locked=\u00bboff\u00bb]<\/p>\n<h3>Vessel Alteration<\/h3>\n<p>March 6th Aenean et facilisis justo, vitae lobortis augue. Orci varius natoque penatibus et magnis dis parturient montes <a href=\"#\"><span style=\"color: #0c71c3;\">View Details<\/span><\/a> [\/et_pb_text][\/et_pb_column][et_pb_column type=\u00bb1_3&#8243; _builder_version=\u00bb3.0.47&#8243;][et_pb_text admin_label=\u00bbTitle\u00bb _builder_version=\u00bb3.0.101&#8243; text_font=\u00bbPoppins||||||||\u00bb text_font_size=\u00bb18px\u00bb text_line_height=\u00bb1.8em\u00bb link_font=\u00bb|600||on|||||\u00bb link_text_color=\u00bb#fdb467&#8243; link_font_size=\u00bb16px\u00bb link_letter_spacing=\u00bb3px\u00bb link_line_height=\u00bb1.8em\u00bb header_text_color=\u00bb#000000&#8243; header_3_font=\u00bbPoppins|600|||||||\u00bb header_3_text_align=\u00bbcenter\u00bb header_3_font_size=\u00bb24px\u00bb header_3_line_height=\u00bb1.8em\u00bb background_color=\u00bb#ffffff\u00bb text_orientation=\u00bbcenter\u00bb custom_margin=\u00bb|||\u00bb custom_padding=\u00bb40px|40px|40px|40px\u00bb animation_style=\u00bbfade\u00bb locked=\u00bboff\u00bb]<\/p>\n<h3>Painting &amp; Scrafito<\/h3>\n<p>April 6-7th Aenean et facilisis justo, vitae lobortis augue. Orci varius natoque penatibus et magnis dis parturient montes <a href=\"#\"><span style=\"color: #0c71c3;\">View Details<\/span><\/a> [\/et_pb_text][\/et_pb_column][et_pb_column type=\u00bb1_3&#8243; _builder_version=\u00bb3.0.47&#8243;][et_pb_text admin_label=\u00bbTitle\u00bb _builder_version=\u00bb3.0.101&#8243; text_font=\u00bbPoppins||||||||\u00bb text_font_size=\u00bb18px\u00bb text_line_height=\u00bb1.8em\u00bb link_font=\u00bb|600||on|||||\u00bb link_text_color=\u00bb#fdb467&#8243; link_font_size=\u00bb16px\u00bb link_letter_spacing=\u00bb3px\u00bb link_line_height=\u00bb1.8em\u00bb header_3_font=\u00bbPoppins|600|||||||\u00bb header_3_text_align=\u00bbcenter\u00bb header_3_font_size=\u00bb24px\u00bb header_3_line_height=\u00bb1.8em\u00bb background_color=\u00bb#ffffff\u00bb text_orientation=\u00bbcenter\u00bb custom_margin=\u00bb|||\u00bb custom_padding=\u00bb40px|40px|40px|40px\u00bb animation_style=\u00bbfade\u00bb locked=\u00bboff\u00bb]<\/p>\n<h3>Glaze Making<\/h3>\n<p>April 12th Aenean et facilisis justo, vitae lobortis augue. Orci varius natoque penatibus et magnis dis parturient montes <a href=\"#\"><span style=\"color: #0c71c3;\">View Details<\/span><\/a> [\/et_pb_text][\/et_pb_column][\/et_pb_row][\/et_pb_section]<\/p>\n","protected":false},"excerpt":{"rendered":"<p>Pastoral Siguiendo la estela de San Vincente de Pa\u00fal, eminente inspirador de la Escuela francesa de Espiritualidad fundada en el siglo XVII, l\u2019Union-Chr\u00e9tienne de Saint Chaumond transmite el carisma de Uni\u00f3n en Cristo. Las Religiosas, nuestro capell\u00e1n y las profesoras encargadas de la pastoral -en estrecha colaboraci\u00f3n con el Arzobispado y la Vicar\u00eda de Madrid- [&hellip;]<\/p>\n","protected":false},"author":1,"featured_media":0,"parent":0,"menu_order":0,"comment_status":"closed","ping_status":"closed","template":"","meta":{"_et_pb_use_builder":"on","_et_pb_old_content":"","_et_gb_content_width":"","footnotes":""},"class_list":["post-205276","page","type-page","status-publish","hentry"],"yoast_head":"<!-- This site is optimized with the Yoast SEO plugin v27.2 - https:\/\/yoast.com\/product\/yoast-seo-wordpress\/ -->\n<title>Pastoral - Saint Chaumond<\/title>\n<meta name=\"robots\" content=\"index, follow, max-snippet:-1, max-image-preview:large, max-video-preview:-1\" \/>\n<link rel=\"canonical\" href=\"https:\/\/saintchaumond.es\/es\/pastoral\/\" \/>\n<meta property=\"og:locale\" content=\"es_ES\" \/>\n<meta property=\"og:type\" content=\"article\" \/>\n<meta property=\"og:title\" content=\"Pastoral - Saint Chaumond\" \/>\n<meta property=\"og:description\" content=\"Pastoral Siguiendo la estela de San Vincente de Pa\u00fal, eminente inspirador de la Escuela francesa de Espiritualidad fundada en el siglo XVII, l\u2019Union-Chr\u00e9tienne de Saint Chaumond transmite el carisma de Uni\u00f3n en Cristo. Las Religiosas, nuestro capell\u00e1n y las profesoras encargadas de la pastoral -en estrecha colaboraci\u00f3n con el Arzobispado y la Vicar\u00eda de Madrid- [&hellip;]\" \/>\n<meta property=\"og:url\" content=\"https:\/\/saintchaumond.es\/es\/pastoral\/\" \/>\n<meta property=\"og:site_name\" content=\"Saint Chaumond\" \/>\n<meta property=\"article:modified_time\" content=\"2019-05-09T14:25:44+00:00\" \/>\n<meta name=\"twitter:card\" content=\"summary_large_image\" \/>\n<meta name=\"twitter:label1\" content=\"Tiempo de lectura\" \/>\n\t<meta name=\"twitter:data1\" content=\"7 minutos\" \/>\n<script type=\"application\/ld+json\" class=\"yoast-schema-graph\">{\"@context\":\"https:\/\/schema.org\",\"@graph\":[{\"@type\":\"WebPage\",\"@id\":\"https:\/\/saintchaumond.es\/es\/pastoral\/\",\"url\":\"https:\/\/saintchaumond.es\/es\/pastoral\/\",\"name\":\"Pastoral - Saint Chaumond\",\"isPartOf\":{\"@id\":\"https:\/\/saintchaumond.es\/es\/#website\"},\"datePublished\":\"2018-02-13T13:12:37+00:00\",\"dateModified\":\"2019-05-09T14:25:44+00:00\",\"breadcrumb\":{\"@id\":\"https:\/\/saintchaumond.es\/es\/pastoral\/#breadcrumb\"},\"inLanguage\":\"es\",\"potentialAction\":[{\"@type\":\"ReadAction\",\"target\":[\"https:\/\/saintchaumond.es\/es\/pastoral\/\"]}]},{\"@type\":\"BreadcrumbList\",\"@id\":\"https:\/\/saintchaumond.es\/es\/pastoral\/#breadcrumb\",\"itemListElement\":[{\"@type\":\"ListItem\",\"position\":1,\"name\":\"Portada\",\"item\":\"https:\/\/saintchaumond.es\/\"},{\"@type\":\"ListItem\",\"position\":2,\"name\":\"Pastoral\"}]},{\"@type\":\"WebSite\",\"@id\":\"https:\/\/saintchaumond.es\/es\/#website\",\"url\":\"https:\/\/saintchaumond.es\/es\/\",\"name\":\"Saint Chaumond\",\"description\":\"Union-Chr\u00e9tienne de Saint Chaumond\",\"publisher\":{\"@id\":\"https:\/\/saintchaumond.es\/es\/#organization\"},\"potentialAction\":[{\"@type\":\"SearchAction\",\"target\":{\"@type\":\"EntryPoint\",\"urlTemplate\":\"https:\/\/saintchaumond.es\/es\/?s={search_term_string}\"},\"query-input\":{\"@type\":\"PropertyValueSpecification\",\"valueRequired\":true,\"valueName\":\"search_term_string\"}}],\"inLanguage\":\"es\"},{\"@type\":\"Organization\",\"@id\":\"https:\/\/saintchaumond.es\/es\/#organization\",\"name\":\"Saint Chaumond\",\"url\":\"https:\/\/saintchaumond.es\/es\/\",\"logo\":{\"@type\":\"ImageObject\",\"inLanguage\":\"es\",\"@id\":\"https:\/\/saintchaumond.es\/es\/#\/schema\/logo\/image\/\",\"url\":\"https:\/\/saintchaumond.es\/wp-content\/uploads\/2023\/01\/UXSC2022_Circular_Color.png\",\"contentUrl\":\"https:\/\/saintchaumond.es\/wp-content\/uploads\/2023\/01\/UXSC2022_Circular_Color.png\",\"width\":1157,\"height\":1172,\"caption\":\"Saint Chaumond\"},\"image\":{\"@id\":\"https:\/\/saintchaumond.es\/es\/#\/schema\/logo\/image\/\"}}]}<\/script>\n<!-- \/ Yoast SEO plugin. -->","yoast_head_json":{"title":"Pastoral - Saint Chaumond","robots":{"index":"index","follow":"follow","max-snippet":"max-snippet:-1","max-image-preview":"max-image-preview:large","max-video-preview":"max-video-preview:-1"},"canonical":"https:\/\/saintchaumond.es\/es\/pastoral\/","og_locale":"es_ES","og_type":"article","og_title":"Pastoral - Saint Chaumond","og_description":"Pastoral Siguiendo la estela de San Vincente de Pa\u00fal, eminente inspirador de la Escuela francesa de Espiritualidad fundada en el siglo XVII, l\u2019Union-Chr\u00e9tienne de Saint Chaumond transmite el carisma de Uni\u00f3n en Cristo. Las Religiosas, nuestro capell\u00e1n y las profesoras encargadas de la pastoral -en estrecha colaboraci\u00f3n con el Arzobispado y la Vicar\u00eda de Madrid- [&hellip;]","og_url":"https:\/\/saintchaumond.es\/es\/pastoral\/","og_site_name":"Saint Chaumond","article_modified_time":"2019-05-09T14:25:44+00:00","twitter_card":"summary_large_image","twitter_misc":{"Tiempo de lectura":"7 minutos"},"schema":{"@context":"https:\/\/schema.org","@graph":[{"@type":"WebPage","@id":"https:\/\/saintchaumond.es\/es\/pastoral\/","url":"https:\/\/saintchaumond.es\/es\/pastoral\/","name":"Pastoral - Saint Chaumond","isPartOf":{"@id":"https:\/\/saintchaumond.es\/es\/#website"},"datePublished":"2018-02-13T13:12:37+00:00","dateModified":"2019-05-09T14:25:44+00:00","breadcrumb":{"@id":"https:\/\/saintchaumond.es\/es\/pastoral\/#breadcrumb"},"inLanguage":"es","potentialAction":[{"@type":"ReadAction","target":["https:\/\/saintchaumond.es\/es\/pastoral\/"]}]},{"@type":"BreadcrumbList","@id":"https:\/\/saintchaumond.es\/es\/pastoral\/#breadcrumb","itemListElement":[{"@type":"ListItem","position":1,"name":"Portada","item":"https:\/\/saintchaumond.es\/"},{"@type":"ListItem","position":2,"name":"Pastoral"}]},{"@type":"WebSite","@id":"https:\/\/saintchaumond.es\/es\/#website","url":"https:\/\/saintchaumond.es\/es\/","name":"Saint Chaumond","description":"Union-Chr\u00e9tienne de Saint Chaumond","publisher":{"@id":"https:\/\/saintchaumond.es\/es\/#organization"},"potentialAction":[{"@type":"SearchAction","target":{"@type":"EntryPoint","urlTemplate":"https:\/\/saintchaumond.es\/es\/?s={search_term_string}"},"query-input":{"@type":"PropertyValueSpecification","valueRequired":true,"valueName":"search_term_string"}}],"inLanguage":"es"},{"@type":"Organization","@id":"https:\/\/saintchaumond.es\/es\/#organization","name":"Saint Chaumond","url":"https:\/\/saintchaumond.es\/es\/","logo":{"@type":"ImageObject","inLanguage":"es","@id":"https:\/\/saintchaumond.es\/es\/#\/schema\/logo\/image\/","url":"https:\/\/saintchaumond.es\/wp-content\/uploads\/2023\/01\/UXSC2022_Circular_Color.png","contentUrl":"https:\/\/saintchaumond.es\/wp-content\/uploads\/2023\/01\/UXSC2022_Circular_Color.png","width":1157,"height":1172,"caption":"Saint Chaumond"},"image":{"@id":"https:\/\/saintchaumond.es\/es\/#\/schema\/logo\/image\/"}}]}},"_links":{"self":[{"href":"https:\/\/saintchaumond.es\/es\/wp-json\/wp\/v2\/pages\/205276","targetHints":{"allow":["GET"]}}],"collection":[{"href":"https:\/\/saintchaumond.es\/es\/wp-json\/wp\/v2\/pages"}],"about":[{"href":"https:\/\/saintchaumond.es\/es\/wp-json\/wp\/v2\/types\/page"}],"author":[{"embeddable":true,"href":"https:\/\/saintchaumond.es\/es\/wp-json\/wp\/v2\/users\/1"}],"replies":[{"embeddable":true,"href":"https:\/\/saintchaumond.es\/es\/wp-json\/wp\/v2\/comments?post=205276"}],"version-history":[{"count":19,"href":"https:\/\/saintchaumond.es\/es\/wp-json\/wp\/v2\/pages\/205276\/revisions"}],"predecessor-version":[{"id":207220,"href":"https:\/\/saintchaumond.es\/es\/wp-json\/wp\/v2\/pages\/205276\/revisions\/207220"}],"wp:attachment":[{"href":"https:\/\/saintchaumond.es\/es\/wp-json\/wp\/v2\/media?parent=205276"}],"curies":[{"name":"wp","href":"https:\/\/api.w.org\/{rel}","templated":true}]}}