{"id":205109,"date":"2018-01-30T13:20:36","date_gmt":"2018-01-30T12:20:36","guid":{"rendered":"https:\/\/saintchaumond.demo.site\/?page_id=205109"},"modified":"2018-06-04T15:33:03","modified_gmt":"2018-06-04T13:33:03","slug":"equipo-educativo","status":"publish","type":"page","link":"https:\/\/saintchaumond.es\/es\/equipo-educativo\/","title":{"rendered":"Equipo Educativo"},"content":{"rendered":"<p>[et_pb_section fb_built=\u00bb1&#8243; admin_label=\u00bbPage Title Section\u00bb _builder_version=\u00bb3.0.105&#8243; use_background_color_gradient=\u00bbon\u00bb background_color_gradient_start=\u00bb#000000&#8243; background_color_gradient_end=\u00bbrgba(0,0,0,0)\u00bb background_color_gradient_direction=\u00bb120deg\u00bb background_color_gradient_overlays_image=\u00bbon\u00bb background_image=\u00bbhttps:\/\/saintchaumond.es\/wp-content\/uploads\/2018\/01\/10122014-DSC_1530.jpg\u00bb background_position=\u00bbtop_center\u00bb custom_padding=\u00bb110px||110px|\u00bb][et_pb_row _builder_version=\u00bb3.0.105&#8243; background_size=\u00bbinitial\u00bb background_position=\u00bbtop_left\u00bb background_repeat=\u00bbrepeat\u00bb][et_pb_column type=\u00bb4_4&#8243; _builder_version=\u00bb3.0.47&#8243; parallax=\u00bboff\u00bb parallax_method=\u00bbon\u00bb][et_pb_text background_layout=\u00bbdark\u00bb admin_label=\u00bbPage Title\u00bb _builder_version=\u00bb3.0.106&#8243; text_font=\u00bb||||||||\u00bb header_font=\u00bbSnell Roundhand BlackScript|600|||||||\u00bb header_font_size=\u00bb86px\u00bb header_font_size_phone=\u00bb40px\u00bb header_font_size_last_edited=\u00bbon|phone\u00bb header_2_font=\u00bb||||||||\u00bb custom_margin=\u00bb||20px|\u00bb custom_padding=\u00bb|||\u00bb animation_style=\u00bbfade\u00bb]<\/p>\n<h1 style=\"text-align: center;\">Equipo Educativo<\/h1>\n<p>[\/et_pb_text][et_pb_text background_layout=\u00bbdark\u00bb admin_label=\u00bbPage Subtitle\u00bb _builder_version=\u00bb3.0.94&#8243; text_font=\u00bbPoppins||||||||\u00bb text_font_size=\u00bb18px\u00bb text_line_height=\u00bb1.8em\u00bb header_font=\u00bb||||||||\u00bb animation_style=\u00bbfade\u00bb][\/et_pb_text][\/et_pb_column][\/et_pb_row][\/et_pb_section][et_pb_section fb_built=\u00bb1&#8243; admin_label=\u00bbTeam\u00bb _builder_version=\u00bb3.0.100&#8243; custom_padding=\u00bb90px||90px|\u00bb][et_pb_row custom_padding=\u00bb||10px|\u00bb _builder_version=\u00bb3.0.100&#8243; locked=\u00bboff\u00bb][et_pb_column type=\u00bb4_4&#8243; _builder_version=\u00bb3.0.47&#8243; parallax=\u00bboff\u00bb parallax_method=\u00bbon\u00bb][et_pb_text admin_label=\u00bbTitle\u00bb _builder_version=\u00bb3.0.106&#8243; header_font=\u00bbSnell Roundhand BlackScript||||||||\u00bb header_2_font=\u00bbSnell Roundhand BlackScript|600|||||||\u00bb header_2_text_align=\u00bbcenter\u00bb header_2_font_size=\u00bb45px\u00bb header_2_line_height=\u00bb1.4em\u00bb max_width=\u00bb550px\u00bb module_alignment=\u00bbcenter\u00bb custom_margin=\u00bb||0px|\u00bb animation_style=\u00bbfade\u00bb locked=\u00bboff\u00bb header_font_size=\u00bb31px\u00bb]<\/p>\n<h2>Religiosas &#038; Educadores<\/h2>\n<p>[\/et_pb_text][et_pb_divider color=\u00bb#0c71c3&#8243; show_divider=\u00bbon\u00bb divider_position=\u00bbcenter\u00bb divider_weight=\u00bb3px\u00bb _builder_version=\u00bb3.0.101&#8243; max_width=\u00bb50px\u00bb module_alignment=\u00bbcenter\u00bb custom_margin=\u00bb||20px|\u00bb animation_style=\u00bbslide\u00bb animation_direction=\u00bbtop\u00bb animation_intensity_slide=\u00bb10%\u00bb animation_starting_opacity=\u00bb100%\u00bb locked=\u00bboff\u00bb][\/et_pb_divider][et_pb_text _builder_version=\u00bb3.0.106&#8243; text_font=\u00bb||||||||\u00bb text_font_size=\u00bb18px\u00bb text_text_color=\u00bb#666666&#8243; text_line_height=\u00bb1.8em\u00bb text_orientation=\u00bbcenter\u00bb module_alignment=\u00bbcenter\u00bb custom_margin=\u00bb|||\u00bb custom_padding=\u00bb|||\u00bb animation_style=\u00bbfade\u00bb locked=\u00bboff\u00bb]<\/p>\n<p style=\"text-align: left;\">Saint Chaumond persigue el ideal de inculcar en las j\u00f3venes que le son encomendadas el deseo de crecer en su vida de fe, y<br \/> convertirse as\u00ed en disc\u00edpulos de Cristo en el mundo contempor\u00e1neo. Alenta a las alumnas a crecer espiritual, intelectual y humanamente, de acuerdo con la tradici\u00f3n de sus fundadores, en un clima de atenci\u00f3n y de confianza con las religiosas y los educadores.<\/p>\n<p>[\/et_pb_text][\/et_pb_column][\/et_pb_row][et_pb_row custom_padding=\u00bb27px|0px|27px|0px\u00bb custom_margin=\u00bb|||\u00bb _builder_version=\u00bb3.0.94&#8243;][et_pb_column type=\u00bb1_3&#8243; _builder_version=\u00bb3.0.47&#8243; parallax=\u00bboff\u00bb parallax_method=\u00bbon\u00bb][et_pb_team_member image_url=\u00bbhttps:\/\/saintchaumond.es\/wp-content\/uploads\/2018\/01\/IMG_2037-copie.jpg\u00bb _builder_version=\u00bb3.0.105&#8243; header_font=\u00bbPoppins|600|||||||\u00bb header_font_size=\u00bb24px\u00bb body_font=\u00bb||||||||\u00bb body_font_size=\u00bb18px\u00bb text_orientation=\u00bbcenter\u00bb animation_style=\u00bbfade\u00bb][\/et_pb_team_member][\/et_pb_column][et_pb_column type=\u00bb1_3&#8243; _builder_version=\u00bb3.0.47&#8243; parallax=\u00bboff\u00bb parallax_method=\u00bbon\u00bb][et_pb_team_member image_url=\u00bbhttps:\/\/saintchaumond.es\/wp-content\/uploads\/2018\/01\/P1020864-copie.jpg\u00bb _builder_version=\u00bb3.0.106&#8243; header_font=\u00bbLato|600|||||||\u00bb header_font_size=\u00bb24px\u00bb body_font_size=\u00bb18px\u00bb text_orientation=\u00bbcenter\u00bb animation_style=\u00bbfade\u00bb][\/et_pb_team_member][\/et_pb_column][et_pb_column type=\u00bb1_3&#8243; _builder_version=\u00bb3.0.47&#8243; parallax=\u00bboff\u00bb parallax_method=\u00bbon\u00bb][et_pb_team_member image_url=\u00bbhttps:\/\/saintchaumond.es\/wp-content\/uploads\/2018\/01\/P1020964-copie.jpg\u00bb _builder_version=\u00bb3.0.100&#8243; header_font=\u00bbPoppins|600|||||||\u00bb header_font_size=\u00bb24px\u00bb body_font=\u00bb||||||||\u00bb body_font_size=\u00bb18px\u00bb text_orientation=\u00bbcenter\u00bb animation_style=\u00bbfade\u00bb locked=\u00bboff\u00bb][\/et_pb_team_member][\/et_pb_column][\/et_pb_row][\/et_pb_section][et_pb_section fb_built=\u00bb1&#8243; background_color=\u00bb#1e1d1c\u00bb _builder_version=\u00bb3.0.106&#8243; custom_padding=\u00bb90px||0|\u00bb disabled_on=\u00bbon|on|on\u00bb][et_pb_row padding_top_2=\u00bb30px\u00bb padding_bottom_2=\u00bb30px\u00bb _builder_version=\u00bb3.0.93&#8243;][et_pb_column type=\u00bb1_2&#8243; _builder_version=\u00bb3.0.47&#8243; parallax=\u00bboff\u00bb parallax_method=\u00bbon\u00bb][et_pb_image src=\u00bbhttps:\/\/saintchaumond.es\/wp-content\/uploads\/2018\/01\/10122014-DSC_1530.jpg\u00bb force_fullwidth=\u00bbon\u00bb _builder_version=\u00bb3.0.100&#8243; animation_style=\u00bbfade\u00bb][\/et_pb_image][\/et_pb_column][et_pb_column type=\u00bb1_2&#8243; _builder_version=\u00bb3.0.47&#8243; padding_bottom=\u00bb30px\u00bb padding_top=\u00bb30px\u00bb parallax=\u00bboff\u00bb parallax_method=\u00bbon\u00bb][et_pb_text background_layout=\u00bbdark\u00bb admin_label=\u00bbTitle\u00bb _builder_version=\u00bb3.0.93&#8243; text_font=\u00bb||||||||\u00bb header_font=\u00bb||||||||\u00bb header_2_font=\u00bbPoppins|600|||||||\u00bb header_2_font_size=\u00bb36px\u00bb header_2_line_height=\u00bb1.2em\u00bb max_width=\u00bb750px\u00bb custom_margin=\u00bb||0px|\u00bb animation_style=\u00bbfold\u00bb animation_direction=\u00bbleft\u00bb animation_intensity_fold=\u00bb10%\u00bb animation_starting_opacity=\u00bb100%\u00bb]<\/p>\n<h2>Nuestro Equipo Educativo<\/h2>\n<p>[\/et_pb_text][et_pb_divider color=\u00bb#0c71c3&#8243; show_divider=\u00bbon\u00bb divider_position=\u00bbcenter\u00bb divider_weight=\u00bb3px\u00bb _builder_version=\u00bb3.0.101&#8243; max_width=\u00bb50px\u00bb animation_style=\u00bbslide\u00bb animation_direction=\u00bbtop\u00bb animation_intensity_slide=\u00bb10%\u00bb animation_starting_opacity=\u00bb100%\u00bb][\/et_pb_divider][et_pb_text _builder_version=\u00bb3.0.93&#8243; text_font=\u00bbPoppins||||||||\u00bb text_font_size=\u00bb18px\u00bb text_text_color=\u00bbrgba(255,255,255,0.7)\u00bb text_line_height=\u00bb1.8em\u00bb max_width=\u00bb750px\u00bb custom_margin=\u00bb25px|||\u00bb animation_style=\u00bbfold\u00bb animation_direction=\u00bbleft\u00bb animation_intensity_fold=\u00bb10%\u00bb animation_starting_opacity=\u00bb100%\u00bb]Aenean et facilisis justo, vitae lobortis augue. Orci varius natoque penatibus et magnis dis parturient montes, nascetur ridiculus mus. In eget justo eget dolor dictum scelerisque.<\/p>\n<p>Ut porta tristique viverra. Donec interdum efficitur quam quis iaculis. Sed in tempor erat, vitae bibendum dolor posuere mattis.<br \/>\n[\/et_pb_text][\/et_pb_column][\/et_pb_row][\/et_pb_section][et_pb_section fb_built=\u00bb1&#8243; background_color=\u00bb#1e1d1c\u00bb admin_label=\u00bbDivider Section\u00bb _builder_version=\u00bb3.0.106&#8243; custom_margin=\u00bb|||\u00bb custom_padding=\u00bb12px|0px|54px|0px\u00bb top_divider_color=\u00bbrgba(135,135,135,0.64)\u00bb top_divider_height=\u00bb89px\u00bb top_divider_arrangement=\u00bbabove_content\u00bb bottom_divider_style=\u00bbarrow3&#8243; bottom_divider_color=\u00bbrgba(135,135,135,0.36)\u00bb bottom_divider_height=\u00bb77px\u00bb bottom_divider_flip=\u00bbvertical|horizontal\u00bb disabled_on=\u00bboff|on|on\u00bb][\/et_pb_section]<\/p>\n","protected":false},"excerpt":{"rendered":"<p>Equipo Educativo Religiosas &#038; Educadores Saint Chaumond persigue el ideal de inculcar en las j\u00f3venes que le son encomendadas el deseo de crecer en su vida de fe, y convertirse as\u00ed en disc\u00edpulos de Cristo en el mundo contempor\u00e1neo. Alenta a las alumnas a crecer espiritual, intelectual y humanamente, de acuerdo con la tradici\u00f3n de [&hellip;]<\/p>\n","protected":false},"author":1,"featured_media":0,"parent":0,"menu_order":0,"comment_status":"closed","ping_status":"closed","template":"","meta":{"_et_pb_use_builder":"on","_et_pb_old_content":"","_et_gb_content_width":"","footnotes":""},"class_list":["post-205109","page","type-page","status-publish","hentry"],"yoast_head":"<!-- This site is optimized with the Yoast SEO plugin v27.2 - https:\/\/yoast.com\/product\/yoast-seo-wordpress\/ -->\n<title>Equipo Educativo - Saint Chaumond<\/title>\n<meta name=\"robots\" content=\"index, follow, max-snippet:-1, max-image-preview:large, max-video-preview:-1\" \/>\n<link rel=\"canonical\" href=\"https:\/\/saintchaumond.es\/es\/equipo-educativo\/\" \/>\n<meta property=\"og:locale\" content=\"es_ES\" \/>\n<meta property=\"og:type\" content=\"article\" \/>\n<meta property=\"og:title\" content=\"Equipo Educativo - Saint Chaumond\" \/>\n<meta property=\"og:description\" content=\"Equipo Educativo Religiosas &amp; Educadores Saint Chaumond persigue el ideal de inculcar en las j\u00f3venes que le son encomendadas el deseo de crecer en su vida de fe, y convertirse as\u00ed en disc\u00edpulos de Cristo en el mundo contempor\u00e1neo. Alenta a las alumnas a crecer espiritual, intelectual y humanamente, de acuerdo con la tradici\u00f3n de [&hellip;]\" \/>\n<meta property=\"og:url\" content=\"https:\/\/saintchaumond.es\/es\/equipo-educativo\/\" \/>\n<meta property=\"og:site_name\" content=\"Saint Chaumond\" \/>\n<meta property=\"article:modified_time\" content=\"2018-06-04T13:33:03+00:00\" \/>\n<meta name=\"twitter:card\" content=\"summary_large_image\" \/>\n<meta name=\"twitter:label1\" content=\"Tiempo de lectura\" \/>\n\t<meta name=\"twitter:data1\" content=\"5 minutos\" \/>\n<script type=\"application\/ld+json\" class=\"yoast-schema-graph\">{\"@context\":\"https:\/\/schema.org\",\"@graph\":[{\"@type\":\"WebPage\",\"@id\":\"https:\/\/saintchaumond.es\/es\/equipo-educativo\/\",\"url\":\"https:\/\/saintchaumond.es\/es\/equipo-educativo\/\",\"name\":\"Equipo Educativo - Saint Chaumond\",\"isPartOf\":{\"@id\":\"https:\/\/saintchaumond.es\/es\/#website\"},\"datePublished\":\"2018-01-30T12:20:36+00:00\",\"dateModified\":\"2018-06-04T13:33:03+00:00\",\"breadcrumb\":{\"@id\":\"https:\/\/saintchaumond.es\/es\/equipo-educativo\/#breadcrumb\"},\"inLanguage\":\"es\",\"potentialAction\":[{\"@type\":\"ReadAction\",\"target\":[\"https:\/\/saintchaumond.es\/es\/equipo-educativo\/\"]}]},{\"@type\":\"BreadcrumbList\",\"@id\":\"https:\/\/saintchaumond.es\/es\/equipo-educativo\/#breadcrumb\",\"itemListElement\":[{\"@type\":\"ListItem\",\"position\":1,\"name\":\"Portada\",\"item\":\"https:\/\/saintchaumond.es\/\"},{\"@type\":\"ListItem\",\"position\":2,\"name\":\"Equipo Educativo\"}]},{\"@type\":\"WebSite\",\"@id\":\"https:\/\/saintchaumond.es\/es\/#website\",\"url\":\"https:\/\/saintchaumond.es\/es\/\",\"name\":\"Saint Chaumond\",\"description\":\"Union-Chr\u00e9tienne de Saint Chaumond\",\"publisher\":{\"@id\":\"https:\/\/saintchaumond.es\/es\/#organization\"},\"potentialAction\":[{\"@type\":\"SearchAction\",\"target\":{\"@type\":\"EntryPoint\",\"urlTemplate\":\"https:\/\/saintchaumond.es\/es\/?s={search_term_string}\"},\"query-input\":{\"@type\":\"PropertyValueSpecification\",\"valueRequired\":true,\"valueName\":\"search_term_string\"}}],\"inLanguage\":\"es\"},{\"@type\":\"Organization\",\"@id\":\"https:\/\/saintchaumond.es\/es\/#organization\",\"name\":\"Saint Chaumond\",\"url\":\"https:\/\/saintchaumond.es\/es\/\",\"logo\":{\"@type\":\"ImageObject\",\"inLanguage\":\"es\",\"@id\":\"https:\/\/saintchaumond.es\/es\/#\/schema\/logo\/image\/\",\"url\":\"https:\/\/saintchaumond.es\/wp-content\/uploads\/2023\/01\/UXSC2022_Circular_Color.png\",\"contentUrl\":\"https:\/\/saintchaumond.es\/wp-content\/uploads\/2023\/01\/UXSC2022_Circular_Color.png\",\"width\":1157,\"height\":1172,\"caption\":\"Saint Chaumond\"},\"image\":{\"@id\":\"https:\/\/saintchaumond.es\/es\/#\/schema\/logo\/image\/\"}}]}<\/script>\n<!-- \/ Yoast SEO plugin. -->","yoast_head_json":{"title":"Equipo Educativo - Saint Chaumond","robots":{"index":"index","follow":"follow","max-snippet":"max-snippet:-1","max-image-preview":"max-image-preview:large","max-video-preview":"max-video-preview:-1"},"canonical":"https:\/\/saintchaumond.es\/es\/equipo-educativo\/","og_locale":"es_ES","og_type":"article","og_title":"Equipo Educativo - Saint Chaumond","og_description":"Equipo Educativo Religiosas & Educadores Saint Chaumond persigue el ideal de inculcar en las j\u00f3venes que le son encomendadas el deseo de crecer en su vida de fe, y convertirse as\u00ed en disc\u00edpulos de Cristo en el mundo contempor\u00e1neo. Alenta a las alumnas a crecer espiritual, intelectual y humanamente, de acuerdo con la tradici\u00f3n de [&hellip;]","og_url":"https:\/\/saintchaumond.es\/es\/equipo-educativo\/","og_site_name":"Saint Chaumond","article_modified_time":"2018-06-04T13:33:03+00:00","twitter_card":"summary_large_image","twitter_misc":{"Tiempo de lectura":"5 minutos"},"schema":{"@context":"https:\/\/schema.org","@graph":[{"@type":"WebPage","@id":"https:\/\/saintchaumond.es\/es\/equipo-educativo\/","url":"https:\/\/saintchaumond.es\/es\/equipo-educativo\/","name":"Equipo Educativo - Saint Chaumond","isPartOf":{"@id":"https:\/\/saintchaumond.es\/es\/#website"},"datePublished":"2018-01-30T12:20:36+00:00","dateModified":"2018-06-04T13:33:03+00:00","breadcrumb":{"@id":"https:\/\/saintchaumond.es\/es\/equipo-educativo\/#breadcrumb"},"inLanguage":"es","potentialAction":[{"@type":"ReadAction","target":["https:\/\/saintchaumond.es\/es\/equipo-educativo\/"]}]},{"@type":"BreadcrumbList","@id":"https:\/\/saintchaumond.es\/es\/equipo-educativo\/#breadcrumb","itemListElement":[{"@type":"ListItem","position":1,"name":"Portada","item":"https:\/\/saintchaumond.es\/"},{"@type":"ListItem","position":2,"name":"Equipo Educativo"}]},{"@type":"WebSite","@id":"https:\/\/saintchaumond.es\/es\/#website","url":"https:\/\/saintchaumond.es\/es\/","name":"Saint Chaumond","description":"Union-Chr\u00e9tienne de Saint Chaumond","publisher":{"@id":"https:\/\/saintchaumond.es\/es\/#organization"},"potentialAction":[{"@type":"SearchAction","target":{"@type":"EntryPoint","urlTemplate":"https:\/\/saintchaumond.es\/es\/?s={search_term_string}"},"query-input":{"@type":"PropertyValueSpecification","valueRequired":true,"valueName":"search_term_string"}}],"inLanguage":"es"},{"@type":"Organization","@id":"https:\/\/saintchaumond.es\/es\/#organization","name":"Saint Chaumond","url":"https:\/\/saintchaumond.es\/es\/","logo":{"@type":"ImageObject","inLanguage":"es","@id":"https:\/\/saintchaumond.es\/es\/#\/schema\/logo\/image\/","url":"https:\/\/saintchaumond.es\/wp-content\/uploads\/2023\/01\/UXSC2022_Circular_Color.png","contentUrl":"https:\/\/saintchaumond.es\/wp-content\/uploads\/2023\/01\/UXSC2022_Circular_Color.png","width":1157,"height":1172,"caption":"Saint Chaumond"},"image":{"@id":"https:\/\/saintchaumond.es\/es\/#\/schema\/logo\/image\/"}}]}},"_links":{"self":[{"href":"https:\/\/saintchaumond.es\/es\/wp-json\/wp\/v2\/pages\/205109","targetHints":{"allow":["GET"]}}],"collection":[{"href":"https:\/\/saintchaumond.es\/es\/wp-json\/wp\/v2\/pages"}],"about":[{"href":"https:\/\/saintchaumond.es\/es\/wp-json\/wp\/v2\/types\/page"}],"author":[{"embeddable":true,"href":"https:\/\/saintchaumond.es\/es\/wp-json\/wp\/v2\/users\/1"}],"replies":[{"embeddable":true,"href":"https:\/\/saintchaumond.es\/es\/wp-json\/wp\/v2\/comments?post=205109"}],"version-history":[{"count":17,"href":"https:\/\/saintchaumond.es\/es\/wp-json\/wp\/v2\/pages\/205109\/revisions"}],"predecessor-version":[{"id":205684,"href":"https:\/\/saintchaumond.es\/es\/wp-json\/wp\/v2\/pages\/205109\/revisions\/205684"}],"wp:attachment":[{"href":"https:\/\/saintchaumond.es\/es\/wp-json\/wp\/v2\/media?parent=205109"}],"curies":[{"name":"wp","href":"https:\/\/api.w.org\/{rel}","templated":true}]}}